{"id":109724,"date":"2023-12-25T02:48:20","date_gmt":"2023-12-25T01:48:20","guid":{"rendered":"https:\/\/one-horizon.ch\/imprint\/"},"modified":"2024-08-30T22:32:56","modified_gmt":"2024-08-30T20:32:56","slug":"imprint","status":"publish","type":"page","link":"https:\/\/one-horizon.ch\/en\/imprint\/","title":{"rendered":"Imprint"},"content":{"rendered":"<h1>Imprint<\/h1>\n<h2>Responsible for the content of the pages<\/h2>\n<h3>Contact address<\/h3>\n<p>E-Mail: <a href=\"mailto:kontakt@neo-horizon.com\" data-auto-recognition=\"true\">kontakt@neo-horizon.com<\/a>E-mail: <a href=\"mailto:kontakt@neo-horizon.com\" data-auto-recognition=\"true\">kontakt@neo-horizon.com<\/a>mailto:kontakt@neo-horizon.commailto:kontakt@neo-horizon.comtruetrueVertretungsberechtigte PersonAuthorized representativeNeo Bastian Abgottspon, Gesch\u00e4ftsf\u00fchrer mit EinzelunterschriftNeo Bastian Abgottspon, Managing Director with sole signatureHandelsregister-EintragCommercial register entryEingetragener Firmenname: Neo Horizon GmbHRegistered company name: Neo Horizon GmbHUnternehmens-Nr (UID): CHE-397.164.115Company number (UID): CHE-397.164.115MwSt-NummerVAT numberMwSt-Nr: CHE-397.164.115 MWSTVAT number: CHE-397.164.115 VAT\u200bHaftungsausschlussDisclaimerDer Autor \u00fcbernimmt keinerlei Gew\u00e4hr hinsichtlich der inhaltlichen Richtigkeit, Genauigkeit, Aktualit\u00e4t, Zuverl\u00e4ssigkeit und Vollst\u00e4ndigkeit der Informationen.The author assumes no liability whatsoever with regard to the correctness, accuracy, up-to-dateness, reliability and completeness of the information.\u200bHaftungsanspr\u00fcche gegen den Autor wegen Sch\u00e4den materieller oder immaterieller Art, welche aus dem Zugriff oder der Nutzung bzw. Nichtnutzung der ver\u00f6ffentlichten Informationen, durch Missbrauch der Verbindung oder durch technische St\u00f6rungen entstanden sind, werden ausgeschlossen.Liability claimsagainst the author for damages of a material or immaterial nature arising from access to or use or non-use of the published information, misuse of the connection or technical faults are excluded.Alle Angebote sind unverbindlich.All offers are non-binding.Der Autor beh\u00e4lt es sich ausdr\u00fccklich vor, Teile der Seiten oder das gesamte Angebot ohne besondere Ank\u00fcndigung zu ver\u00e4ndern, zu erg\u00e4nzen, zu l\u00f6schen oder die Ver\u00f6ffentlichung zeitweise oder endg\u00fcltig einzustellen.The author expressly reserves the right to change, supplement or delete parts of the pages or the entire offer without special notice or to cease publication temporarily or permanently.Haftungsausschluss f\u00fcr LinksDisclaimer for linksVerweise und Links auf Webseiten Dritter liegen ausserhalb unseres Verantwortungsbereichs.References and links to third-party websites are outside our area of responsibility.Es wird jegliche Verantwortung f\u00fcr solche Webseiten abgelehnt.Any responsibility for such websites is rejected.Der Zugriff und die Nutzung solcher Webseiten erfolgen auf eigene Gefahr des jeweiligen Nutzers.Access to and use of such websites is at the user&#8217;s own risk.DatenschutzData protectionF\u00fcr die Sicherheit der Daten\u00fcbertragung im Internet k\u00f6nnen wir keine Gew\u00e4hr \u00fcbernehmen, insbesondere besteht bei der \u00dcbertragung von Daten per E-Mail die Gefahr des Zugriffs durch Dritte.We cannot accept any liability for the security of data transmission on the Internet; in particular, there is a risk of access by third parties when data is transmitted by e-mail.Einer Nutzung der im Impressum ver\u00f6ffentlichten Kontaktdaten durch Dritte zu Werbezwecken wird hiermit ausdr\u00fccklich widersprochen.The use of the contact data published in the legal notice by third parties for advertising purposes is hereby expressly prohibited.Der Betreiber beh\u00e4lt sich f\u00fcr den Fall unverlangt zugesandter Werbe- oder Informationsmaterialien ausdr\u00fccklich rechtliche Schritte vor.The operator expressly reserves the right to take legal action in the event of unsolicited advertising or information material being sent.Sollten einzelne Regelungen oder Formulierungen dieses Haftungsausschlusses unwirksam sein oder werden, bleiben die \u00fcbrigen Regelungen in ihrem Inhalt und ihrer G\u00fcltigkeit hiervon unber\u00fchrt.Should individual provisions or formulations of this disclaimer be or become invalid, this shall not affect the content or validity of the remaining provisions.Widerspruch gegen WerbezweckeObjection to advertising purposesEiner Nutzung der im Impressum ver\u00f6ffentlichten Kontaktdaten durch Dritte zu Werbezwecken wird hiermit ausdr\u00fccklich widersprochen.The use of the contact data published in the legal notice by third parties for advertising purposes is hereby expressly prohibited.Der Betreiber beh\u00e4lt sich f\u00fcr den Fall unverlangt zugesandter Werbe- oder Informationsmaterialien ausdr\u00fccklich rechtliche Schritte vor.The operator expressly reserves the right to take legal action in the event of unsolicited advertising or information material being sent.UrheberrechtCopyrightAlle Inhalte dieser Webseite, einschliesslich Texte, Bilder, Grafiken, Sound- und Videodateien, sind urheberrechtlich gesch\u00fctzt.All contents of this website, including texts, images, graphics, sound and video files, are protected by copyright.Das Urheberrecht liegt, soweit nicht ausdr\u00fccklich anders gekennzeichnet, bei Neo Horizon GmbH oder den Partnern.Unless expressly indicated otherwise, the copyright lies with Neo Horizon GmbH or its partners.Sollten einzelne Regelungen oder Formulierungen dieses Haftungsausschlusses unwirksam sein oder werden, bleiben die \u00fcbrigen Regelungen in ihrem Inhalt und ihrer G\u00fcltigkeit hiervon unber\u00fchrt.Should individual provisions or formulations of this disclaimer be or become invalid, this shall not affect the content or validity of the remaining provisions.<\/p>\n<p>E-mail: <a href=\"mailto:kontakt@neo-horizon.com\" data-auto-recognition=\"true\">kontakt@neo-horizon.com<\/a><\/p>\n<h3>Authorized representative<\/h3>\n<p>Neo Bastian Abgottspon, Managing Director with sole signature<\/p>\n<h3>Commercial register entry<\/h3>\n<p>Registered company name: Neo Horizon GmbH<\/p>\n<p>Company number (UID): CHE-397.164.115<\/p>\n<h3>VAT number<\/h3>\n<p>VAT number: CHE-397.164.115 VAT<\/p>\n<h2>Disclaimer<\/h2>\n<p>The author assumes no liability whatsoever with regard to the correctness, accuracy, up-to-dateness, reliability and completeness of the information.<\/p>\n<p>Liability claimsagainst the author for damages of a material or immaterial nature arising from access to or use or non-use of the published information, misuse of the connection or technical faults are excluded.<\/p>\n<p>All offers are non-binding. The author expressly reserves the right to change, supplement or delete parts of the pages or the entire offer without special notice or to cease publication temporarily or permanently.<\/p>\n<h2>Disclaimer for links<\/h2>\n<p>References and links to third-party websites are outside our area of responsibility. Any responsibility for such websites is rejected. Access to and use of such websites is at the user&#8217;s own risk.<\/p>\n<h2>Data protection<\/h2>\n<p>We cannot accept any liability for the security of data transmission on the Internet; in particular, there is a risk of access by third parties when data is transmitted by e-mail.<\/p>\n<p>The use of the contact data published in the legal notice by third parties for advertising purposes is hereby expressly prohibited. The operator expressly reserves the right to take legal action in the event of unsolicited advertising or information material being sent.<\/p>\n<p>Should individual provisions or formulations of this disclaimer be or become invalid, this shall not affect the content or validity of the remaining provisions.<\/p>\n<h2>Objection to advertising purposes<\/h2>\n<p>The use of the contact data published in the legal notice by third parties for advertising purposes is hereby expressly prohibited. The operator expressly reserves the right to take legal action in the event of unsolicited advertising or information material being sent.<\/p>\n<h2>Copyright<\/h2>\n<p>All contents of this website, including texts, images, graphics, sound and video files, are protected by copyright. Unless expressly indicated otherwise, the copyright lies with Neo Horizon GmbH or its partners.<\/p>\n<p>Should individual provisions or formulations of this disclaimer be or become invalid, this shall not affect the content or validity of the remaining provisions.<\/p>\n","protected":false},"excerpt":{"rendered":"<p>Imprint Responsible for the content of the pages Contact address E-Mail: kontakt@neo-horizon.comE-mail: kontakt@neo-horizon.commailto:kontakt@neo-horizon.commailto:kontakt@neo-horizon.comtruetrueVertretungsberechtigte PersonAuthorized representativeNeo Bastian Abgottspon, Gesch\u00e4ftsf\u00fchrer mit EinzelunterschriftNeo Bastian Abgottspon, Managing Director with sole signatureHandelsregister-EintragCommercial register entryEingetragener Firmenname: Neo Horizon GmbHRegistered company name: Neo Horizon GmbHUnternehmens-Nr (UID): CHE-397.164.115Company number (UID): CHE-397.164.115MwSt-NummerVAT numberMwSt-Nr: CHE-397.164.115 MWSTVAT number: CHE-397.164.115 VAT\u200bHaftungsausschlussDisclaimerDer Autor \u00fcbernimmt keinerlei Gew\u00e4hr hinsichtlich der [&hellip;]<\/p>\n","protected":false},"author":1,"featured_media":0,"parent":0,"menu_order":0,"comment_status":"closed","ping_status":"closed","template":"","meta":{"_acf_changed":false,"footnotes":""},"class_list":["post-109724","page","type-page","status-publish","hentry"],"acf":[],"_links":{"self":[{"href":"https:\/\/one-horizon.ch\/en\/wp-json\/wp\/v2\/pages\/109724","targetHints":{"allow":["GET"]}}],"collection":[{"href":"https:\/\/one-horizon.ch\/en\/wp-json\/wp\/v2\/pages"}],"about":[{"href":"https:\/\/one-horizon.ch\/en\/wp-json\/wp\/v2\/types\/page"}],"author":[{"embeddable":true,"href":"https:\/\/one-horizon.ch\/en\/wp-json\/wp\/v2\/users\/1"}],"replies":[{"embeddable":true,"href":"https:\/\/one-horizon.ch\/en\/wp-json\/wp\/v2\/comments?post=109724"}],"version-history":[{"count":0,"href":"https:\/\/one-horizon.ch\/en\/wp-json\/wp\/v2\/pages\/109724\/revisions"}],"wp:attachment":[{"href":"https:\/\/one-horizon.ch\/en\/wp-json\/wp\/v2\/media?parent=109724"}],"curies":[{"name":"wp","href":"https:\/\/api.w.org\/{rel}","templated":true}]}}