{"id":113768,"date":"2026-03-14T12:01:35","date_gmt":"2026-03-14T11:01:35","guid":{"rendered":"https:\/\/one-horizon.ch\/product\/nacov-7-1\/"},"modified":"2026-03-14T12:01:35","modified_gmt":"2026-03-14T11:01:35","slug":"nacov-7-1","status":"publish","type":"product","link":"https:\/\/one-horizon.ch\/en\/product\/nacov-7-1\/","title":{"rendered":"NACOV 7.1"},"content":{"rendered":"<p>The NACOV 7.1 from 7clouds combines sustainable design with maximum functionality &#8211; the perfect backpack for environmentally conscious urban commuters and outdoor adventurers.<\/p>\n<h2>Sustainable, functional and stylish<\/h2>\n<p>Made from <strong>recycled PET (r-PET)<\/strong> inside and out, the NACOV 7.1 is made from 95% recycled raw materials and carries the renowned <strong>GRS certificate (Global Recycled Standard)<\/strong>. The waterproof PU and TPU coating reliably protects the contents and backpack from the elements. <\/p>\n<h2>Sophisticated equipment<\/h2>\n<p><strong>Padded laptop compartment<\/strong> for devices up to 15 inches, two zippered compartments (front and back) and <strong>adjustable shoulder and chest straps<\/strong> ensure maximum carrying comfort and optimum use of space.<\/p>\n<h2>Technical data<\/h2>\n<ul>\n<li>Volume: 20 liters<\/li>\n<li>Dimensions (W \u00d7 H \u00d7 D): 28 \u00d7 45 \u00d7 17 cm<\/li>\n<li>Weight: 650 g<\/li>\n<li>Laptop compartment: up to 15 inches<\/li>\n<li>Outer material: r-PET with waterproof PU coating (Tarpaulin) and TPU coating<\/li>\n<li>Material inside: r-PET<\/li>\n<li>Zippers: YKK Japan<\/li>\n<li>Certificates: GRS, amfori BSCI, T\u00dcV Rheinland<\/li>\n<li>Manufacture: Handmade in India<\/li>\n<\/ul>\n","protected":false},"excerpt":{"rendered":"<p>Sustainable 7clouds laptop backpack made from recycled PET (r-PET) with a volume of 20 liters, waterproof coating and laptop compartment up to 15 inches &#8211; ideal for everyday use in the city and short hiking tours.<\/p>\n","protected":false},"featured_media":112643,"comment_status":"closed","ping_status":"closed","template":"","meta":{"_acf_changed":false},"product_brand":[2983],"product_cat":[886],"product_tag":[],"class_list":{"0":"post-113768","1":"product","2":"type-product","3":"status-publish","4":"has-post-thumbnail","6":"product_brand-7clouds","7":"product_cat-backpacks","8":"pa_farbe-black-en-2","9":"pa_farbe-gray-camel","10":"pa_farbe-jungle-green-dark-green","11":"pa_farbe-white-off-white","13":"first","14":"onbackorder","15":"taxable","16":"shipping-taxable","17":"purchasable","18":"product-type-variable"},"acf":[],"_links":{"self":[{"href":"https:\/\/one-horizon.ch\/en\/wp-json\/wp\/v2\/product\/113768","targetHints":{"allow":["GET"]}}],"collection":[{"href":"https:\/\/one-horizon.ch\/en\/wp-json\/wp\/v2\/product"}],"about":[{"href":"https:\/\/one-horizon.ch\/en\/wp-json\/wp\/v2\/types\/product"}],"replies":[{"embeddable":true,"href":"https:\/\/one-horizon.ch\/en\/wp-json\/wp\/v2\/comments?post=113768"}],"wp:featuredmedia":[{"embeddable":true,"href":"https:\/\/one-horizon.ch\/en\/wp-json\/wp\/v2\/media\/112643"}],"wp:attachment":[{"href":"https:\/\/one-horizon.ch\/en\/wp-json\/wp\/v2\/media?parent=113768"}],"wp:term":[{"taxonomy":"product_brand","embeddable":true,"href":"https:\/\/one-horizon.ch\/en\/wp-json\/wp\/v2\/product_brand?post=113768"},{"taxonomy":"product_cat","embeddable":true,"href":"https:\/\/one-horizon.ch\/en\/wp-json\/wp\/v2\/product_cat?post=113768"},{"taxonomy":"product_tag","embeddable":true,"href":"https:\/\/one-horizon.ch\/en\/wp-json\/wp\/v2\/product_tag?post=113768"}],"curies":[{"name":"wp","href":"https:\/\/api.w.org\/{rel}","templated":true}]}}