{"id":121579,"date":"2026-05-03T13:26:00","date_gmt":"2026-05-03T11:26:00","guid":{"rendered":"https:\/\/one-horizon.ch\/product\/glasdose\/"},"modified":"2026-05-03T13:26:00","modified_gmt":"2026-05-03T11:26:00","slug":"glasdose","status":"publish","type":"product","link":"https:\/\/one-horizon.ch\/en\/product\/glasdose\/","title":{"rendered":"Glass jar"},"content":{"rendered":"<p>&gt;<br \/>\n  Glass jar with a lid in a contrasting color. The jar can be used as a pretty bonbonni\u00e8re, for jewelry or other small items in many areas of the home. Available in various sizes and colors. Dimensions: S: H 13.5 cm, \u00d8 13 cm M: H 16 cm, \u00d8 14 cm L: H 18.4 cm, \u00d8 15 cm   <\/p>\n","protected":false},"excerpt":{"rendered":"<p>Glass jar with wooden lid &#8211; airtight and aesthetic, in two sizes.<\/p>\n","protected":false},"featured_media":121828,"comment_status":"open","ping_status":"closed","template":"","meta":{"_acf_changed":false},"product_brand":[3040],"product_cat":[1278],"product_tag":[],"class_list":{"0":"post-121579","1":"product","2":"type-product","3":"status-publish","4":"has-post-thumbnail","6":"product_brand-remember","7":"product_cat-tableware","9":"first","10":"onbackorder","11":"taxable","12":"shipping-taxable","13":"purchasable","14":"product-type-variable"},"acf":[],"_links":{"self":[{"href":"https:\/\/one-horizon.ch\/en\/wp-json\/wp\/v2\/product\/121579","targetHints":{"allow":["GET"]}}],"collection":[{"href":"https:\/\/one-horizon.ch\/en\/wp-json\/wp\/v2\/product"}],"about":[{"href":"https:\/\/one-horizon.ch\/en\/wp-json\/wp\/v2\/types\/product"}],"replies":[{"embeddable":true,"href":"https:\/\/one-horizon.ch\/en\/wp-json\/wp\/v2\/comments?post=121579"}],"wp:featuredmedia":[{"embeddable":true,"href":"https:\/\/one-horizon.ch\/en\/wp-json\/wp\/v2\/media\/121828"}],"wp:attachment":[{"href":"https:\/\/one-horizon.ch\/en\/wp-json\/wp\/v2\/media?parent=121579"}],"wp:term":[{"taxonomy":"product_brand","embeddable":true,"href":"https:\/\/one-horizon.ch\/en\/wp-json\/wp\/v2\/product_brand?post=121579"},{"taxonomy":"product_cat","embeddable":true,"href":"https:\/\/one-horizon.ch\/en\/wp-json\/wp\/v2\/product_cat?post=121579"},{"taxonomy":"product_tag","embeddable":true,"href":"https:\/\/one-horizon.ch\/en\/wp-json\/wp\/v2\/product_tag?post=121579"}],"curies":[{"name":"wp","href":"https:\/\/api.w.org\/{rel}","templated":true}]}}