{"id":109684,"date":"2023-12-25T01:44:34","date_gmt":"2023-12-25T00:44:34","guid":{"rendered":"https:\/\/one-horizon.ch\/declaration-de-confidentialite\/"},"modified":"2024-08-30T22:32:40","modified_gmt":"2024-08-30T20:32:40","slug":"declaration-de-confidentialite","status":"publish","type":"page","link":"https:\/\/one-horizon.ch\/fr\/declaration-de-confidentialite\/","title":{"rendered":"D\u00e9claration de confidentialit\u00e9"},"content":{"rendered":"<h1>D\u00e9claration de confidentialit\u00e9 de One Horizon<\/h1>\n<\/p>\n<h2><strong>Entit\u00e9 responsable<\/strong><\/h2>\n<p>Le responsable du traitement des donn\u00e9es sur ce site est :<\/p>\n<p>Neo Horizon GmbH  <\/p>\n<p>31, rue du Canal Est  <\/p>\n<p>3942 Raron  <\/p>\n<p>Suisse  <\/p>\n<p>kontakt@neohorizon.com  <\/p>\n<\/p>\n<h2><strong>Collecte et traitement des donn\u00e9es<\/strong><\/h2>\n<p><strong>Collecte automatique des donn\u00e9es<\/strong><\/p>\n<p>Lorsque vous visitez notre site web, des informations g\u00e9n\u00e9rales sont automatiquement collect\u00e9es, par exemple, l&#8217;adresse IP, le navigateur utilis\u00e9, le syst\u00e8me d&#8217;exploitation. Ces informations ne seront pas utilis\u00e9es pour vous identifier personnellement sans votre consentement explicite. Ils servent uniquement \u00e0 l&#8217;\u00e9valuation statistique de l&#8217;utilisation de notre site web.<\/p>\n<\/p>\n<p><strong>Cookies<\/strong><\/p>\n<p>Notre site web utilise des cookies pour am\u00e9liorer l&#8217;exp\u00e9rience de l&#8217;utilisateur. Les cookies sont de petits fichiers texte qui sont stock\u00e9s sur votre ordinateur et qui contiennent certaines informations. Vous pouvez d\u00e9sactiver l&#8217;utilisation de cookies dans les param\u00e8tres de votre navigateur.<\/p>\n<\/p>\n<p><strong>Donn\u00e9es relatives aux commandes<\/strong><\/p>\n<p>Lorsque vous passez une commande dans notre boutique en ligne, nous collectons les donn\u00e9es personnelles n\u00e9cessaires au traitement de la commande, y compris le nom, l&#8217;adresse, l&#8217;adresse e-mail, les informations de paiement et l&#8217;historique des commandes.<\/p>\n<\/p>\n<p><strong>Formulaires de contact et e-mails<\/strong><\/p>\n<p>Si vous nous envoyez des demandes par formulaire de contact ou par e-mail, les informations que vous avez fournies dans le formulaire de demande ou dans votre e-mail, y compris les donn\u00e9es de contact que vous y avez indiqu\u00e9es, seront enregistr\u00e9es chez nous pour le traitement de la demande et en cas de questions de suivi.<\/p>\n<\/p>\n<h2>Finalit\u00e9 du traitement des donn\u00e9es<\/h2>\n<\/p>\n<p>Nous traitons vos donn\u00e9es \u00e0 caract\u00e8re personnel aux fins suivantes :<\/p>\n<ul>\n<li>Ex\u00e9cution des contrats, notamment des commandes<\/li>\n<li>Communication et support client<\/li>\n<li>Am\u00e9lioration et personnalisation de notre site web<\/li>\n<li>Respect des obligations l\u00e9gales<\/li>\n<li>Utilisation de Google Ads pour diffuser des publicit\u00e9s personnalis\u00e9es  <\/li>\n<\/ul>\n<h2>Transfert de donn\u00e9es \u00e0 des tiers<\/h2>\n<p>Nous ne transmettons vos donn\u00e9es \u00e0 des tiers que si cela est n\u00e9cessaire \u00e0 l&#8217;ex\u00e9cution du contrat, par exemple \u00e0 des prestataires de services de paiement, ou si nous y sommes contraints par la loi. Dans tous les cas, nous garantissons que les normes appropri\u00e9es de protection des donn\u00e9es sont respect\u00e9es.<\/p>\n<\/p>\n<p><strong>Google Ads<\/strong><\/p>\n<p>Nous utilisons Google Ads pour diffuser des annonces dans les r\u00e9sultats de recherche Google et sur le r\u00e9seau publicitaire Google. Dans ce cadre, Google et ses partenaires peuvent placer des cookies sur votre ordinateur afin de diffuser des annonces en fonction de vos pr\u00e9c\u00e9dentes visites sur notre site et sur d&#8217;autres sites. Vous pouvez d\u00e9sactiver l&#8217;utilisation des cookies par Google en modifiant les param\u00e8tres appropri\u00e9s de votre navigateur ou en installant l&#8217;extension de navigateur Google Analytics Opt-Out.<\/p>\n<\/p>\n<h2><strong>S\u00e9curit\u00e9 des donn\u00e9es<\/strong><\/h2>\n<p>Nous prenons des mesures de s\u00e9curit\u00e9 techniques et organisationnelles appropri\u00e9es pour prot\u00e9ger vos donn\u00e9es contre tout acc\u00e8s non autoris\u00e9, toute perte ou toute manipulation.<\/p>\n<\/p>\n<h2><strong>Vos droits<\/strong><\/h2>\n<p>Vous avez le droit d&#8217;obtenir des informations sur les donn\u00e9es personnelles que nous d\u00e9tenons \u00e0 votre sujet. En outre, vous avez le droit de demander la rectification, l&#8217;effacement, la limitation du traitement ainsi que la portabilit\u00e9 de vos donn\u00e9es personnelles.<\/p>\n<\/p>\n<h2><strong>Droit d&#8217;acc\u00e8s et coordonn\u00e9es<\/strong><\/h2>\n<p>Si vous avez des questions sur le traitement de vos donn\u00e9es personnelles ou sur la protection des donn\u00e9es, vous pouvez nous contacter \u00e0 tout moment :<\/p>\n<p>Neo Horizon GmbH  <\/p>\n<p>31, rue du Canal Est  <\/p>\n<p>3942 Raron  <\/p>\n<p>Suisse  <\/p>\n<p>legal@one-horizon.ch  <\/p>\n<\/p>\n<h2><strong>Modifications de la pr\u00e9sente d\u00e9claration de confidentialit\u00e9<\/strong><\/h2>\n<p>Cette d\u00e9claration de confidentialit\u00e9 est r\u00e9guli\u00e8rement revue et mise \u00e0 jour si n\u00e9cessaire. Toute modification sera publi\u00e9e sur ce site.<\/p>\n<p>Mise \u00e0 jour : 3 juillet 2024<\/p>\n","protected":false},"excerpt":{"rendered":"<p>D\u00e9claration de confidentialit\u00e9 de One Horizon Entit\u00e9 responsable Le responsable du traitement des donn\u00e9es sur ce site est : Neo Horizon GmbH 31, rue du Canal Est 3942 Raron Suisse kontakt@neohorizon.com Collecte et traitement des donn\u00e9es Collecte automatique des donn\u00e9es Lorsque vous visitez notre site web, des informations g\u00e9n\u00e9rales sont automatiquement collect\u00e9es, par exemple, l&#8217;adresse [&hellip;]<\/p>\n","protected":false},"author":1,"featured_media":0,"parent":0,"menu_order":0,"comment_status":"closed","ping_status":"closed","template":"","meta":{"_acf_changed":false,"footnotes":""},"class_list":["post-109684","page","type-page","status-publish","hentry"],"acf":[],"_links":{"self":[{"href":"https:\/\/one-horizon.ch\/fr\/wp-json\/wp\/v2\/pages\/109684","targetHints":{"allow":["GET"]}}],"collection":[{"href":"https:\/\/one-horizon.ch\/fr\/wp-json\/wp\/v2\/pages"}],"about":[{"href":"https:\/\/one-horizon.ch\/fr\/wp-json\/wp\/v2\/types\/page"}],"author":[{"embeddable":true,"href":"https:\/\/one-horizon.ch\/fr\/wp-json\/wp\/v2\/users\/1"}],"replies":[{"embeddable":true,"href":"https:\/\/one-horizon.ch\/fr\/wp-json\/wp\/v2\/comments?post=109684"}],"version-history":[{"count":0,"href":"https:\/\/one-horizon.ch\/fr\/wp-json\/wp\/v2\/pages\/109684\/revisions"}],"wp:attachment":[{"href":"https:\/\/one-horizon.ch\/fr\/wp-json\/wp\/v2\/media?parent=109684"}],"curies":[{"name":"wp","href":"https:\/\/api.w.org\/{rel}","templated":true}]}}