{"id":109704,"date":"2024-03-23T18:35:18","date_gmt":"2024-03-23T17:35:18","guid":{"rendered":"https:\/\/one-horizon.ch\/apercu-des-marques\/"},"modified":"2025-11-01T14:26:27","modified_gmt":"2025-11-01T13:26:27","slug":"apercu-des-marques","status":"publish","type":"page","link":"https:\/\/one-horizon.ch\/fr\/apercu-des-marques\/","title":{"rendered":"Aper\u00e7u des marques"},"content":{"rendered":"\n<h1 class=\"wp-block-heading has-text-align-center\">Aper\u00e7u des marques<\/h1>\n\n\n\n<p class=\"has-text-align-center\">D\u00e9couvrez nos marques ! Nous accordons une grande importance \u00e0 la s\u00e9lection de nos marques, qui r\u00e9pondent \u00e0 nos normes de qualit\u00e9. Les marques suivantes ne repr\u00e9sentent qu\u2019une petite partie de notre gamme de produits, que nous \u00e9largissons continuellement pour vous. La qualit\u00e9 est notre priorit\u00e9.<\/p>\n\n\n\n<figure class=\"wp-block-gallery has-nested-images columns-5 wp-block-gallery-1 is-layout-flex wp-block-gallery-is-layout-flex\" id=\"brand_gallery\">\n<figure class=\"wp-block-image size-medium is-style-default\"><a href=\"https:\/\/one-horizon.ch\/wp-content\/uploads\/2024\/05\/Orbitkey-Logo-One-Horizon.png\"><img loading=\"lazy\" decoding=\"async\" width=\"300\" height=\"200\" data-id=\"98517\" src=\"https:\/\/one-horizon.ch\/wp-content\/uploads\/2024\/05\/Orbitkey-Logo-One-Horizon-300x200.png\" alt=\"Orbitkey Logo bei One Horizon\" class=\"wp-image-98517\" srcset=\"https:\/\/one-horizon.ch\/wp-content\/uploads\/2024\/05\/Orbitkey-Logo-One-Horizon-300x200.png 300w, https:\/\/one-horizon.ch\/wp-content\/uploads\/2024\/05\/Orbitkey-Logo-One-Horizon-768x512.png 768w, https:\/\/one-horizon.ch\/wp-content\/uploads\/2024\/05\/Orbitkey-Logo-One-Horizon.png 1000w\" sizes=\"auto, (max-width: 300px) 100vw, 300px\" \/><\/a><\/figure>\n\n\n\n<figure class=\"wp-block-image size-medium\"><a href=\"https:\/\/one-horizon.ch\/wp-content\/uploads\/2024\/05\/Stilform-Logo-One-Horizon.png\"><img loading=\"lazy\" decoding=\"async\" width=\"300\" height=\"200\" data-id=\"98444\" src=\"https:\/\/one-horizon.ch\/wp-content\/uploads\/2024\/05\/Stilform-Logo-One-Horizon-300x200.png\" alt=\"Stilform Logo bei One Horizon\" class=\"wp-image-98444\" srcset=\"https:\/\/one-horizon.ch\/wp-content\/uploads\/2024\/05\/Stilform-Logo-One-Horizon-300x200.png 300w, https:\/\/one-horizon.ch\/wp-content\/uploads\/2024\/05\/Stilform-Logo-One-Horizon-768x512.png 768w, https:\/\/one-horizon.ch\/wp-content\/uploads\/2024\/05\/Stilform-Logo-One-Horizon.png 1000w\" sizes=\"auto, (max-width: 300px) 100vw, 300px\" \/><\/a><\/figure>\n\n\n\n<figure class=\"wp-block-image size-medium\"><a href=\"https:\/\/one-horizon.ch\/wp-content\/uploads\/2024\/05\/Ucon-Acrobatics-Logo-One-Hoirzon.png\"><img loading=\"lazy\" decoding=\"async\" width=\"300\" height=\"200\" data-id=\"98438\" src=\"https:\/\/one-horizon.ch\/wp-content\/uploads\/2024\/05\/Ucon-Acrobatics-Logo-One-Hoirzon-300x200.png\" alt=\"Ucon Acrobatics Logo bei One Horizon\" class=\"wp-image-98438\" srcset=\"https:\/\/one-horizon.ch\/wp-content\/uploads\/2024\/05\/Ucon-Acrobatics-Logo-One-Hoirzon-300x200.png 300w, https:\/\/one-horizon.ch\/wp-content\/uploads\/2024\/05\/Ucon-Acrobatics-Logo-One-Hoirzon-768x512.png 768w, https:\/\/one-horizon.ch\/wp-content\/uploads\/2024\/05\/Ucon-Acrobatics-Logo-One-Hoirzon.png 1000w\" sizes=\"auto, (max-width: 300px) 100vw, 300px\" \/><\/a><\/figure>\n\n\n\n<figure class=\"wp-block-image size-medium\"><a href=\"https:\/\/one-horizon.ch\/wp-content\/uploads\/2024\/05\/Zunder-Logo-One-Horizon.png\"><img loading=\"lazy\" decoding=\"async\" width=\"300\" height=\"200\" data-id=\"98441\" src=\"https:\/\/one-horizon.ch\/wp-content\/uploads\/2024\/05\/Zunder-Logo-One-Horizon-300x200.png\" alt=\"Zahnstocher Logo bei One Horizon\" class=\"wp-image-98441\" srcset=\"https:\/\/one-horizon.ch\/wp-content\/uploads\/2024\/05\/Zunder-Logo-One-Horizon-300x200.png 300w, https:\/\/one-horizon.ch\/wp-content\/uploads\/2024\/05\/Zunder-Logo-One-Horizon-768x512.png 768w, https:\/\/one-horizon.ch\/wp-content\/uploads\/2024\/05\/Zunder-Logo-One-Horizon.png 1000w\" sizes=\"auto, (max-width: 300px) 100vw, 300px\" \/><\/a><\/figure>\n\n\n\n<figure class=\"wp-block-image size-medium\"><a href=\"https:\/\/one-horizon.ch\/wp-content\/uploads\/2024\/05\/Memobottle-Logo-One-Horizon.png\"><img loading=\"lazy\" decoding=\"async\" width=\"300\" height=\"200\" data-id=\"98590\" src=\"https:\/\/one-horizon.ch\/wp-content\/uploads\/2024\/05\/Memobottle-Logo-One-Horizon-300x200.png\" alt=\"Memobottle Logo bei One Horizon\" class=\"wp-image-98590\" srcset=\"https:\/\/one-horizon.ch\/wp-content\/uploads\/2024\/05\/Memobottle-Logo-One-Horizon-300x200.png 300w, https:\/\/one-horizon.ch\/wp-content\/uploads\/2024\/05\/Memobottle-Logo-One-Horizon-768x512.png 768w, https:\/\/one-horizon.ch\/wp-content\/uploads\/2024\/05\/Memobottle-Logo-One-Horizon.png 1000w\" sizes=\"auto, (max-width: 300px) 100vw, 300px\" \/><\/a><\/figure>\n\n\n\n<figure class=\"wp-block-image size-large\"><a href=\"https:\/\/one-horizon.ch\/wp-content\/uploads\/2024\/05\/Margelisch-Logo-One-Horizon.png\"><img loading=\"lazy\" decoding=\"async\" width=\"1000\" height=\"667\" data-id=\"98574\" src=\"https:\/\/one-horizon.ch\/wp-content\/uploads\/2024\/05\/Margelisch-Logo-One-Horizon.png\" alt=\"Margelisch Logo bei One Horizon\" class=\"wp-image-98574\" srcset=\"https:\/\/one-horizon.ch\/wp-content\/uploads\/2024\/05\/Margelisch-Logo-One-Horizon.png 1000w, https:\/\/one-horizon.ch\/wp-content\/uploads\/2024\/05\/Margelisch-Logo-One-Horizon-300x200.png 300w, https:\/\/one-horizon.ch\/wp-content\/uploads\/2024\/05\/Margelisch-Logo-One-Horizon-768x512.png 768w\" sizes=\"auto, (max-width: 1000px) 100vw, 1000px\" \/><\/a><\/figure>\n\n\n\n<figure class=\"wp-block-image size-medium\"><a href=\"https:\/\/one-horizon.ch\/wp-content\/uploads\/2024\/05\/Eulenschnitt-Logo-One-Horizon.png\"><img loading=\"lazy\" decoding=\"async\" width=\"300\" height=\"200\" data-id=\"98514\" src=\"https:\/\/one-horizon.ch\/wp-content\/uploads\/2024\/05\/Eulenschnitt-Logo-One-Horizon-300x200.png\" alt=\"Eulenschnitt Logo bei One Horizon\" class=\"wp-image-98514\" srcset=\"https:\/\/one-horizon.ch\/wp-content\/uploads\/2024\/05\/Eulenschnitt-Logo-One-Horizon-300x200.png 300w, https:\/\/one-horizon.ch\/wp-content\/uploads\/2024\/05\/Eulenschnitt-Logo-One-Horizon-768x512.png 768w, https:\/\/one-horizon.ch\/wp-content\/uploads\/2024\/05\/Eulenschnitt-Logo-One-Horizon.png 1000w\" sizes=\"auto, (max-width: 300px) 100vw, 300px\" \/><\/a><\/figure>\n\n\n\n<figure class=\"wp-block-image size-medium\"><a href=\"https:\/\/one-horizon.ch\/wp-content\/uploads\/2024\/05\/Flikrfire-Logo-One-Horizon.png\"><img loading=\"lazy\" decoding=\"async\" width=\"300\" height=\"200\" data-id=\"98486\" src=\"https:\/\/one-horizon.ch\/wp-content\/uploads\/2024\/05\/Flikrfire-Logo-One-Horizon-300x200.png\" alt=\"Flikr Fire Logo bei One Horizon\" class=\"wp-image-98486\" srcset=\"https:\/\/one-horizon.ch\/wp-content\/uploads\/2024\/05\/Flikrfire-Logo-One-Horizon-300x200.png 300w, https:\/\/one-horizon.ch\/wp-content\/uploads\/2024\/05\/Flikrfire-Logo-One-Horizon-768x512.png 768w, https:\/\/one-horizon.ch\/wp-content\/uploads\/2024\/05\/Flikrfire-Logo-One-Horizon.png 1000w\" sizes=\"auto, (max-width: 300px) 100vw, 300px\" \/><\/a><\/figure>\n\n\n\n<figure class=\"wp-block-image size-medium\"><a href=\"https:\/\/one-horizon.ch\/wp-content\/uploads\/2024\/05\/Notabag-Logo-One-Horizon.png\"><img loading=\"lazy\" decoding=\"async\" width=\"300\" height=\"200\" data-id=\"98432\" src=\"https:\/\/one-horizon.ch\/wp-content\/uploads\/2024\/05\/Notabag-Logo-One-Horizon-300x200.png\" alt=\"Notabag Logo bei One Horizon\" class=\"wp-image-98432\" srcset=\"https:\/\/one-horizon.ch\/wp-content\/uploads\/2024\/05\/Notabag-Logo-One-Horizon-300x200.png 300w, https:\/\/one-horizon.ch\/wp-content\/uploads\/2024\/05\/Notabag-Logo-One-Horizon-768x512.png 768w, https:\/\/one-horizon.ch\/wp-content\/uploads\/2024\/05\/Notabag-Logo-One-Horizon.png 1000w\" sizes=\"auto, (max-width: 300px) 100vw, 300px\" \/><\/a><\/figure>\n\n\n\n<figure class=\"wp-block-image size-medium\"><a href=\"https:\/\/one-horizon.ch\/wp-content\/uploads\/2024\/05\/The-Gift-Label-Logo-One-Horizon.png\"><img loading=\"lazy\" decoding=\"async\" width=\"300\" height=\"200\" data-id=\"98447\" src=\"https:\/\/one-horizon.ch\/wp-content\/uploads\/2024\/05\/The-Gift-Label-Logo-One-Horizon-300x200.png\" alt=\"The Gift Label Logo bei One Horizon\" class=\"wp-image-98447\" srcset=\"https:\/\/one-horizon.ch\/wp-content\/uploads\/2024\/05\/The-Gift-Label-Logo-One-Horizon-300x200.png 300w, https:\/\/one-horizon.ch\/wp-content\/uploads\/2024\/05\/The-Gift-Label-Logo-One-Horizon-768x512.png 768w, https:\/\/one-horizon.ch\/wp-content\/uploads\/2024\/05\/The-Gift-Label-Logo-One-Horizon.png 1000w\" sizes=\"auto, (max-width: 300px) 100vw, 300px\" \/><\/a><\/figure>\n\n\n\n<figure class=\"wp-block-image size-medium\"><a href=\"https:\/\/one-horizon.ch\/wp-content\/uploads\/2024\/05\/Stelton-Logo-One-Horizon.png\"><img loading=\"lazy\" decoding=\"async\" width=\"300\" height=\"200\" data-id=\"98450\" src=\"https:\/\/one-horizon.ch\/wp-content\/uploads\/2024\/05\/Stelton-Logo-One-Horizon-300x200.png\" alt=\"Stelton Logo bei One Horizon\" class=\"wp-image-98450\" srcset=\"https:\/\/one-horizon.ch\/wp-content\/uploads\/2024\/05\/Stelton-Logo-One-Horizon-300x200.png 300w, https:\/\/one-horizon.ch\/wp-content\/uploads\/2024\/05\/Stelton-Logo-One-Horizon-768x512.png 768w, https:\/\/one-horizon.ch\/wp-content\/uploads\/2024\/05\/Stelton-Logo-One-Horizon.png 1000w\" sizes=\"auto, (max-width: 300px) 100vw, 300px\" \/><\/a><\/figure>\n\n\n\n<figure class=\"wp-block-image size-medium\"><a href=\"https:\/\/one-horizon.ch\/wp-content\/uploads\/2024\/05\/7Clouds-Logo-One-Horizon.png\"><img loading=\"lazy\" decoding=\"async\" width=\"300\" height=\"200\" data-id=\"98577\" src=\"https:\/\/one-horizon.ch\/wp-content\/uploads\/2024\/05\/7Clouds-Logo-One-Horizon-300x200.png\" alt=\"7Clouds Logo bei One Horizon\" class=\"wp-image-98577\" srcset=\"https:\/\/one-horizon.ch\/wp-content\/uploads\/2024\/05\/7Clouds-Logo-One-Horizon-300x200.png 300w, https:\/\/one-horizon.ch\/wp-content\/uploads\/2024\/05\/7Clouds-Logo-One-Horizon-768x512.png 768w, https:\/\/one-horizon.ch\/wp-content\/uploads\/2024\/05\/7Clouds-Logo-One-Horizon.png 1000w\" sizes=\"auto, (max-width: 300px) 100vw, 300px\" \/><\/a><\/figure>\n\n\n\n<figure class=\"wp-block-image size-medium\"><a href=\"https:\/\/one-horizon.ch\/wp-content\/uploads\/2024\/05\/Kreafunk-Logo-One-Horizon.png\"><img loading=\"lazy\" decoding=\"async\" width=\"300\" height=\"200\" data-id=\"98593\" src=\"https:\/\/one-horizon.ch\/wp-content\/uploads\/2024\/05\/Kreafunk-Logo-One-Horizon-300x200.png\" alt=\"Kreafunk Logo bei One Horizon\" class=\"wp-image-98593\" srcset=\"https:\/\/one-horizon.ch\/wp-content\/uploads\/2024\/05\/Kreafunk-Logo-One-Horizon-300x200.png 300w, https:\/\/one-horizon.ch\/wp-content\/uploads\/2024\/05\/Kreafunk-Logo-One-Horizon-768x512.png 768w, https:\/\/one-horizon.ch\/wp-content\/uploads\/2024\/05\/Kreafunk-Logo-One-Horizon.png 1000w\" sizes=\"auto, (max-width: 300px) 100vw, 300px\" \/><\/a><\/figure>\n\n\n\n<figure class=\"wp-block-image size-medium\"><a href=\"https:\/\/one-horizon.ch\/wp-content\/uploads\/2024\/05\/Oakywood-Logo-One-Horizon.png\"><img loading=\"lazy\" decoding=\"async\" width=\"300\" height=\"200\" data-id=\"98571\" src=\"https:\/\/one-horizon.ch\/wp-content\/uploads\/2024\/05\/Oakywood-Logo-One-Horizon-300x200.png\" alt=\"Oakywood Logo bei One Horizon\" class=\"wp-image-98571\" srcset=\"https:\/\/one-horizon.ch\/wp-content\/uploads\/2024\/05\/Oakywood-Logo-One-Horizon-300x200.png 300w, https:\/\/one-horizon.ch\/wp-content\/uploads\/2024\/05\/Oakywood-Logo-One-Horizon-768x512.png 768w, https:\/\/one-horizon.ch\/wp-content\/uploads\/2024\/05\/Oakywood-Logo-One-Horizon.png 1000w\" sizes=\"auto, (max-width: 300px) 100vw, 300px\" \/><\/a><\/figure>\n\n\n\n<figure class=\"wp-block-image size-medium\"><a href=\"https:\/\/one-horizon.ch\/wp-content\/uploads\/2024\/05\/RIG-TIC-Logo-One-Horizon.png\"><img loading=\"lazy\" decoding=\"async\" width=\"300\" height=\"200\" data-id=\"98453\" src=\"https:\/\/one-horizon.ch\/wp-content\/uploads\/2024\/05\/RIG-TIC-Logo-One-Horizon-300x200.png\" alt=\"RIG TIG Logo bei One Horizon\" class=\"wp-image-98453\" srcset=\"https:\/\/one-horizon.ch\/wp-content\/uploads\/2024\/05\/RIG-TIC-Logo-One-Horizon-300x200.png 300w, https:\/\/one-horizon.ch\/wp-content\/uploads\/2024\/05\/RIG-TIC-Logo-One-Horizon-768x512.png 768w, https:\/\/one-horizon.ch\/wp-content\/uploads\/2024\/05\/RIG-TIC-Logo-One-Horizon.png 1000w\" sizes=\"auto, (max-width: 300px) 100vw, 300px\" \/><\/a><\/figure>\n\n\n\n<figure class=\"wp-block-image size-medium\"><a href=\"https:\/\/one-horizon.ch\/wp-content\/uploads\/2024\/05\/Raumgestalt-Logo-One-Horizon.png\"><img loading=\"lazy\" decoding=\"async\" width=\"300\" height=\"200\" data-id=\"98526\" src=\"https:\/\/one-horizon.ch\/wp-content\/uploads\/2024\/05\/Raumgestalt-Logo-One-Horizon-300x200.png\" alt=\"Raumgestalt Logo bei One Horizon\" class=\"wp-image-98526\" srcset=\"https:\/\/one-horizon.ch\/wp-content\/uploads\/2024\/05\/Raumgestalt-Logo-One-Horizon-300x200.png 300w, https:\/\/one-horizon.ch\/wp-content\/uploads\/2024\/05\/Raumgestalt-Logo-One-Horizon-768x512.png 768w, https:\/\/one-horizon.ch\/wp-content\/uploads\/2024\/05\/Raumgestalt-Logo-One-Horizon.png 1000w\" sizes=\"auto, (max-width: 300px) 100vw, 300px\" \/><\/a><\/figure>\n\n\n\n<figure class=\"wp-block-image size-medium\"><a href=\"https:\/\/one-horizon.ch\/wp-content\/uploads\/2024\/05\/Areaware-Logo-One-Horizon.png\"><img loading=\"lazy\" decoding=\"async\" width=\"300\" height=\"200\" data-id=\"98435\" src=\"https:\/\/one-horizon.ch\/wp-content\/uploads\/2024\/05\/Areaware-Logo-One-Horizon-300x200.png\" alt=\"Areaware Logo bei One Horizon\" class=\"wp-image-98435\" srcset=\"https:\/\/one-horizon.ch\/wp-content\/uploads\/2024\/05\/Areaware-Logo-One-Horizon-300x200.png 300w, https:\/\/one-horizon.ch\/wp-content\/uploads\/2024\/05\/Areaware-Logo-One-Horizon-768x512.png 768w, https:\/\/one-horizon.ch\/wp-content\/uploads\/2024\/05\/Areaware-Logo-One-Horizon.png 1000w\" sizes=\"auto, (max-width: 300px) 100vw, 300px\" \/><\/a><\/figure>\n\n\n\n<figure class=\"wp-block-image size-medium\"><a href=\"https:\/\/one-horizon.ch\/wp-content\/uploads\/2024\/05\/Chickidee-Logo-One-Horizon.png\"><img loading=\"lazy\" decoding=\"async\" width=\"300\" height=\"200\" data-id=\"98529\" src=\"https:\/\/one-horizon.ch\/wp-content\/uploads\/2024\/05\/Chickidee-Logo-One-Horizon-300x200.png\" alt=\"Chickidee Logo bei One Horizon\" class=\"wp-image-98529\" srcset=\"https:\/\/one-horizon.ch\/wp-content\/uploads\/2024\/05\/Chickidee-Logo-One-Horizon-300x200.png 300w, https:\/\/one-horizon.ch\/wp-content\/uploads\/2024\/05\/Chickidee-Logo-One-Horizon-768x512.png 768w, https:\/\/one-horizon.ch\/wp-content\/uploads\/2024\/05\/Chickidee-Logo-One-Horizon.png 1000w\" sizes=\"auto, (max-width: 300px) 100vw, 300px\" \/><\/a><\/figure>\n\n\n\n<figure class=\"wp-block-image size-medium\"><a href=\"https:\/\/one-horizon.ch\/wp-content\/uploads\/2024\/05\/Hurley-Logo-One-Horizon.png\"><img loading=\"lazy\" decoding=\"async\" width=\"300\" height=\"200\" data-id=\"98489\" src=\"https:\/\/one-horizon.ch\/wp-content\/uploads\/2024\/05\/Hurley-Logo-One-Horizon-300x200.png\" alt=\"Hurley Logo bei One Horizon\" class=\"wp-image-98489\" srcset=\"https:\/\/one-horizon.ch\/wp-content\/uploads\/2024\/05\/Hurley-Logo-One-Horizon-300x200.png 300w, https:\/\/one-horizon.ch\/wp-content\/uploads\/2024\/05\/Hurley-Logo-One-Horizon-768x512.png 768w, https:\/\/one-horizon.ch\/wp-content\/uploads\/2024\/05\/Hurley-Logo-One-Horizon.png 1000w\" sizes=\"auto, (max-width: 300px) 100vw, 300px\" \/><\/a><\/figure>\n<\/figure>\n","protected":false},"excerpt":{"rendered":"<p>Aper\u00e7u des marques D\u00e9couvrez nos marques ! Nous accordons une grande importance \u00e0 la s\u00e9lection de nos marques, qui r\u00e9pondent \u00e0 nos normes de qualit\u00e9. Les marques suivantes ne repr\u00e9sentent qu\u2019une petite partie de notre gamme de produits, que nous \u00e9largissons continuellement pour vous. La qualit\u00e9 est notre priorit\u00e9.<\/p>\n","protected":false},"author":1,"featured_media":0,"parent":0,"menu_order":0,"comment_status":"closed","ping_status":"closed","template":"","meta":{"_acf_changed":false,"footnotes":""},"class_list":["post-109704","page","type-page","status-publish","hentry"],"acf":[],"_links":{"self":[{"href":"https:\/\/one-horizon.ch\/fr\/wp-json\/wp\/v2\/pages\/109704","targetHints":{"allow":["GET"]}}],"collection":[{"href":"https:\/\/one-horizon.ch\/fr\/wp-json\/wp\/v2\/pages"}],"about":[{"href":"https:\/\/one-horizon.ch\/fr\/wp-json\/wp\/v2\/types\/page"}],"author":[{"embeddable":true,"href":"https:\/\/one-horizon.ch\/fr\/wp-json\/wp\/v2\/users\/1"}],"replies":[{"embeddable":true,"href":"https:\/\/one-horizon.ch\/fr\/wp-json\/wp\/v2\/comments?post=109704"}],"version-history":[{"count":0,"href":"https:\/\/one-horizon.ch\/fr\/wp-json\/wp\/v2\/pages\/109704\/revisions"}],"wp:attachment":[{"href":"https:\/\/one-horizon.ch\/fr\/wp-json\/wp\/v2\/media?parent=109704"}],"curies":[{"name":"wp","href":"https:\/\/api.w.org\/{rel}","templated":true}]}}