{"id":109716,"date":"2023-12-25T02:48:20","date_gmt":"2023-12-25T01:48:20","guid":{"rendered":"https:\/\/one-horizon.ch\/mentions-legales\/"},"modified":"2024-08-30T22:32:56","modified_gmt":"2024-08-30T20:32:56","slug":"mentions-legales","status":"publish","type":"page","link":"https:\/\/one-horizon.ch\/fr\/mentions-legales\/","title":{"rendered":"Mentions l\u00e9gales"},"content":{"rendered":"<h1>Mentions l\u00e9gales<\/h1>\n<h2>Responsable du contenu des pages<\/h2>\n<h3>Adresse de contact<\/h3>\n<p>E-Mail: <a href=\"mailto:kontakt@neo-horizon.com\" data-auto-recognition=\"true\">kontakt@neo-horizon.com<\/a>Courrier \u00e9lectronique : <a href=\"mailto:kontakt@neo-horizon.com\" data-auto-recognition=\"true\">kontakt@neo-horizon.com<\/a>mailto:kontakt@neo-horizon.commailto:kontakt@neo-horizon.comtruetrueVertretungsberechtigte PersonPersonne habilit\u00e9e \u00e0 repr\u00e9senter l&#8217;associationNeo Bastian Abgottspon, Gesch\u00e4ftsf\u00fchrer mit EinzelunterschriftNeo Bastian Abgottspon, directeur avec signature individuelleHandelsregister-EintragInscription au registre du commerceEingetragener Firmenname: Neo Horizon GmbHNom de l&#8217;entreprise enregistr\u00e9e : Neo Horizon GmbHUnternehmens-Nr (UID): CHE-397.164.115Num\u00e9ro d&#8217;entreprise (UID) : CHE-397.164.115MwSt-NummerNum\u00e9ro de TVAMwSt-Nr: CHE-397.164.115 MWSTN\u00b0 de TVA : CHE-397.164.115 TVA\u200bHaftungsausschlussClause de non-responsabilit\u00e9Der Autor \u00fcbernimmt keinerlei Gew\u00e4hr hinsichtlich der inhaltlichen Richtigkeit, Genauigkeit, Aktualit\u00e4t, Zuverl\u00e4ssigkeit und Vollst\u00e4ndigkeit der Informationen.L&#8217;auteur n&#8217;assume aucune responsabilit\u00e9 quant \u00e0 la v\u00e9racit\u00e9, l&#8217;exactitude, l&#8217;actualit\u00e9, la fiabilit\u00e9 et l&#8217;exhaustivit\u00e9 du contenu des informations.\u200bHaftungsanspr\u00fcche gegen den Autor wegen Sch\u00e4den materieller oder immaterieller Art, welche aus dem Zugriff oder der Nutzung bzw. Nichtnutzung der ver\u00f6ffentlichten Informationen, durch Missbrauch der Verbindung oder durch technische St\u00f6rungen entstanden sind, werden ausgeschlossen.L&#8217;auteur ne saurait \u00eatre tenupour responsable des dommages mat\u00e9riels ou immat\u00e9riels qui pourraient \u00eatre caus\u00e9s par l&#8217;acc\u00e8s aux informations diffus\u00e9es ou par leur utilisation ou non-utilisation, par le mauvais usage de la connexion ou par des probl\u00e8mes techniques.Alle Angebote sind unverbindlich.Toutes les offres sont sans engagement.Der Autor beh\u00e4lt es sich ausdr\u00fccklich vor, Teile der Seiten oder das gesamte Angebot ohne besondere Ank\u00fcndigung zu ver\u00e4ndern, zu erg\u00e4nzen, zu l\u00f6schen oder die Ver\u00f6ffentlichung zeitweise oder endg\u00fcltig einzustellen.L&#8217;auteur se r\u00e9serve express\u00e9ment le droit de modifier, de compl\u00e9ter ou de supprimer des parties de pages ou l&#8217;ensemble de l&#8217;offre sans pr\u00e9avis particulier, ou d&#8217;en suspendre temporairement ou d\u00e9finitivement la publication.Haftungsausschluss f\u00fcr LinksClause de non-responsabilit\u00e9 pour les liensVerweise und Links auf Webseiten Dritter liegen ausserhalb unseres Verantwortungsbereichs.Les renvois et liens vers des sites web de tiers ne rel\u00e8vent pas de notre responsabilit\u00e9.Es wird jegliche Verantwortung f\u00fcr solche Webseiten abgelehnt.Nous d\u00e9clinons toute responsabilit\u00e9 pour de tels sites.Der Zugriff und die Nutzung solcher Webseiten erfolgen auf eigene Gefahr des jeweiligen Nutzers.L&#8217;acc\u00e8s \u00e0 de tels sites et leur utilisation se font aux risques et p\u00e9rils de l&#8217;utilisateur concern\u00e9.DatenschutzProtection des donn\u00e9esF\u00fcr die Sicherheit der Daten\u00fcbertragung im Internet k\u00f6nnen wir keine Gew\u00e4hr \u00fcbernehmen, insbesondere besteht bei der \u00dcbertragung von Daten per E-Mail die Gefahr des Zugriffs durch Dritte.Nous ne pouvons pas garantir la s\u00e9curit\u00e9 de la transmission des donn\u00e9es sur Internet, en particulier lors de la transmission de donn\u00e9es par e-mail, il existe un risque d&#8217;acc\u00e8s par des tiers.Einer Nutzung der im Impressum ver\u00f6ffentlichten Kontaktdaten durch Dritte zu Werbezwecken wird hiermit ausdr\u00fccklich widersprochen.L&#8217;utilisation des donn\u00e9es de contact publi\u00e9es dans les mentions l\u00e9gales par des tiers \u00e0 des fins publicitaires est express\u00e9ment interdite.Der Betreiber beh\u00e4lt sich f\u00fcr den Fall unverlangt zugesandter Werbe- oder Informationsmaterialien ausdr\u00fccklich rechtliche Schritte vor.L&#8217;exploitant se r\u00e9serve express\u00e9ment le droit d&#8217;engager des poursuites judiciaires en cas d&#8217;envoi de mat\u00e9riel publicitaire ou d&#8217;information non sollicit\u00e9.Sollten einzelne Regelungen oder Formulierungen dieses Haftungsausschlusses unwirksam sein oder werden, bleiben die \u00fcbrigen Regelungen in ihrem Inhalt und ihrer G\u00fcltigkeit hiervon unber\u00fchrt.Si certaines dispositions ou formulations de cette clause de non-responsabilit\u00e9 sont ou deviennent caduques, le contenu et la validit\u00e9 des autres dispositions n&#8217;en sont pas affect\u00e9s.Widerspruch gegen WerbezweckeOpposition \u00e0 des fins publicitairesEiner Nutzung der im Impressum ver\u00f6ffentlichten Kontaktdaten durch Dritte zu Werbezwecken wird hiermit ausdr\u00fccklich widersprochen.L&#8217;utilisation des donn\u00e9es de contact publi\u00e9es dans les mentions l\u00e9gales par des tiers \u00e0 des fins publicitaires est express\u00e9ment interdite.Der Betreiber beh\u00e4lt sich f\u00fcr den Fall unverlangt zugesandter Werbe- oder Informationsmaterialien ausdr\u00fccklich rechtliche Schritte vor.L&#8217;exploitant se r\u00e9serve express\u00e9ment le droit d&#8217;engager des poursuites judiciaires en cas d&#8217;envoi de mat\u00e9riel publicitaire ou d&#8217;information non sollicit\u00e9.UrheberrechtDroit d&#8217;auteurAlle Inhalte dieser Webseite, einschliesslich Texte, Bilder, Grafiken, Sound- und Videodateien, sind urheberrechtlich gesch\u00fctzt.Tous les contenus de ce site web, y compris les textes, les images, les graphiques, les fichiers son et vid\u00e9o, sont prot\u00e9g\u00e9s par des droits d&#8217;auteur.Das Urheberrecht liegt, soweit nicht ausdr\u00fccklich anders gekennzeichnet, bei Neo Horizon GmbH oder den Partnern.Sauf mention contraire expresse, les droits d&#8217;auteur sont d\u00e9tenus par Neo Horizon GmbH ou ses partenaires.Sollten einzelne Regelungen oder Formulierungen dieses Haftungsausschlusses unwirksam sein oder werden, bleiben die \u00fcbrigen Regelungen in ihrem Inhalt und ihrer G\u00fcltigkeit hiervon unber\u00fchrt.Si certaines dispositions ou formulations de cette clause de non-responsabilit\u00e9 sont ou deviennent caduques, le contenu et la validit\u00e9 des autres dispositions n&#8217;en sont pas affect\u00e9s.<\/p>\n<p>Courrier \u00e9lectronique : <a href=\"mailto:kontakt@neo-horizon.com\" data-auto-recognition=\"true\">kontakt@neo-horizon.com<\/a><\/p>\n<h3>Personne habilit\u00e9e \u00e0 repr\u00e9senter l&#8217;association<\/h3>\n<p>Neo Bastian Abgottspon, directeur avec signature individuelle<\/p>\n<h3>Inscription au registre du commerce<\/h3>\n<p>Nom de l&#8217;entreprise enregistr\u00e9e : Neo Horizon GmbH<\/p>\n<p>Num\u00e9ro d&#8217;entreprise (UID) : CHE-397.164.115<\/p>\n<h3>Num\u00e9ro de TVA<\/h3>\n<p>N\u00b0 de TVA : CHE-397.164.115 TVA<\/p>\n<h2>Clause de non-responsabilit\u00e9<\/h2>\n<p>L&#8217;auteur n&#8217;assume aucune responsabilit\u00e9 quant \u00e0 la v\u00e9racit\u00e9, l&#8217;exactitude, l&#8217;actualit\u00e9, la fiabilit\u00e9 et l&#8217;exhaustivit\u00e9 du contenu des informations.<\/p>\n<p>L&#8217;auteur ne saurait \u00eatre tenupour responsable des dommages mat\u00e9riels ou immat\u00e9riels qui pourraient \u00eatre caus\u00e9s par l&#8217;acc\u00e8s aux informations diffus\u00e9es ou par leur utilisation ou non-utilisation, par le mauvais usage de la connexion ou par des probl\u00e8mes techniques.<\/p>\n<p>Toutes les offres sont sans engagement. L&#8217;auteur se r\u00e9serve express\u00e9ment le droit de modifier, de compl\u00e9ter ou de supprimer des parties de pages ou l&#8217;ensemble de l&#8217;offre sans pr\u00e9avis particulier, ou d&#8217;en suspendre temporairement ou d\u00e9finitivement la publication.<\/p>\n<h2>Clause de non-responsabilit\u00e9 pour les liens<\/h2>\n<p>Les renvois et liens vers des sites web de tiers ne rel\u00e8vent pas de notre responsabilit\u00e9. Nous d\u00e9clinons toute responsabilit\u00e9 pour de tels sites. L&#8217;acc\u00e8s \u00e0 de tels sites et leur utilisation se font aux risques et p\u00e9rils de l&#8217;utilisateur concern\u00e9.<\/p>\n<h2>Protection des donn\u00e9es<\/h2>\n<p>Nous ne pouvons pas garantir la s\u00e9curit\u00e9 de la transmission des donn\u00e9es sur Internet, en particulier lors de la transmission de donn\u00e9es par e-mail, il existe un risque d&#8217;acc\u00e8s par des tiers.<\/p>\n<p>L&#8217;utilisation des donn\u00e9es de contact publi\u00e9es dans les mentions l\u00e9gales par des tiers \u00e0 des fins publicitaires est express\u00e9ment interdite. L&#8217;exploitant se r\u00e9serve express\u00e9ment le droit d&#8217;engager des poursuites judiciaires en cas d&#8217;envoi de mat\u00e9riel publicitaire ou d&#8217;information non sollicit\u00e9.<\/p>\n<p>Si certaines dispositions ou formulations de cette clause de non-responsabilit\u00e9 sont ou deviennent caduques, le contenu et la validit\u00e9 des autres dispositions n&#8217;en sont pas affect\u00e9s.<\/p>\n<h2>Opposition \u00e0 des fins publicitaires<\/h2>\n<p>L&#8217;utilisation des donn\u00e9es de contact publi\u00e9es dans les mentions l\u00e9gales par des tiers \u00e0 des fins publicitaires est express\u00e9ment interdite. L&#8217;exploitant se r\u00e9serve express\u00e9ment le droit d&#8217;engager des poursuites judiciaires en cas d&#8217;envoi de mat\u00e9riel publicitaire ou d&#8217;information non sollicit\u00e9.<\/p>\n<h2>Droit d&#8217;auteur<\/h2>\n<p>Tous les contenus de ce site web, y compris les textes, les images, les graphiques, les fichiers son et vid\u00e9o, sont prot\u00e9g\u00e9s par des droits d&#8217;auteur. Sauf mention contraire expresse, les droits d&#8217;auteur sont d\u00e9tenus par Neo Horizon GmbH ou ses partenaires.<\/p>\n<p>Si certaines dispositions ou formulations de cette clause de non-responsabilit\u00e9 sont ou deviennent caduques, le contenu et la validit\u00e9 des autres dispositions n&#8217;en sont pas affect\u00e9s.<\/p>\n","protected":false},"excerpt":{"rendered":"<p>Mentions l\u00e9gales Responsable du contenu des pages Adresse de contact E-Mail: kontakt@neo-horizon.comCourrier \u00e9lectronique : kontakt@neo-horizon.commailto:kontakt@neo-horizon.commailto:kontakt@neo-horizon.comtruetrueVertretungsberechtigte PersonPersonne habilit\u00e9e \u00e0 repr\u00e9senter l&#8217;associationNeo Bastian Abgottspon, Gesch\u00e4ftsf\u00fchrer mit EinzelunterschriftNeo Bastian Abgottspon, directeur avec signature individuelleHandelsregister-EintragInscription au registre du commerceEingetragener Firmenname: Neo Horizon GmbHNom de l&#8217;entreprise enregistr\u00e9e : Neo Horizon GmbHUnternehmens-Nr (UID): CHE-397.164.115Num\u00e9ro d&#8217;entreprise (UID) : CHE-397.164.115MwSt-NummerNum\u00e9ro de TVAMwSt-Nr: CHE-397.164.115 [&hellip;]<\/p>\n","protected":false},"author":1,"featured_media":0,"parent":0,"menu_order":0,"comment_status":"closed","ping_status":"closed","template":"","meta":{"_acf_changed":false,"footnotes":""},"class_list":["post-109716","page","type-page","status-publish","hentry"],"acf":[],"_links":{"self":[{"href":"https:\/\/one-horizon.ch\/fr\/wp-json\/wp\/v2\/pages\/109716","targetHints":{"allow":["GET"]}}],"collection":[{"href":"https:\/\/one-horizon.ch\/fr\/wp-json\/wp\/v2\/pages"}],"about":[{"href":"https:\/\/one-horizon.ch\/fr\/wp-json\/wp\/v2\/types\/page"}],"author":[{"embeddable":true,"href":"https:\/\/one-horizon.ch\/fr\/wp-json\/wp\/v2\/users\/1"}],"replies":[{"embeddable":true,"href":"https:\/\/one-horizon.ch\/fr\/wp-json\/wp\/v2\/comments?post=109716"}],"version-history":[{"count":0,"href":"https:\/\/one-horizon.ch\/fr\/wp-json\/wp\/v2\/pages\/109716\/revisions"}],"wp:attachment":[{"href":"https:\/\/one-horizon.ch\/fr\/wp-json\/wp\/v2\/media?parent=109716"}],"curies":[{"name":"wp","href":"https:\/\/api.w.org\/{rel}","templated":true}]}}