{"id":109732,"date":"2024-03-23T17:12:31","date_gmt":"2024-03-23T16:12:31","guid":{"rendered":"https:\/\/one-horizon.ch\/service-client\/"},"modified":"2025-11-01T22:24:16","modified_gmt":"2025-11-01T21:24:16","slug":"service-client","status":"publish","type":"page","link":"https:\/\/one-horizon.ch\/fr\/service-client\/","title":{"rendered":"Service client"},"content":{"rendered":"\n<h1 class=\"wp-block-heading\">Contact<\/h1>\n\n\n\n<p>Bienvenue sur One Horizon ! Nous sommes heureux que vous ayez trouv\u00e9 votre chemin jusqu&#8217;\u00e0 nous. Chez One Horizon, nous sommes synonymes de produits de style de vie uniques qui enrichissent votre vie. Si vous avez des questions, des suggestions ou des demandes particuli\u00e8res, n&#8217;h\u00e9sitez pas \u00e0 nous contacter. Vos commentaires sont tr\u00e8s importants pour nous et nous aident \u00e0 nous am\u00e9liorer en permanence.<\/p>\n\n\n\n<h4 class=\"wp-block-heading\">Adresse<\/h4>\n\n\n\n<p>Neo Horizon GmbH, Kanalstrasse Ost 31, CH-3942 Raron<\/p>\n\n\n\n<h4 class=\"wp-block-heading\">E-mail<\/h4>\n\n\n\n<p>info@one-horizon.ch<\/p>\n\n\n\n<h4 class=\"wp-block-heading\">Foire aux questions<\/h4>\n\n\n\n<p>Vous trouverez peut-\u00eatre d\u00e9j\u00e0 la r\u00e9ponse \u00e0 votre question dans notre <a href=\"https:\/\/one-horizon.ch\/fr\/faq\/\">FAQ<\/a>.<\/p>\n\n\n\n<h4 class=\"wp-block-heading\">Formulaire de contact<\/h4>\n\n\n\n    <form class=\"oh-contact-form flex flex-column gap-10 mb-10 mt-10\" data-oh-contact\n          data-recipient=\"kontakt@neo-horizon.com\"\n          data-subject=\"Kontaktformular \u2013 Website\">\n\n        <!-- Honeypot (hidden) -->\n        <input type=\"text\" name=\"oh_hp\" autocomplete=\"off\" tabindex=\"-1\" aria-hidden=\"true\" style=\"display:none\">\n\n        <!-- Row: Name + Email -->\n        <div class=\"flex gap-10 flex-wrap\">\n            <div style=\"flex:1; min-width:260px\">\n                <label for=\"oh_name\">\n                    Name                <\/label>\n                <input id=\"oh_name\" name=\"name\" type=\"text\" required placeholder=\"One Horizon\">\n            <\/div>\n\n            <div style=\"flex:1; min-width:260px\">\n                <label for=\"oh_email\">\n                    E-Mail                <\/label>\n                <input id=\"oh_email\" name=\"email\" type=\"email\" required placeholder=\"info@one-horizon.ch\">\n            <\/div>\n        <\/div>\n\n        <!-- Message -->\n        <div>\n            <label for=\"oh_message\">\n                Nachricht            <\/label>\n            <textarea id=\"oh_message\" name=\"message\" rows=\"8\" required placeholder=\"Gerne helfen wir bei Ihren Anliegen.\"><\/textarea>\n        <\/div>\n\n        <!-- Submit -->\n        <div>\n            <button type=\"submit\" class=\"btn btn-full bg-primary color-light\">\n                <span class=\"oh-btn-text\">SENDEN<\/span>\n                <span class=\"oh-btn-spinner\" style=\"display:none\">\u2026<\/span>\n            <\/button>\n        <\/div>\n\n        <!-- Feedback -->\n        <p class=\"oh-contact-msg\" aria-live=\"polite\"><\/p>\n    <\/form>\n\n    \n\n\n\n<p>Nous sommes impatients d&#8217;avoir de vos nouvelles !<\/p>\n\n\n\n<p>Meilleures salutations,<\/p>\n\n\n\n<p>Votre \u00e9quipe One Horizon<\/p>\n","protected":false},"excerpt":{"rendered":"<p>Contact Bienvenue sur One Horizon ! Nous sommes heureux que vous ayez trouv\u00e9 votre chemin jusqu&#8217;\u00e0 nous. Chez One Horizon, nous sommes synonymes de produits de style de vie uniques qui enrichissent votre vie. Si vous avez des questions, des suggestions ou des demandes particuli\u00e8res, n&#8217;h\u00e9sitez pas \u00e0 nous contacter. Vos commentaires sont tr\u00e8s importants [&hellip;]<\/p>\n","protected":false},"author":1,"featured_media":0,"parent":0,"menu_order":0,"comment_status":"closed","ping_status":"closed","template":"","meta":{"_acf_changed":false,"footnotes":""},"class_list":["post-109732","page","type-page","status-publish","hentry"],"acf":[],"_links":{"self":[{"href":"https:\/\/one-horizon.ch\/fr\/wp-json\/wp\/v2\/pages\/109732","targetHints":{"allow":["GET"]}}],"collection":[{"href":"https:\/\/one-horizon.ch\/fr\/wp-json\/wp\/v2\/pages"}],"about":[{"href":"https:\/\/one-horizon.ch\/fr\/wp-json\/wp\/v2\/types\/page"}],"author":[{"embeddable":true,"href":"https:\/\/one-horizon.ch\/fr\/wp-json\/wp\/v2\/users\/1"}],"replies":[{"embeddable":true,"href":"https:\/\/one-horizon.ch\/fr\/wp-json\/wp\/v2\/comments?post=109732"}],"version-history":[{"count":0,"href":"https:\/\/one-horizon.ch\/fr\/wp-json\/wp\/v2\/pages\/109732\/revisions"}],"wp:attachment":[{"href":"https:\/\/one-horizon.ch\/fr\/wp-json\/wp\/v2\/media?parent=109732"}],"curies":[{"name":"wp","href":"https:\/\/api.w.org\/{rel}","templated":true}]}}