{"id":109764,"date":"2024-07-19T23:01:42","date_gmt":"2024-07-19T21:01:42","guid":{"rendered":"https:\/\/one-horizon.ch\/methodes-de-paiement\/"},"modified":"2024-08-30T22:33:09","modified_gmt":"2024-08-30T20:33:09","slug":"methodes-de-paiement","status":"publish","type":"page","link":"https:\/\/one-horizon.ch\/fr\/methodes-de-paiement\/","title":{"rendered":"M\u00e9thodes de paiement"},"content":{"rendered":"<h1>M\u00e9thodes de paiement<\/h1>\n<h4><strong>TWINT<\/strong><\/h4>\n<p>Payez facilement et directement avec votre compte TWINT via l&#8217;application mobile. Simple, rapide et s\u00fbr.<\/p>\n<h4><strong>MasterCard<\/strong><\/h4>\n<p>Payez avec votre MasterCard. Votre carte de cr\u00e9dit est d\u00e9bit\u00e9e d\u00e8s la commande, m\u00eame si la marchandise n&#8217;est pas encore disponible au moment de la commande. En cas d&#8217;annulation, le montant est soit recr\u00e9dit\u00e9 sur votre carte de cr\u00e9dit, soit enregistr\u00e9 comme cr\u00e9dit sur votre compte client.<\/p>\n<h4><strong>Visa<\/strong><\/h4>\n<p>Utilisez votre carte de cr\u00e9dit Visa pour le paiement. Notez que votre carte de cr\u00e9dit sera d\u00e9bit\u00e9e au moment de la commande, m\u00eame si le produit n&#8217;est pas encore disponible. En cas d&#8217;annulation, le montant est soit recr\u00e9dit\u00e9 sur votre carte de cr\u00e9dit Visa, soit enregistr\u00e9 comme cr\u00e9dit sur votre compte client.<\/p>\n<h4><strong>PayPal<\/strong><\/h4>\n<p>Payez en toute s\u00e9curit\u00e9 et facilement avec votre compte PayPal. Avec PayPal, vous pouvez effectuer votre paiement rapidement et facilement, sans avoir \u00e0 saisir les donn\u00e9es de votre carte de cr\u00e9dit.<\/p>\n<h4><strong>Paiement anticip\u00e9<\/strong><\/h4>\n<p>Vous pouvez r\u00e9gler la marchandise par paiement anticip\u00e9. Vous verrez les informations de compte requises lors du processus de paiement. La marchandise est r\u00e9serv\u00e9e ou command\u00e9e apr\u00e8s confirmation de la r\u00e9ception de la commande et exp\u00e9di\u00e9e apr\u00e8s r\u00e9ception du paiement. Pour les marchandises provenant d&#8217;un entrep\u00f4t tiers, la commande n&#8217;est \u00e9galement pass\u00e9e qu&#8217;apr\u00e8s r\u00e9ception du paiement. Vous disposez d&#8217;un d\u00e9lai de paiement de 7 jours et il s&#8217;agit d&#8217;un contrat contraignant.<\/p>\n<p><strong>Payable \u00e0 (en francs suisses uniquement) :<\/strong><br \/>CH55 8080 8001 5987 8551 2<br \/>IID (n\u00b0 BC) : 80808<br \/>SWIFT-BIC : RAIFCH22<br \/>Neo Horizon GmbH<br \/>Kanalstrasse Ost 31<br \/>3942 Raron<br \/>Suisse<\/p>\n<h4>Apple Pay<\/h4>\n<p>Payez confortablement et en toute s\u00e9curit\u00e9 avec Apple Pay. Apple Pay vous permet de payer rapidement et en toute s\u00e9curit\u00e9 les produits que vous achetez via votre appareil Apple.<\/p>\n<h4><strong>Google Pay<\/strong><\/h4>\n<p>Payez facilement et en toute s\u00e9curit\u00e9 avec Google Pay. Ce mode de paiement vous permet de payer rapidement directement via votre compte Google.<\/p>\n<h4><strong>American Express (Amex)<\/strong><\/h4>\n<p>Nous acceptons les cartes de cr\u00e9dit American Express. Notez que la carte de cr\u00e9dit est d\u00e9bit\u00e9e d\u00e8s la commande, m\u00eame si le produit n&#8217;est pas encore disponible. En cas d&#8217;annulation, le montant est soit recr\u00e9dit\u00e9 sur votre carte de cr\u00e9dit, soit enregistr\u00e9 comme cr\u00e9dit sur le compte du client.<\/p>\n<p>Si vous avez des questions, veuillez envoyer un e-mail \u00e0 <strong><a href=\"mailto:order@one-horizon.ch\" data-cke-saved-href=\"mailto:order@one-horizon.ch\">order@one-horizon.ch<\/a><\/strong>.<\/p>\n","protected":false},"excerpt":{"rendered":"<p>M\u00e9thodes de paiement TWINT Payez facilement et directement avec votre compte TWINT via l&#8217;application mobile. Simple, rapide et s\u00fbr. MasterCard Payez avec votre MasterCard. Votre carte de cr\u00e9dit est d\u00e9bit\u00e9e d\u00e8s la commande, m\u00eame si la marchandise n&#8217;est pas encore disponible au moment de la commande. En cas d&#8217;annulation, le montant est soit recr\u00e9dit\u00e9 sur [&hellip;]<\/p>\n","protected":false},"author":1,"featured_media":0,"parent":0,"menu_order":0,"comment_status":"closed","ping_status":"closed","template":"","meta":{"_acf_changed":false,"footnotes":""},"class_list":["post-109764","page","type-page","status-publish","hentry"],"acf":[],"_links":{"self":[{"href":"https:\/\/one-horizon.ch\/fr\/wp-json\/wp\/v2\/pages\/109764","targetHints":{"allow":["GET"]}}],"collection":[{"href":"https:\/\/one-horizon.ch\/fr\/wp-json\/wp\/v2\/pages"}],"about":[{"href":"https:\/\/one-horizon.ch\/fr\/wp-json\/wp\/v2\/types\/page"}],"author":[{"embeddable":true,"href":"https:\/\/one-horizon.ch\/fr\/wp-json\/wp\/v2\/users\/1"}],"replies":[{"embeddable":true,"href":"https:\/\/one-horizon.ch\/fr\/wp-json\/wp\/v2\/comments?post=109764"}],"version-history":[{"count":0,"href":"https:\/\/one-horizon.ch\/fr\/wp-json\/wp\/v2\/pages\/109764\/revisions"}],"wp:attachment":[{"href":"https:\/\/one-horizon.ch\/fr\/wp-json\/wp\/v2\/media?parent=109764"}],"curies":[{"name":"wp","href":"https:\/\/api.w.org\/{rel}","templated":true}]}}