{"id":100692,"date":"2024-07-21T23:46:16","date_gmt":"2024-07-21T21:46:16","guid":{"rendered":"https:\/\/one-horizon.ch\/product\/pochette-tactile-2-en-1\/"},"modified":"2026-05-02T14:39:53","modified_gmt":"2026-05-02T12:39:53","slug":"pochette-technologique-2-en-1","status":"publish","type":"product","link":"https:\/\/one-horizon.ch\/fr\/product\/pochette-technologique-2-en-1\/","title":{"rendered":"Pochette technique Orbitkey 2-en-1"},"content":{"rendered":"<p><strong>D\u00e9couvrez la nouvelle dimension de l&#8217;organisation<\/strong><\/p>\n<p>D\u00e9couvrez une nouvelle dimension d&#8217;organisation avec l&#8217;Orbitkey 2-in-1 Tech Pouch &#8211; un syst\u00e8me de sacoches jumelles astucieux qui permet de ranger vos essentiels sans effort et d&#8217;acc\u00e9der rapidement \u00e0 vos affaires les plus importantes, que vous soyez en d\u00e9placement, au bureau ou n&#8217;importe o\u00f9 entre les deux.<\/p>\n<p>&nbsp;<\/p>\n<p><strong>Conception innovante 2 en 1<\/strong><\/p>\n<p>Ce syst\u00e8me innovant se distingue par sa conception unique 2 en 1. La poche int\u00e9rieure peut \u00eatre s\u00e9par\u00e9e et utilis\u00e9e comme une trousse de bureau s\u00e9par\u00e9e, ou les deux poches peuvent \u00eatre combin\u00e9es pour offrir une solution compl\u00e8te. Gr\u00e2ce \u00e0 la s\u00e9paration pliable, la pochette peut \u00eatre adapt\u00e9e \u00e0 vos besoins. Vous pouvez soit cr\u00e9er des sections plus petites pour les objets facilement accessibles, soit aplatir la paroi pour y placer des objets plus encombrants, comme des blocs d&#8217;alimentation.   <\/p>\n<p>&nbsp;<\/p>\n<p><strong>Efficace et autonome<\/strong><\/p>\n<p>La structure autoportante efficace garantit que le sac reste stable et droit, quel que soit l&#8217;endroit o\u00f9 il est plac\u00e9. Vous maximisez ainsi l&#8217;espace de rangement sans prendre trop de place. De plus, une poche externe zipp\u00e9e avec passe-c\u00e2bles vous permet de recharger facilement vos appareils sans avoir \u00e0 les d\u00e9baller. Un panneau pliable int\u00e9gr\u00e9 facilite l&#8217;acc\u00e8s rapide aux petits objets &#8211; plus besoin de chercher longtemps.   <\/p>\n<p>&nbsp;<\/p>\n<p><strong>Durabilit\u00e9 et protection<\/strong><\/p>\n<p>Fabriqu\u00e9e \u00e0 partir de mat\u00e9riaux recycl\u00e9s r\u00e9sistants \u00e0 l&#8217;eau, cette pochette n&#8217;est pas seulement fonctionnelle, elle est aussi durable. Le tissu ext\u00e9rieur en polyester Cyclepet 600D avec rev\u00eatement PU et les fermetures \u00e9clair hydrofuges rev\u00eatues de PU prot\u00e8gent efficacement vos objets de valeur en cas de pluie l\u00e9g\u00e8re ou d&#8217;\u00e9claboussures. <\/p>\n<p>&nbsp;<\/p>\n<p><strong>Dimensions<\/strong><br \/>\n&#8211; Dimensions ext\u00e9rieures : 230 mm x 140 mm x 80 mm<br \/>\n&#8211; Poids avec sacoche : 257 g<br \/>\n&#8211; Poids sans sacoche : 155 g<\/p>\n<p>&nbsp;<\/p>\n<p><strong>Mat\u00e9riaux<\/strong><br \/>\n&#8211; <strong>Tissu<\/strong> ext\u00e9rieur : 600D polyester Cyclepet 100% recycl\u00e9 avec rev\u00eatement PU<br \/>\n&#8211; Doublure : 100% polyester recycl\u00e9<br \/>\n&#8211; Fermetures \u00e0 glissi\u00e8re : Fermetures \u00e0 glissi\u00e8re Reverse Coil enduites de PU et hydrofuges<br \/>\n&#8211; Cordons de serrage des fermetures \u00e0 glissi\u00e8re : Nylon<\/p>\n<p>&nbsp;<\/p>\n<p>Un design qui allie fonctionnalit\u00e9 et durabilit\u00e9 &#8211; l&#8217;Orbitkey 2-in-1 Tech Pouch est votre compagnon id\u00e9al pour tous les jours et tous les d\u00e9fis. Un syst\u00e8me que vous aimez et sur lequel vous pouvez compter ! <\/p>\n","protected":false},"excerpt":{"rendered":"<p>D\u00e9couvrez une nouvelle dimension d&#8217;organisation avec la sacoche Tech 2-en-1 d&#8217;Orbitkey. Son design innovant offre une grande flexibilit\u00e9 d&#8217;utilisation et un acc\u00e8s rapide \u00e0 vos essentiels, que vous soyez en d\u00e9placement ou \u00e0 votre bureau. <\/p>\n","protected":false},"featured_media":101213,"comment_status":"open","ping_status":"closed","template":"","meta":{"_acf_changed":false},"product_brand":[3032],"product_cat":[3253],"product_tag":[3292,3295],"class_list":{"0":"post-100692","1":"product","2":"type-product","3":"status-publish","4":"has-post-thumbnail","6":"product_brand-orbitkey","7":"product_cat-rangement-organiseur","8":"product_tag-pour-lui","9":"product_tag-pour-vous","10":"product_shipping_class-colis-jusqua-2-kg","11":"pa_farbe-graphite","12":"pa_farbe-lilas","13":"pa_farbe-noir","14":"pa_farbe-olive-fr","15":"pa_farbe-prune","16":"pa_farbe-rose","17":"pa_farbe-terracotta-fr","19":"first","20":"instock","21":"taxable","22":"shipping-taxable","23":"purchasable","24":"product-type-variable"},"acf":[],"_links":{"self":[{"href":"https:\/\/one-horizon.ch\/fr\/wp-json\/wp\/v2\/product\/100692","targetHints":{"allow":["GET"]}}],"collection":[{"href":"https:\/\/one-horizon.ch\/fr\/wp-json\/wp\/v2\/product"}],"about":[{"href":"https:\/\/one-horizon.ch\/fr\/wp-json\/wp\/v2\/types\/product"}],"replies":[{"embeddable":true,"href":"https:\/\/one-horizon.ch\/fr\/wp-json\/wp\/v2\/comments?post=100692"}],"wp:featuredmedia":[{"embeddable":true,"href":"https:\/\/one-horizon.ch\/fr\/wp-json\/wp\/v2\/media\/101213"}],"wp:attachment":[{"href":"https:\/\/one-horizon.ch\/fr\/wp-json\/wp\/v2\/media?parent=100692"}],"wp:term":[{"taxonomy":"product_brand","embeddable":true,"href":"https:\/\/one-horizon.ch\/fr\/wp-json\/wp\/v2\/product_brand?post=100692"},{"taxonomy":"product_cat","embeddable":true,"href":"https:\/\/one-horizon.ch\/fr\/wp-json\/wp\/v2\/product_cat?post=100692"},{"taxonomy":"product_tag","embeddable":true,"href":"https:\/\/one-horizon.ch\/fr\/wp-json\/wp\/v2\/product_tag?post=100692"}],"curies":[{"name":"wp","href":"https:\/\/api.w.org\/{rel}","templated":true}]}}