{"id":100973,"date":"2024-07-30T17:30:23","date_gmt":"2024-07-30T15:30:23","guid":{"rendered":"https:\/\/one-horizon.ch\/?post_type=product&#038;p=100973"},"modified":"2026-03-30T00:19:31","modified_gmt":"2026-03-29T22:19:31","slug":"boite-a-cure-dents-pomme-amadou","status":"publish","type":"product","link":"https:\/\/one-horizon.ch\/fr\/product\/boite-a-cure-dents-pomme-amadou\/","title":{"rendered":"Apple Box &#8211; Cure-dents en amadou"},"content":{"rendered":"<p>Les cure-dents \u00e0 la pomme ont le go\u00fbt de pommes fra\u00eechement cueillies. Fruit\u00e9 et sucr\u00e9 avec une note acidul\u00e9e rafra\u00eechissante. Un must pour tous les fans de cure-dents.  <\/p>\n<ul>\n<li>80 cure-dents dans une bo\u00eete m\u00e9tallique styl\u00e9e.<\/li>\n<li>Ingr\u00e9dients : cure-dents en bouleau, ar\u00f4me<\/li>\n<\/ul>\n<p>Go\u00fbt de pr\u00e9f\u00e9rence dans le mois qui suit l&#8217;ouverture de l&#8217;emballage !<\/p>\n","protected":false},"excerpt":{"rendered":"<p>Cure-dents Apple : Fruit\u00e9, doux et rafra\u00eechissant. 80 pi\u00e8ces dans une bo\u00eete m\u00e9tallique styl\u00e9e.<\/p>\n","protected":false},"featured_media":100982,"comment_status":"open","ping_status":"closed","template":"","meta":{"_acf_changed":false},"product_brand":[3052],"product_cat":[1392],"product_tag":[],"class_list":{"0":"post-100973","1":"product","2":"type-product","3":"status-publish","4":"has-post-thumbnail","6":"product_brand-zunder-zahnstocher","7":"product_cat-cuisine","8":"product_shipping_class-petit-envoi","10":"first","11":"instock","12":"taxable","13":"shipping-taxable","14":"purchasable","15":"product-type-simple"},"acf":[],"_links":{"self":[{"href":"https:\/\/one-horizon.ch\/fr\/wp-json\/wp\/v2\/product\/100973","targetHints":{"allow":["GET"]}}],"collection":[{"href":"https:\/\/one-horizon.ch\/fr\/wp-json\/wp\/v2\/product"}],"about":[{"href":"https:\/\/one-horizon.ch\/fr\/wp-json\/wp\/v2\/types\/product"}],"replies":[{"embeddable":true,"href":"https:\/\/one-horizon.ch\/fr\/wp-json\/wp\/v2\/comments?post=100973"}],"wp:featuredmedia":[{"embeddable":true,"href":"https:\/\/one-horizon.ch\/fr\/wp-json\/wp\/v2\/media\/100982"}],"wp:attachment":[{"href":"https:\/\/one-horizon.ch\/fr\/wp-json\/wp\/v2\/media?parent=100973"}],"wp:term":[{"taxonomy":"product_brand","embeddable":true,"href":"https:\/\/one-horizon.ch\/fr\/wp-json\/wp\/v2\/product_brand?post=100973"},{"taxonomy":"product_cat","embeddable":true,"href":"https:\/\/one-horizon.ch\/fr\/wp-json\/wp\/v2\/product_cat?post=100973"},{"taxonomy":"product_tag","embeddable":true,"href":"https:\/\/one-horizon.ch\/fr\/wp-json\/wp\/v2\/product_tag?post=100973"}],"curies":[{"name":"wp","href":"https:\/\/api.w.org\/{rel}","templated":true}]}}