{"id":101579,"date":"2024-08-01T15:30:51","date_gmt":"2024-08-01T13:30:51","guid":{"rendered":"https:\/\/one-horizon.ch\/product\/orbitkey-hybride-laptop-sleeve\/"},"modified":"2026-04-07T23:18:47","modified_gmt":"2026-04-07T21:18:47","slug":"orbitkey-hybride-laptop-sleeve","status":"publish","type":"product","link":"https:\/\/one-horizon.ch\/fr\/product\/orbitkey-hybride-laptop-sleeve\/","title":{"rendered":"Housse hybride pour ordinateur portable"},"content":{"rendered":"<p>Manchon pour ordinateur portable double fonction et tapis de bureau portable &#8211; Le manchon hybride pour ordinateur portable Orbitkey<\/p>\n<p>&nbsp;<\/p>\n<p><strong>Transformez n&#8217;importe quel endroit en un lieu de travail familier<\/strong><br \/>\nCr\u00e9ez un environnement de travail confortable partout et en un clin d&#8217;\u0153il gr\u00e2ce \u00e0 ce manchon innovant \u00e0 double fonction qui fait \u00e9galement office de tapis de bureau portable.<\/p>\n<p>&nbsp;<\/p>\n<p><strong>D\u00e9tails de conception<\/strong><br \/>\nCet accessoire polyvalent combine les fonctions d&#8217;un tapis de bureau portable et d&#8217;une housse d&#8217;ordinateur portable dans un design \u00e9l\u00e9gant et \u00e9pur\u00e9. La housse pour ordinateur portable se d\u00e9plie et se referme rapidement et facilement gr\u00e2ce \u00e0 une fermeture magn\u00e9tique. Gr\u00e2ce \u00e0 son design fin, elle se glisse sans effort dans votre sac et prot\u00e8ge votre appareil des chocs et des rayures.  <\/p>\n<p>La sacoche pour ordinateur portable dispose d&#8217;un tapis de souris int\u00e9gr\u00e9 qui offre une surface confortable et protectrice pour votre souris. Fabriqu\u00e9 en cuir v\u00e9g\u00e9talien de haute qualit\u00e9 et en tissu tiss\u00e9 recycl\u00e9, il est le compl\u00e9ment parfait de votre environnement de travail moderne. <\/p>\n<p>&nbsp;<\/p>\n<p><strong>Sp\u00e9cifications<\/strong><br \/>\n14&#8243; Dimension<\/p>\n<ul>\n<li>Taille ferm\u00e9e : 360 x 245 mm (14,2 x 9,6 pouces)<\/li>\n<li>Taille ouverte : 360 x 648 mm (14,2 x 25,5 pouces)<\/li>\n<li>Convient aux ordinateurs portables jusqu&#8217;\u00e0 320 x 223 x 16 mm (12,6 x 8,78 x 0,63 pouces)<\/li>\n<\/ul>\n<p>16&#8243; Dimension<\/p>\n<ul>\n<li>Taille ferm\u00e9e : 402 x 255 mm (15,8 x 10,0 pouces)<\/li>\n<li>Taille ouverte : 402 x 730 mm (15,8 x 28,7 pouces)<\/li>\n<li>Convient aux ordinateurs portables jusqu&#8217;\u00e0 356 x 249 x 19 mm (14 x 9,8 x 0,75 pouces)<\/li>\n<\/ul>\n<p>&nbsp;<\/p>\n<p><strong>Mat\u00e9riaux<\/strong><br \/>\n&#8211; Cuir v\u00e9g\u00e9talien de premi\u00e8re qualit\u00e9<br \/>\n&#8211; Tissu tiss\u00e9 recycl\u00e9<\/p>\n<p>&nbsp;<\/p>\n<p><strong>Plus d&#8217;avantages<\/strong><\/p>\n<ul>\n<li><strong>Montage rapide gr\u00e2ce \u00e0 la fermeture magn\u00e9tique<\/strong><br \/>\nLa fermeture magn\u00e9tique sans fermeture \u00e9clair permet un montage et un rangement faciles &#8211; id\u00e9al pour ceux qui sont souvent en d\u00e9placement. La conception \u00e0 trois volets permet une manipulation sans faille lorsque vous passez d&#8217;un poste de travail \u00e0 un autre. <\/li>\n<li><strong>Se glisse facilement dans la plupart des sacs<\/strong><br \/>\nGr\u00e2ce \u00e0 son design fin, la housse se glisse facilement dans la plupart des sacs et prot\u00e8ge votre ordinateur portable contre les chocs et les rayures.<\/li>\n<li><strong>Tapis de souris int\u00e9gr\u00e9<\/strong><br \/>\nLa sacoche pour ordinateur portable offre \u00e9galement une surface confortable et protectrice pour votre souris, ce qui vous permet de travailler efficacement o\u00f9 que vous soyez.<\/li>\n<li><strong>Acc\u00e8s pratique pour le chargement<\/strong><br \/>\nM\u00eame pendant le chargement, votre ordinateur portable reste bien prot\u00e9g\u00e9 des chocs et des rayures dans la housse. Un acc\u00e8s facile \u00e0 la charge vous permet de continuer \u00e0 travailler sans \u00eatre d\u00e9rang\u00e9 pendant la charge. <\/li>\n<\/ul>\n<p>&nbsp;<\/p>\n<p>Transformez votre espace de travail avec la housse hybride pour ordinateur portable Orbitkey et profitez d&#8217;un \u00e9quilibre parfait entre praticit\u00e9 et style. Procurez-vous d\u00e8s maintenant ce compagnon indispensable pour votre travail mobile ! <\/p>\n","protected":false},"excerpt":{"rendered":"<p>Transformez n&#8217;importe quel endroit en un bureau familier avec la housse \u00e0 double fonction Orbitkey. En tant que tapis de bureau portable et housse d&#8217;ordinateur portable, elle offre une installation rapide, un design styl\u00e9 et une protection en cuir v\u00e9g\u00e9talien. <\/p>\n","protected":false},"featured_media":101446,"comment_status":"open","ping_status":"closed","template":"","meta":{"_acf_changed":false},"product_brand":[3032],"product_cat":[1356,855],"product_tag":[3292,3295],"class_list":{"0":"post-101579","1":"product","2":"type-product","3":"status-publish","4":"has-post-thumbnail","6":"product_brand-orbitkey","7":"product_cat-housses-pour-ordinateur-portable","8":"product_cat-office-fr","9":"product_tag-pour-lui","10":"product_tag-pour-vous","11":"product_shipping_class-colis-jusqua-2-kg","12":"pa_farbe-noir","13":"pa_farbe-terracotta-fr","14":"pa_grosse-14-fr","15":"pa_grosse-16-fr","17":"first","18":"outofstock","19":"taxable","20":"shipping-taxable","21":"purchasable","22":"product-type-variable"},"acf":[],"_links":{"self":[{"href":"https:\/\/one-horizon.ch\/fr\/wp-json\/wp\/v2\/product\/101579","targetHints":{"allow":["GET"]}}],"collection":[{"href":"https:\/\/one-horizon.ch\/fr\/wp-json\/wp\/v2\/product"}],"about":[{"href":"https:\/\/one-horizon.ch\/fr\/wp-json\/wp\/v2\/types\/product"}],"replies":[{"embeddable":true,"href":"https:\/\/one-horizon.ch\/fr\/wp-json\/wp\/v2\/comments?post=101579"}],"wp:featuredmedia":[{"embeddable":true,"href":"https:\/\/one-horizon.ch\/fr\/wp-json\/wp\/v2\/media\/101446"}],"wp:attachment":[{"href":"https:\/\/one-horizon.ch\/fr\/wp-json\/wp\/v2\/media?parent=101579"}],"wp:term":[{"taxonomy":"product_brand","embeddable":true,"href":"https:\/\/one-horizon.ch\/fr\/wp-json\/wp\/v2\/product_brand?post=101579"},{"taxonomy":"product_cat","embeddable":true,"href":"https:\/\/one-horizon.ch\/fr\/wp-json\/wp\/v2\/product_cat?post=101579"},{"taxonomy":"product_tag","embeddable":true,"href":"https:\/\/one-horizon.ch\/fr\/wp-json\/wp\/v2\/product_tag?post=101579"}],"curies":[{"name":"wp","href":"https:\/\/api.w.org\/{rel}","templated":true}]}}