{"id":101587,"date":"2024-07-31T02:58:05","date_gmt":"2024-07-31T00:58:05","guid":{"rendered":"https:\/\/one-horizon.ch\/product\/memobottle-a6-edelstahl-acier-inoxydable\/"},"modified":"2026-04-07T23:18:41","modified_gmt":"2026-04-07T21:18:41","slug":"memobottle-a6-edelstahl-acier-inoxydable","status":"publish","type":"product","link":"https:\/\/one-horizon.ch\/fr\/product\/memobottle-a6-edelstahl-acier-inoxydable\/","title":{"rendered":"Memobottle A6 Acier inoxydable"},"content":{"rendered":"<p><strong>Compact, \u00e9l\u00e9gant et pratique<\/strong><\/p>\n<p>Avec la Memobottle A6, vous avez trouv\u00e9 la combinaison parfaite entre \u00e9l\u00e9gance et fonctionnalit\u00e9. Avec une capacit\u00e9 de 500 ml et un design compact qui ressemble \u00e0 du papier, cette gourde se glisse facilement dans un sac \u00e0 main, un sac \u00e0 bandouli\u00e8re ou un sac \u00e0 dos et vous permet de rester bien hydrat\u00e9 pendant vos d\u00e9placements. <\/p>\n<p>&nbsp;<\/p>\n<p><strong>Des caract\u00e9ristiques exceptionnelles<\/strong><\/p>\n<ul>\n<li><strong>Rev\u00eatement en poudre satin\u00e9<\/strong><br \/>\nLe Memobottle A6 se distingue par son rev\u00eatement en poudre satin\u00e9 qui est \u00e0 la fois durable et \u00e9l\u00e9gant et qui compl\u00e8te tous les styles.<\/li>\n<li><strong>Design \u00e0 \u00e9coulement rapide<\/strong><br \/>\nAvec une ouverture de 28 mm de diam\u00e8tre, le Memobottle A6 assure un remplissage facile et une hydratation rapide, bien sup\u00e9rieure aux ouvertures de bouteilles traditionnelles.<\/li>\n<li><strong>Filetage interne<\/strong><br \/>\nLe filetage interne innovant offre une exp\u00e9rience d&#8217;hydratation d&#8217;une souplesse luxueuse et un aspect ultra-minimaliste. Ce design permet de garder la surface d&#8217;hydratation propre lorsqu&#8217;elle n&#8217;est pas utilis\u00e9e. <\/li>\n<li><strong>R\u00e9sistant \u00e0 l&#8217;eau chaude et au cong\u00e9lateur<\/strong><br \/>\nLa Memobottle peut r\u00e9sister \u00e0 des temp\u00e9ratures extr\u00eames, ce qui vous permet de verser des boissons chaudes ou froides en toute s\u00e9curit\u00e9.<\/li>\n<li><strong>Conception anti-fuite<\/strong><br \/>\nAvec un bouchon anti-fuite et un joint en silicone durable, cette bouteille garantit que rien ne se renverse et que votre sac \u00e0 dos reste sec.<\/li>\n<\/ul>\n<p>&nbsp;<\/p>\n<p><strong>Mat\u00e9riaux de haute qualit\u00e9<\/strong><\/p>\n<p>Le Memobottle A6 en acier inoxydable est fabriqu\u00e9 \u00e0 partir de mat\u00e9riaux de haute qualit\u00e9 qui garantissent la s\u00e9curit\u00e9 et la durabilit\u00e9 :<\/p>\n<ul>\n<li>Corps : acier inoxydable 304 de qualit\u00e9 alimentaire premium<\/li>\n<li>Couvercle : plastique sans BPA ni BPS<\/li>\n<li>Joint : silicone de qualit\u00e9 alimentaire<\/li>\n<\/ul>\n<p>&nbsp;<\/p>\n<p><strong>Masse, poids et capacit\u00e9<\/strong><\/p>\n<ul>\n<li>Dimensions : 181 x 105 x 37 mm<\/li>\n<li>Poids : 320 g<\/li>\n<li>Capacit\u00e9 : 500 ml<\/li>\n<\/ul>\n<p>&nbsp;<\/p>\n<p><strong>Un ajustement parfait<\/strong><\/p>\n<p>La Memobottle a \u00e9t\u00e9 con\u00e7ue pour s&#8217;adapter l\u00e0 o\u00f9 les bouteilles rondes traditionnelles ne peuvent pas aller. Elle se glisse sans effort dans les sacs \u00e0 main, les sacs \u00e0 dos, les poches et plus encore. Son design plat, inspir\u00e9 du papier, s&#8217;adapte parfaitement aux ordinateurs portables, livres et autres objets essentiels, optimisant ainsi l&#8217;espace dans votre sac.  <\/p>\n<p>&nbsp;<\/p>\n<p><strong>Respectueux de l&#8217;environnement et orient\u00e9 vers le but<\/strong><\/p>\n<p>Passez \u00e0 la Memobottle A6 et \u00e9liminez le besoin de bouteilles jetables. Son design compact r\u00e9pond \u00e0 vos besoins d&#8217;hydratation, m\u00eame dans les espaces les plus \u00e9troits ou lorsque vous voyagez l\u00e9ger. <\/p>\n<p>&nbsp;<\/p>\n<p><strong>Emporter de l&#8217;eau facilement<\/strong><\/p>\n<p>Dites adieu aux bouteilles en plastique jetables et accueillez un mode de vie durable avec la Memobottle A6. Ce n&#8217;est pas seulement une bouteille, c&#8217;est un engagement pour le confort, l&#8217;\u00e9l\u00e9gance et un impact global positif. <\/p>\n<p>&nbsp;<\/p>\n<p>Faites de la gourde Memobottle A6 en acier inoxydable votre compagnon de tous les jours. Am\u00e9liorez vos habitudes de consommation avec un style et une fonctionnalit\u00e9 incomparables. Commandez d\u00e8s aujourd&#8217;hui !  <\/p>\n","protected":false},"excerpt":{"rendered":"<p>Le Memobottle A6 en acier inoxydable a une capacit\u00e9 de 500 ml, il ne fuit pas, r\u00e9siste \u00e0 la chaleur et \u00e0 la cong\u00e9lation. Gr\u00e2ce \u00e0 son design plat, semblable \u00e0 du papier, elle se glisse parfaitement dans votre poche. Id\u00e9al pour les d\u00e9placements !  <\/p>\n","protected":false},"featured_media":101117,"comment_status":"open","ping_status":"closed","template":"","meta":{"_acf_changed":false},"product_brand":[3022],"product_cat":[849],"product_tag":[3292,3295],"class_list":{"0":"post-101587","1":"product","2":"type-product","3":"status-publish","4":"has-post-thumbnail","6":"product_brand-memobottle","7":"product_cat-gourdes","8":"product_tag-pour-lui","9":"product_tag-pour-vous","10":"product_shipping_class-colis-jusqua-2-kg","11":"pa_farbe-blanc","12":"pa_farbe-noir","14":"first","15":"instock","16":"taxable","17":"shipping-taxable","18":"purchasable","19":"product-type-variable"},"acf":[],"_links":{"self":[{"href":"https:\/\/one-horizon.ch\/fr\/wp-json\/wp\/v2\/product\/101587","targetHints":{"allow":["GET"]}}],"collection":[{"href":"https:\/\/one-horizon.ch\/fr\/wp-json\/wp\/v2\/product"}],"about":[{"href":"https:\/\/one-horizon.ch\/fr\/wp-json\/wp\/v2\/types\/product"}],"replies":[{"embeddable":true,"href":"https:\/\/one-horizon.ch\/fr\/wp-json\/wp\/v2\/comments?post=101587"}],"wp:featuredmedia":[{"embeddable":true,"href":"https:\/\/one-horizon.ch\/fr\/wp-json\/wp\/v2\/media\/101117"}],"wp:attachment":[{"href":"https:\/\/one-horizon.ch\/fr\/wp-json\/wp\/v2\/media?parent=101587"}],"wp:term":[{"taxonomy":"product_brand","embeddable":true,"href":"https:\/\/one-horizon.ch\/fr\/wp-json\/wp\/v2\/product_brand?post=101587"},{"taxonomy":"product_cat","embeddable":true,"href":"https:\/\/one-horizon.ch\/fr\/wp-json\/wp\/v2\/product_cat?post=101587"},{"taxonomy":"product_tag","embeddable":true,"href":"https:\/\/one-horizon.ch\/fr\/wp-json\/wp\/v2\/product_tag?post=101587"}],"curies":[{"name":"wp","href":"https:\/\/api.w.org\/{rel}","templated":true}]}}