{"id":101598,"date":"2024-08-01T14:50:56","date_gmt":"2024-08-01T12:50:56","guid":{"rendered":"https:\/\/one-horizon.ch\/product\/usb-c-64-go\/"},"modified":"2026-04-21T22:07:26","modified_gmt":"2026-04-21T20:07:26","slug":"usb-c-64-go","status":"publish","type":"product","link":"https:\/\/one-horizon.ch\/fr\/product\/usb-c-64-go\/","title":{"rendered":"USB-C 64 GO"},"content":{"rendered":"<p><strong>Profitez d&#8217;un transfert de donn\u00e9es rapide<\/strong><br \/>\nGr\u00e2ce \u00e0 la technologie USB 3.1 avanc\u00e9e, vous b\u00e9n\u00e9ficiez de vitesses de transfert de donn\u00e9es jusqu&#8217;\u00e0 dix fois plus rapides que les cl\u00e9s USB 2.0 traditionnelles. Cela permet non seulement de gagner du temps, mais facilite \u00e9galement la manipulation de fichiers volumineux. Gr\u00e2ce \u00e0 la conception r\u00e9versible, les manipulations fastidieuses du port USB appartiennent au pass\u00e9.  <\/p>\n<p>&nbsp;<\/p>\n<p><strong>Parfait pour votre organiseur \u00e0 cl\u00e9s<\/strong><br \/>\nLe bo\u00eetier fin et r\u00e9sistant de l&#8217;Orbitkey USB-C 64 Go est fabriqu\u00e9 en alliage de zinc de haute qualit\u00e9, ce qui lui conf\u00e8re non seulement une grande durabilit\u00e9, mais aussi une touche de style. Son design minimaliste s&#8217;int\u00e8gre parfaitement \u00e0 votre organiseur \u00e0 cl\u00e9s et offre une solution de stockage discr\u00e8te mais fonctionnelle. Vos fichiers sont ainsi toujours bien prot\u00e9g\u00e9s et \u00e0 port\u00e9e de main sans volume suppl\u00e9mentaire.  <\/p>\n<p>&nbsp;<\/p>\n<p><strong>Meilleure compatibilit\u00e9<\/strong><br \/>\nLes appareils modernes exigent des accessoires modernes &#8211; gr\u00e2ce au port USB-C, la cl\u00e9 USB Orbitkey est parfaitement compatible avec les derniers smartphones et autres appareils. Aucun adaptateur suppl\u00e9mentaire n&#8217;est donc n\u00e9cessaire, ce qui facilite encore plus votre quotidien. <\/p>\n<p>&nbsp;<\/p>\n<p><strong>D\u00e9tails de conception<\/strong><br \/>\nAvec une longueur de 45mm, une largeur de 16mm et une hauteur de seulement 4,7mm, l&#8217;Orbitkey USB-C 64GB offre l&#8217;\u00e9quilibre parfait entre compacit\u00e9 et fonctionnalit\u00e9.<\/p>\n<p>&nbsp;<\/p>\n<p><strong>Ce qui est inclus dans le package<\/strong><br \/>\nEn plus de la cl\u00e9 USB, vous recevrez un guide de d\u00e9marrage rapide d\u00e9taill\u00e9 pour vous aider \u00e0 d\u00e9marrer.<\/p>\n<p>&nbsp;<\/p>\n<p><strong>Optez pour Orbitkey USB-C 64GB<\/strong><br \/>\nD\u00e9couvrez \u00e0 quel point le stockage portable peut \u00eatre transparent et efficace. L&#8217;Orbitkey USB-C 64 Go vous offre un transfert de donn\u00e9es rapide, un design moderne et une compatibilit\u00e9 maximale. Procurez-vous cette \u00e9l\u00e9gante merveille de stockage et mettez fin \u00e0 l&#8217;enchev\u00eatrement de c\u00e2bles et de p\u00e9riph\u00e9riques !  <\/p>\n","protected":false},"excerpt":{"rendered":"<p>L&#8217;Orbitkey USB-C 64 Go offre un transfert de donn\u00e9es ultra-rapide, s&#8217;int\u00e8gre parfaitement dans votre organiseur \u00e0 cl\u00e9s et est compatible avec les appareils modernes. Design \u00e9l\u00e9gant en alliage de zinc durable pour des fichiers toujours \u00e0 port\u00e9e de main. <\/p>\n","protected":false},"featured_media":101408,"comment_status":"open","ping_status":"closed","template":"","meta":{"_acf_changed":false},"product_brand":[3032],"product_cat":[945],"product_tag":[],"class_list":{"0":"post-101598","1":"product","2":"type-product","3":"status-publish","4":"has-post-thumbnail","6":"product_brand-orbitkey","7":"product_cat-oakywood-fr-2","8":"product_shipping_class-petit-envoi","10":"first","11":"instock","12":"taxable","13":"shipping-taxable","14":"purchasable","15":"product-type-simple"},"acf":[],"_links":{"self":[{"href":"https:\/\/one-horizon.ch\/fr\/wp-json\/wp\/v2\/product\/101598","targetHints":{"allow":["GET"]}}],"collection":[{"href":"https:\/\/one-horizon.ch\/fr\/wp-json\/wp\/v2\/product"}],"about":[{"href":"https:\/\/one-horizon.ch\/fr\/wp-json\/wp\/v2\/types\/product"}],"replies":[{"embeddable":true,"href":"https:\/\/one-horizon.ch\/fr\/wp-json\/wp\/v2\/comments?post=101598"}],"wp:featuredmedia":[{"embeddable":true,"href":"https:\/\/one-horizon.ch\/fr\/wp-json\/wp\/v2\/media\/101408"}],"wp:attachment":[{"href":"https:\/\/one-horizon.ch\/fr\/wp-json\/wp\/v2\/media?parent=101598"}],"wp:term":[{"taxonomy":"product_brand","embeddable":true,"href":"https:\/\/one-horizon.ch\/fr\/wp-json\/wp\/v2\/product_brand?post=101598"},{"taxonomy":"product_cat","embeddable":true,"href":"https:\/\/one-horizon.ch\/fr\/wp-json\/wp\/v2\/product_cat?post=101598"},{"taxonomy":"product_tag","embeddable":true,"href":"https:\/\/one-horizon.ch\/fr\/wp-json\/wp\/v2\/product_tag?post=101598"}],"curies":[{"name":"wp","href":"https:\/\/api.w.org\/{rel}","templated":true}]}}