{"id":101599,"date":"2024-07-31T02:23:51","date_gmt":"2024-07-31T00:23:51","guid":{"rendered":"https:\/\/one-horizon.ch\/product\/memobottle-slim-acier-inoxydable\/"},"modified":"2026-04-07T23:23:01","modified_gmt":"2026-04-07T21:23:01","slug":"memobottle-slim-acier-inoxydable","status":"publish","type":"product","link":"https:\/\/one-horizon.ch\/fr\/product\/memobottle-slim-acier-inoxydable\/","title":{"rendered":"Memobottle Slim Acier inoxydable"},"content":{"rendered":"<p>Solution d&#8217;hydratation haute et \u00e9l\u00e9gante<\/p>\n<p>D\u00e9couvrez la combinaison parfaite entre style, fonctionnalit\u00e9 et confort avec la gourde Memobottle Slim en acier inoxydable. Connue pour son design haut et \u00e9l\u00e9gant, cette gourde fine se glisse sans effort dans les espaces les plus \u00e9troits et est toujours \u00e0 port\u00e9e de main lorsque vous en avez besoin. <\/p>\n<p>&nbsp;<\/p>\n<p><strong>Des caract\u00e9ristiques exceptionnelles<\/strong><\/p>\n<ul>\n<li><strong>Rev\u00eatement en poudre satin\u00e9<\/strong><br \/>\nLe Memobottle se distingue par un rev\u00eatement en poudre satin\u00e9 qui allie \u00e9l\u00e9gance et durabilit\u00e9, et devient un compagnon \u00e9l\u00e9gant au quotidien.<\/li>\n<li><strong>Design \u00e0 \u00e9coulement rapide<\/strong><br \/>\nAvec une ouverture de 28 mm de diam\u00e8tre, le Memobottle Slim assure un remplissage facile et une hydratation rapide, d\u00e9passant ainsi les ouvertures de bouteilles traditionnelles.<\/li>\n<li><strong>Filetage interne<\/strong><br \/>\nLe filetage interne innovant offre une exp\u00e9rience d&#8217;hydratation d&#8217;une souplesse luxueuse et un aspect minimaliste. Cette conception permet de garder la surface d&#8217;hydratation propre lorsqu&#8217;elle n&#8217;est pas utilis\u00e9e. <\/li>\n<li><strong>R\u00e9sistant \u00e0 l&#8217;eau chaude et au cong\u00e9lateur<\/strong><br \/>\nLa Memobottle peut r\u00e9sister \u00e0 des temp\u00e9ratures extr\u00eames et vous permet de verser des boissons chaudes ou froides sans crainte.<\/li>\n<li><strong>Conception anti-fuite<\/strong><br \/>\nAvec un bouchon anti-fuite et un joint en silicone durable, cette bouteille garantit que rien ne se renverse et que votre sac \u00e0 dos reste sec.<\/li>\n<\/ul>\n<p>&nbsp;<\/p>\n<p><strong>Mat\u00e9riaux de haute qualit\u00e9<\/strong><\/p>\n<p>Le Memobottle Slim en acier inoxydable est fabriqu\u00e9 \u00e0 partir de mat\u00e9riaux de haute qualit\u00e9 afin de garantir la s\u00e9curit\u00e9 et la durabilit\u00e9 :<\/p>\n<ul>\n<li>Corps : acier inoxydable 304 de qualit\u00e9 alimentaire premium<\/li>\n<li>Couvercle : plastique sans BPA ni BPS<\/li>\n<li>Joint : silicone de qualit\u00e9 alimentaire<\/li>\n<\/ul>\n<p>&nbsp;<\/p>\n<p><strong>Masse, poids et capacit\u00e9<\/strong><\/p>\n<ul>\n<li>Dimensions : 268 x 80 x 37 mm<\/li>\n<li>Poids : 365 g<\/li>\n<li>Capacit\u00e9 : 600 ml<\/li>\n<\/ul>\n<p>&nbsp;<\/p>\n<p><strong>Un ajustement parfait<\/strong><\/p>\n<p>La Memobottle a \u00e9t\u00e9 con\u00e7ue pour s&#8217;adapter l\u00e0 o\u00f9 les bouteilles rondes traditionnelles ne s&#8217;adaptent pas. Elle se glisse facilement dans les sacs \u00e0 main, les sacs \u00e0 dos, les poches et plus encore. Son design plat, inspir\u00e9 du papier, s&#8217;adapte parfaitement aux ordinateurs portables, livres et autres objets essentiels, et optimise l&#8217;espace dans votre sac.  <\/p>\n<p>&nbsp;<\/p>\n<p><strong>Respectueux de l&#8217;environnement et orient\u00e9 vers le but<\/strong><\/p>\n<p>Passez \u00e0 la Memobottle Slim et \u00e9liminez le besoin de bouteilles jetables. Son design compact r\u00e9pond \u00e0 vos besoins d&#8217;hydratation, m\u00eame dans les espaces les plus \u00e9troits ou lorsque vous voyagez l\u00e9ger. De plus, chaque achat soutient Water.org et offre cinq mois d&#8217;eau potable et d&#8217;assainissement \u00e0 des communaut\u00e9s dans le besoin dans le monde entier.  <\/p>\n<p>&nbsp;<\/p>\n<p><strong>Emporter de l&#8217;eau facilement<\/strong><\/p>\n<p>Dites adieu aux bouteilles en plastique jetables et adoptez un style de vie durable avec la Memobottle Slim. Ce n&#8217;est pas seulement une bouteille ; c&#8217;est un engagement pour le confort, l&#8217;\u00e9l\u00e9gance et un impact global positif. <\/p>\n<p>&nbsp;<\/p>\n<p>Faites de la gourde Memobottle Slim en acier inoxydable votre compagnon de tous les jours. Am\u00e9liorez vos habitudes de consommation avec un style et une fonctionnalit\u00e9 incomparables. Commandez d\u00e8s aujourd&#8217;hui !  <\/p>\n","protected":false},"excerpt":{"rendered":"<p>L&#8217;\u00e9l\u00e9gante gourde Memobottle Slim en acier inoxydable se glisse dans votre poche. Anti-fuite, robuste et r\u00e9sistante \u00e0 la temp\u00e9rature, elle offre une solution d&#8217;hydratation parfaite pour les d\u00e9placements gr\u00e2ce \u00e0 son design innovant. <\/p>\n","protected":false},"featured_media":101095,"comment_status":"open","ping_status":"closed","template":"","meta":{"_acf_changed":false},"product_brand":[3022],"product_cat":[849],"product_tag":[3292,3295],"class_list":{"0":"post-101599","1":"product","2":"type-product","3":"status-publish","4":"has-post-thumbnail","6":"product_brand-memobottle","7":"product_cat-gourdes","8":"product_tag-pour-lui","9":"product_tag-pour-vous","10":"product_shipping_class-colis-jusqua-2-kg","12":"first","13":"instock","14":"taxable","15":"shipping-taxable","16":"purchasable","17":"product-type-variable"},"acf":[],"_links":{"self":[{"href":"https:\/\/one-horizon.ch\/fr\/wp-json\/wp\/v2\/product\/101599","targetHints":{"allow":["GET"]}}],"collection":[{"href":"https:\/\/one-horizon.ch\/fr\/wp-json\/wp\/v2\/product"}],"about":[{"href":"https:\/\/one-horizon.ch\/fr\/wp-json\/wp\/v2\/types\/product"}],"replies":[{"embeddable":true,"href":"https:\/\/one-horizon.ch\/fr\/wp-json\/wp\/v2\/comments?post=101599"}],"wp:featuredmedia":[{"embeddable":true,"href":"https:\/\/one-horizon.ch\/fr\/wp-json\/wp\/v2\/media\/101095"}],"wp:attachment":[{"href":"https:\/\/one-horizon.ch\/fr\/wp-json\/wp\/v2\/media?parent=101599"}],"wp:term":[{"taxonomy":"product_brand","embeddable":true,"href":"https:\/\/one-horizon.ch\/fr\/wp-json\/wp\/v2\/product_brand?post=101599"},{"taxonomy":"product_cat","embeddable":true,"href":"https:\/\/one-horizon.ch\/fr\/wp-json\/wp\/v2\/product_cat?post=101599"},{"taxonomy":"product_tag","embeddable":true,"href":"https:\/\/one-horizon.ch\/fr\/wp-json\/wp\/v2\/product_tag?post=101599"}],"curies":[{"name":"wp","href":"https:\/\/api.w.org\/{rel}","templated":true}]}}