{"id":101611,"date":"2024-07-30T16:38:18","date_gmt":"2024-07-30T14:38:18","guid":{"rendered":"https:\/\/one-horizon.ch\/product\/arrosoir-bloom\/"},"modified":"2026-03-30T00:19:33","modified_gmt":"2026-03-29T22:19:33","slug":"arrosoir-bloom","status":"publish","type":"product","link":"https:\/\/one-horizon.ch\/fr\/product\/arrosoir-bloom\/","title":{"rendered":"Arrosoir Bloom"},"content":{"rendered":"<p>L&#8217;arrosoir Bloom est un \u00e9l\u00e9gant arrosoir d&#8217;int\u00e9rieur en acier inoxydable rev\u00eatu par poudre avec une finition mate, disponible en deux couleurs attrayantes : vert fonc\u00e9 (Pine) et couleur sable. Con\u00e7u par le duo de designers allemands B\u00f6ttcher &amp; Kayser, son design a pour objectif de cr\u00e9er des produits simples et originaux, sans d\u00e9tails superflus. L&#8217;inspiration vient de la forme cylindrique forte et intemporelle, associ\u00e9e \u00e0 une interpr\u00e9tation moderne de la carafe isolante classique EM77 de Stelton.  <\/p>\n<p>Les formes simples de l&#8217;arrosoir Bloom donnent l&#8217;impression que l&#8217;anse et le bec verseur sont parfaitement int\u00e9gr\u00e9s \u00e0 l&#8217;arrosoir. Cette esth\u00e9tique s&#8217;accompagne d&#8217;une grande fonctionnalit\u00e9, car l&#8217;arrosoir peut \u00e9galement \u00eatre mis en sc\u00e8ne de mani\u00e8re d\u00e9corative. Le bec verseur long et \u00e9troit facilite l&#8217;arrosage des petites casseroles sans renverser d&#8217;eau, et sa conception intelligente permet une utilisation sans gouttes. De plus, un tapis en silicone rainur\u00e9 plac\u00e9 sous le fond du pichet offre des propri\u00e9t\u00e9s antid\u00e9rapantes qui assurent une bonne stabilit\u00e9. Bloom allie ainsi fonctionnalit\u00e9 et design avec style.    <\/p>\n<ul class=\"product-detail__usp\">\n<li>Cadeau parfait pour l&#8217;esth\u00e8te \u00e0 la main verte, pour une amie ou pour la f\u00eate des m\u00e8res<\/li>\n<li>Arrosoir d&#8217;int\u00e9rieur fonctionnel et d\u00e9coratif<\/li>\n<li>Une prise en main s\u00fbre<\/li>\n<li>Sans gouttes et antid\u00e9rapant<\/li>\n<\/ul>\n<p>&nbsp;<\/p>\n<p><strong>Mode d&#8217;emploi<\/strong><\/p>\n<p>Pour le nettoyage, utilisez de l&#8217;eau chaude et un d\u00e9tergent doux. L&#8217;arrosoir doit \u00eatre enti\u00e8rement vid\u00e9 apr\u00e8s l&#8217;arrosage, il ne doit pas rester d&#8217;eau ou d&#8217;engrais dans l&#8217;arrosoir pendant une p\u00e9riode prolong\u00e9e. <\/p>\n","protected":false},"excerpt":{"rendered":"<p>Arrosoir \u00e9l\u00e9gant en acier inoxydable rev\u00eatu par poudre, con\u00e7u par le duo allemand B\u00f6ttcher &amp; Kayser. Design intemporel et fonctionnel, anti-gouttes et antid\u00e9rapant &#8211; parfait comme cadeau pour les amateurs de plantes. <\/p>\n","protected":false},"featured_media":100946,"comment_status":"open","ping_status":"closed","template":"","meta":{"_acf_changed":false},"product_brand":[3041],"product_cat":[1364],"product_tag":[],"class_list":{"0":"post-101611","1":"product","2":"type-product","3":"status-publish","4":"has-post-thumbnail","6":"product_brand-stelton","7":"product_cat-jardin-et-exterieur","8":"product_shipping_class-colis-jusqua-2-kg","9":"pa_farbe-blanc","10":"pa_farbe-pine-fr","12":"first","13":"instock","14":"taxable","15":"shipping-taxable","16":"purchasable","17":"product-type-variable"},"acf":[],"_links":{"self":[{"href":"https:\/\/one-horizon.ch\/fr\/wp-json\/wp\/v2\/product\/101611","targetHints":{"allow":["GET"]}}],"collection":[{"href":"https:\/\/one-horizon.ch\/fr\/wp-json\/wp\/v2\/product"}],"about":[{"href":"https:\/\/one-horizon.ch\/fr\/wp-json\/wp\/v2\/types\/product"}],"replies":[{"embeddable":true,"href":"https:\/\/one-horizon.ch\/fr\/wp-json\/wp\/v2\/comments?post=101611"}],"wp:featuredmedia":[{"embeddable":true,"href":"https:\/\/one-horizon.ch\/fr\/wp-json\/wp\/v2\/media\/100946"}],"wp:attachment":[{"href":"https:\/\/one-horizon.ch\/fr\/wp-json\/wp\/v2\/media?parent=101611"}],"wp:term":[{"taxonomy":"product_brand","embeddable":true,"href":"https:\/\/one-horizon.ch\/fr\/wp-json\/wp\/v2\/product_brand?post=101611"},{"taxonomy":"product_cat","embeddable":true,"href":"https:\/\/one-horizon.ch\/fr\/wp-json\/wp\/v2\/product_cat?post=101611"},{"taxonomy":"product_tag","embeddable":true,"href":"https:\/\/one-horizon.ch\/fr\/wp-json\/wp\/v2\/product_tag?post=101611"}],"curies":[{"name":"wp","href":"https:\/\/api.w.org\/{rel}","templated":true}]}}