{"id":101615,"date":"2024-07-30T16:18:22","date_gmt":"2024-07-30T14:18:22","guid":{"rendered":"https:\/\/one-horizon.ch\/product\/lampe-de-table-pier\/"},"modified":"2026-03-30T00:19:33","modified_gmt":"2026-03-29T22:19:33","slug":"lampe-de-table-pier","status":"publish","type":"product","link":"https:\/\/one-horizon.ch\/fr\/product\/lampe-de-table-pier\/","title":{"rendered":"Pier lampe de table"},"content":{"rendered":"<p>La lampe de table Pier est une r\u00e9interpr\u00e9tation r\u00e9ussie de la lampe de bateau classique, \u00e0 laquelle elle doit son nom. Sa lumi\u00e8re agr\u00e9able prolonge les chaudes soir\u00e9es d&#8217;\u00e9t\u00e9 sur la terrasse ou le balcon. Gr\u00e2ce \u00e0 sa poign\u00e9e pratique sur le dessus, la lampe est facile \u00e0 transporter et flexible \u00e0 utiliser.  <\/p>\n<p>&nbsp;<\/p>\n<p><strong>Polyvalent<\/strong><br \/>\nPier peut \u00eatre utilis\u00e9 aussi bien \u00e0 l&#8217;int\u00e9rieur qu&#8217;\u00e0 l&#8217;ext\u00e9rieur (par temps sec et \u00e0 des temp\u00e9ratures sup\u00e9rieures \u00e0 z\u00e9ro). Que ce soit dans le salon, sur le balcon ou la terrasse, la lampe cr\u00e9e l&#8217;ambiance partout. <\/p>\n<p>&nbsp;<\/p>\n<p><strong>Luminosit\u00e9 r\u00e9glable<\/strong><br \/>\nLe luminaire LED peut \u00eatre r\u00e9gl\u00e9 sur trois niveaux de luminosit\u00e9 diff\u00e9rents (100 %, 70 % et 40 %), ce qui permet de l&#8217;ajuster parfaitement en fonction des besoins et de l&#8217;atmosph\u00e8re souhait\u00e9e.<\/p>\n<p>&nbsp;<\/p>\n<p><strong>Sans fil et rechargeable<\/strong><br \/>\nPier est sans fil et se recharge \u00e0 l&#8217;aide du c\u00e2ble USB fourni (remarque : une prise murale n&#8217;est pas incluse). Le temps de charge est d&#8217;environ 10-12 heures. <\/p>\n<p>&nbsp;<\/p>\n<p><strong>Batterie longue dur\u00e9e<\/strong><br \/>\nLa batterie dure environ 8 heures \u00e0 100 % d&#8217;intensit\u00e9 lumineuse, plus de 30 heures \u00e0 70 % et plus de 60 heures \u00e0 40 %.<\/p>\n<p>&nbsp;<\/p>\n<p><strong>Design moderne<\/strong><br \/>\nAvec son design moderne et styl\u00e9, Pier s&#8217;int\u00e8gre harmonieusement dans tous les int\u00e9rieurs et attire tous les regards.<\/p>\n<p>&nbsp;<\/p>\n<p><strong>Contenu de la livraison<\/strong><br \/>\n&#8211; Pier Lampe LED portable<br \/>\n&#8211; C\u00e2ble USB (100 cm de long)<\/p>\n<p>La lampe de table Pier associe des \u00e9l\u00e9ments traditionnels \u00e0 un design moderne et constitue le compl\u00e9ment id\u00e9al pour les soir\u00e9es de d\u00e9tente \u00e0 l&#8217;int\u00e9rieur comme \u00e0 l&#8217;ext\u00e9rieur.<\/p>\n<p>&nbsp;<\/p>\n<div><b>R\u00e9f. N\u00b0 de r\u00e9f\u00e9rence :<\/b> 614<\/div>\n<div class=\"show-more expanded\">\n<div><b>Mat\u00e9riau :<\/b> fer, peinture en poudre, plastique ABS<\/div>\n<div><b>Tension :<\/b> 5<\/div>\n<div><b>Watt_Usage :<\/b> 5 W<\/div>\n<\/div>\n","protected":false},"excerpt":{"rendered":"<p>La lampe LED Pier est une lampe portable sans fil avec 3 niveaux de luminosit\u00e9. Elle est id\u00e9ale pour l&#8217;int\u00e9rieur et l&#8217;ext\u00e9rieur. Elle s\u00e9duit par son design moderne et sa longue dur\u00e9e de vie des piles. C\u00e2ble USB inclus.   <\/p>\n","protected":false},"featured_media":100901,"comment_status":"open","ping_status":"closed","template":"","meta":{"_acf_changed":false},"product_brand":[3041],"product_cat":[1315],"product_tag":[],"class_list":{"0":"post-101615","1":"product","2":"type-product","3":"status-publish","4":"has-post-thumbnail","6":"product_brand-stelton","7":"product_cat-eclairage","8":"product_shipping_class-colis-jusqua-2-kg","10":"first","11":"instock","12":"taxable","13":"shipping-taxable","14":"purchasable","15":"product-type-variable","16":"has-default-attributes"},"acf":[],"_links":{"self":[{"href":"https:\/\/one-horizon.ch\/fr\/wp-json\/wp\/v2\/product\/101615","targetHints":{"allow":["GET"]}}],"collection":[{"href":"https:\/\/one-horizon.ch\/fr\/wp-json\/wp\/v2\/product"}],"about":[{"href":"https:\/\/one-horizon.ch\/fr\/wp-json\/wp\/v2\/types\/product"}],"replies":[{"embeddable":true,"href":"https:\/\/one-horizon.ch\/fr\/wp-json\/wp\/v2\/comments?post=101615"}],"wp:featuredmedia":[{"embeddable":true,"href":"https:\/\/one-horizon.ch\/fr\/wp-json\/wp\/v2\/media\/100901"}],"wp:attachment":[{"href":"https:\/\/one-horizon.ch\/fr\/wp-json\/wp\/v2\/media?parent=101615"}],"wp:term":[{"taxonomy":"product_brand","embeddable":true,"href":"https:\/\/one-horizon.ch\/fr\/wp-json\/wp\/v2\/product_brand?post=101615"},{"taxonomy":"product_cat","embeddable":true,"href":"https:\/\/one-horizon.ch\/fr\/wp-json\/wp\/v2\/product_cat?post=101615"},{"taxonomy":"product_tag","embeddable":true,"href":"https:\/\/one-horizon.ch\/fr\/wp-json\/wp\/v2\/product_tag?post=101615"}],"curies":[{"name":"wp","href":"https:\/\/api.w.org\/{rel}","templated":true}]}}