{"id":102198,"date":"2024-08-12T23:34:06","date_gmt":"2024-08-12T21:34:06","guid":{"rendered":"https:\/\/one-horizon.ch\/product\/tego-7-4-noir-gris-bleu-clair\/"},"modified":"2026-04-07T23:02:53","modified_gmt":"2026-04-07T21:02:53","slug":"tego-7-4-noir-gris-bleu-clair","status":"publish","type":"product","link":"https:\/\/one-horizon.ch\/fr\/product\/tego-7-4-noir-gris-bleu-clair\/","title":{"rendered":"Tego 7.4 &#8211; noir-gris-bleu clair"},"content":{"rendered":"<p>D\u00e9couvrez la combinaison parfaite entre fonctionnalit\u00e9 et style avec la sacoche de coursier pour ordinateur portable 7clouds Tego 7.4. Cette sacoche \u00e9l\u00e9gante, disponible en noir, gris et bleu clair, est le compagnon id\u00e9al du citadin moderne. Elle offre non seulement une organisation bien pens\u00e9e, mais aussi un design impressionnant.  <\/p>\n<p><strong>Taille<\/strong><br \/>\nGr\u00e2ce \u00e0 ses dimensions de 36 cm x 29 cm x 10 cm, le Tego 7.4 offre suffisamment de place pour tous les ustensiles importants sans pour autant \u00eatre encombrant.<\/p>\n<p><strong>Mat\u00e9riaux<\/strong><br \/>\nFabriqu\u00e9 en tarpaulin robuste et en cuir de haute qualit\u00e9 certifi\u00e9 LGW, ce sac est synonyme de durabilit\u00e9 et de respect de l&#8217;environnement. Le cuir certifi\u00e9 r\u00e9pond aux normes strictes du Leather Working Group, garantissant ainsi une production responsable et durable. <\/p>\n<p><strong>Ext\u00e9rieur<\/strong><br \/>\nLe rabat avec fermeture G-Hook assure non seulement la s\u00e9curit\u00e9, mais aussi une ouverture et une fermeture faciles et rapides du sac. Deux poches zipp\u00e9es suppl\u00e9mentaires &#8211; une \u00e0 l&#8217;avant et une \u00e0 l&#8217;arri\u00e8re &#8211; permettent d&#8217;acc\u00e9der rapidement aux petits objets. La poign\u00e9e renforc\u00e9e garantit un transport confortable, m\u00eame lors de longs trajets.  <\/p>\n<p><strong>Int\u00e9rieur<\/strong><br \/>\nL&#8217;int\u00e9rieur bien pens\u00e9 de la sacoche comprend un compartiment rembourr\u00e9 pour ordinateur portable, sp\u00e9cialement con\u00e7u pour les ordinateurs portables de 14 pouces. Deux poches suppl\u00e9mentaires offrent un espace optimal pour votre smartphone, vos carnets de notes ou autres objets personnels. <\/p>\n<p><strong>Production<\/strong><br \/>\nLe sac de coursier 7clouds est soigneusement fabriqu\u00e9 \u00e0 la main et est certifi\u00e9 BSCI, ce qui garantit des conditions de travail \u00e9quitables et une responsabilit\u00e9 sociale tout au long de la cha\u00eene de production.<\/p>\n<p>&nbsp;<\/p>\n<p>Le sac de transport pour ordinateur portable Tego 7.4 de 7clouds est le choix id\u00e9al pour les navetteurs, les \u00e9tudiants et tous ceux qui recherchent la qualit\u00e9 et un design bien pens\u00e9. D\u00e9couvrez \u00e0 quel point une utilisation pratique peut \u00eatre \u00e9l\u00e9gante. <\/p>\n","protected":false},"excerpt":{"rendered":"<p>Le sac de coursier 7clouds Tego 7.4 allie fonctionnalit\u00e9 et style : Tarpaulin robuste, sac certifi\u00e9 LGW. cuir, compartiment pour ordinateur portable (14&#8243;), fermeture G-Hook, fabrication artisanale. <\/p>\n","protected":false},"featured_media":102193,"comment_status":"open","ping_status":"closed","template":"","meta":{"_acf_changed":false},"product_brand":[2984],"product_cat":[1396],"product_tag":[3292],"class_list":{"0":"post-102198","1":"product","2":"type-product","3":"status-publish","4":"has-post-thumbnail","6":"product_brand-7clouds","7":"product_cat-sacs-pour-ordinateur-portable","8":"product_tag-pour-lui","9":"product_shipping_class-colis-jusqua-2-kg","11":"first","12":"onbackorder","13":"taxable","14":"shipping-taxable","15":"purchasable","16":"product-type-simple"},"acf":[],"_links":{"self":[{"href":"https:\/\/one-horizon.ch\/fr\/wp-json\/wp\/v2\/product\/102198","targetHints":{"allow":["GET"]}}],"collection":[{"href":"https:\/\/one-horizon.ch\/fr\/wp-json\/wp\/v2\/product"}],"about":[{"href":"https:\/\/one-horizon.ch\/fr\/wp-json\/wp\/v2\/types\/product"}],"replies":[{"embeddable":true,"href":"https:\/\/one-horizon.ch\/fr\/wp-json\/wp\/v2\/comments?post=102198"}],"wp:featuredmedia":[{"embeddable":true,"href":"https:\/\/one-horizon.ch\/fr\/wp-json\/wp\/v2\/media\/102193"}],"wp:attachment":[{"href":"https:\/\/one-horizon.ch\/fr\/wp-json\/wp\/v2\/media?parent=102198"}],"wp:term":[{"taxonomy":"product_brand","embeddable":true,"href":"https:\/\/one-horizon.ch\/fr\/wp-json\/wp\/v2\/product_brand?post=102198"},{"taxonomy":"product_cat","embeddable":true,"href":"https:\/\/one-horizon.ch\/fr\/wp-json\/wp\/v2\/product_cat?post=102198"},{"taxonomy":"product_tag","embeddable":true,"href":"https:\/\/one-horizon.ch\/fr\/wp-json\/wp\/v2\/product_tag?post=102198"}],"curies":[{"name":"wp","href":"https:\/\/api.w.org\/{rel}","templated":true}]}}