{"id":102577,"date":"2024-08-15T19:14:56","date_gmt":"2024-08-15T17:14:56","guid":{"rendered":"https:\/\/one-horizon.ch\/product\/boyhood-ballon-dog-large\/"},"modified":"2026-03-30T00:19:06","modified_gmt":"2026-03-29T22:19:06","slug":"boyhood-ballon-dog","status":"publish","type":"product","link":"https:\/\/one-horizon.ch\/fr\/product\/boyhood-ballon-dog\/","title":{"rendered":"Ballon D&#8217;og"},"content":{"rendered":"<p><strong>Ballon D&#8217;og &#8211; \u00c9l\u00e9gance intemporelle &amp; joie enfantine<\/strong><\/p>\n<p>D\u00e9couvrez le Ballon D&#8217;og, un objet au design enchanteur qui transforme la joie enfantine des animaux en ballons en une forme durable et \u00e9l\u00e9gante. Fabriqu\u00e9 en bois de ch\u00eane durable de haute qualit\u00e9, le Ballon D&#8217;og incarne un morceau d&#8217;enfance \u00e9ternelle qui ne perd jamais son &#8220;souffle&#8221;. Gr\u00e2ce \u00e0 l&#8217;utilisation de bois certifi\u00e9 FSC, chaque exemplaire n&#8217;est pas seulement synonyme de plaisir esth\u00e9tique, mais aussi de design respectueux de l&#8217;environnement.  <\/p>\n<p>&nbsp;<\/p>\n<p><strong>Disponible en deux tailles<\/strong><\/p>\n<ul>\n<li><strong>Large :<\/strong> Hauteur : 30 cm | Largeur : 12,5 cm | Longueur : 37,5 cm<\/li>\n<li><strong>Small :<\/strong> Hauteur : 13 cm | Largeur : 5,5 cm | Longueur : 16,5 cm<\/li>\n<\/ul>\n<p>&nbsp;<\/p>\n<p><strong>Deux versions de couleurs<\/strong><\/p>\n<ul>\n<li><strong>Mod\u00e8le clair :<\/strong> en ch\u00eane blanc europ\u00e9en FSC<\/li>\n<li><strong>Mod\u00e8le fonc\u00e9 :<\/strong> en ch\u00eane europ\u00e9en FSC fum\u00e9<\/li>\n<\/ul>\n<p>&nbsp;<\/p>\n<p><strong>Caract\u00e9ristiques particuli\u00e8res<\/strong><\/p>\n<ul>\n<li><strong>Durable &amp; intemporel :<\/strong> contrairement aux vrais ballons qui perdent de leur beaut\u00e9 avec le temps, le Ballon D&#8217;og conserve toujours une forme parfaite.<\/li>\n<li><strong>Durable &amp; Responsable :<\/strong> Fabriqu\u00e9 en bois de ch\u00eane certifi\u00e9 FSC, cet objet de d\u00e9coration contribue \u00e0 la promotion d&#8217;une gestion responsable des for\u00eats.<\/li>\n<li><strong>Polyvalent &amp; \u00e9l\u00e9gant :<\/strong> Disponible en deux tailles et deux couleurs, le Ballon D&#8217;og s&#8217;int\u00e8gre parfaitement dans diff\u00e9rents int\u00e9rieurs et apporte une touche artistique.<\/li>\n<li><strong>Objet design unique :<\/strong> chaque Ballon D&#8217;og est une \u0153uvre d&#8217;art qui allie nostalgie et \u00e9l\u00e9gance moderne, id\u00e9al comme cadeau ou pour embellir sa propre maison.<\/li>\n<\/ul>\n<p>&nbsp;<\/p>\n<p>Laissez-vous enchanter par le **Ballon D&#8217;og** &#8211; la combinaison parfaite de l&#8217;imagination enfantine et du design de bon go\u00fbt. Que ce soit pour attirer l&#8217;attention dans votre salon ou pour offrir un cadeau sp\u00e9cial, le Ballon D&#8217;og ajoute une touche ludique mais \u00e9l\u00e9gante \u00e0 tout environnement. <\/p>\n","protected":false},"excerpt":{"rendered":"<p>Le Ballon D&#8217;og transforme les souvenirs d&#8217;enfance des animaux en ballons en sculptures en bois \u00e9l\u00e9gantes. Disponible en deux tailles et couleurs, en bois de ch\u00eane certifi\u00e9 FSC, il allie durabilit\u00e9 et esth\u00e9tique intemporelle. Une \u0153uvre d&#8217;art charmante pour chaque foyer.  <\/p>\n","protected":false},"featured_media":105890,"comment_status":"open","ping_status":"closed","template":"","meta":{"_acf_changed":false},"product_brand":[2987],"product_cat":[1297],"product_tag":[],"class_list":{"0":"post-102577","1":"product","2":"type-product","3":"status-publish","4":"has-post-thumbnail","6":"product_brand-boyhood","7":"product_cat-accessoires-dinterieur","8":"product_shipping_class-colis-jusqua-2-kg","9":"pa_grosse-grand","10":"pa_grosse-petit","11":"pa_holz-bois-de-chene","12":"pa_holz-chene-fume","14":"first","15":"onbackorder","16":"taxable","17":"shipping-taxable","18":"purchasable","19":"product-type-variable"},"acf":[],"_links":{"self":[{"href":"https:\/\/one-horizon.ch\/fr\/wp-json\/wp\/v2\/product\/102577","targetHints":{"allow":["GET"]}}],"collection":[{"href":"https:\/\/one-horizon.ch\/fr\/wp-json\/wp\/v2\/product"}],"about":[{"href":"https:\/\/one-horizon.ch\/fr\/wp-json\/wp\/v2\/types\/product"}],"replies":[{"embeddable":true,"href":"https:\/\/one-horizon.ch\/fr\/wp-json\/wp\/v2\/comments?post=102577"}],"wp:featuredmedia":[{"embeddable":true,"href":"https:\/\/one-horizon.ch\/fr\/wp-json\/wp\/v2\/media\/105890"}],"wp:attachment":[{"href":"https:\/\/one-horizon.ch\/fr\/wp-json\/wp\/v2\/media?parent=102577"}],"wp:term":[{"taxonomy":"product_brand","embeddable":true,"href":"https:\/\/one-horizon.ch\/fr\/wp-json\/wp\/v2\/product_brand?post=102577"},{"taxonomy":"product_cat","embeddable":true,"href":"https:\/\/one-horizon.ch\/fr\/wp-json\/wp\/v2\/product_cat?post=102577"},{"taxonomy":"product_tag","embeddable":true,"href":"https:\/\/one-horizon.ch\/fr\/wp-json\/wp\/v2\/product_tag?post=102577"}],"curies":[{"name":"wp","href":"https:\/\/api.w.org\/{rel}","templated":true}]}}