{"id":102989,"date":"2024-08-24T13:17:48","date_gmt":"2024-08-24T11:17:48","guid":{"rendered":"https:\/\/one-horizon.ch\/product\/peppermint-products-boite-de-lingettes-cosmetiques\/"},"modified":"2026-03-30T00:18:49","modified_gmt":"2026-03-29T22:18:49","slug":"boite-de-lingettes-cosmetiques-peppermint-products","status":"publish","type":"product","link":"https:\/\/one-horizon.ch\/fr\/product\/boite-de-lingettes-cosmetiques-peppermint-products\/","title":{"rendered":"Bo\u00eete de mouchoirs cosm\u00e9tiques"},"content":{"rendered":"<p>Les bo\u00eetes de mouchoirs en papier ne doivent pas seulement \u00eatre fonctionnelles, elles doivent aussi \u00eatre \u00e9l\u00e9gantes. La Tissue Box de Peppermint Products est la solution parfaite pour les minimalistes. Ce rev\u00eatement en acier peint par poudrage transforme n&#8217;importe quel distributeur de mouchoirs en papier en un accessoire \u00e9l\u00e9gant qui rend superflus les motifs \u00e0 fleurs et le pot-pourri de couleurs pastel. Id\u00e9al pour la cuisine, la salle de bains ou le bureau, il ajoute une touche de modernit\u00e9 \u00e0 n&#8217;importe quelle pi\u00e8ce et sa conception robuste permet \u00e0 la bo\u00eete de rester fermement en place, m\u00eame lorsqu&#8217;un mouchoir est retir\u00e9.   <\/p>\n","protected":false},"excerpt":{"rendered":"<p>La bo\u00eete de mouchoirs en acier de Peppermint Products allie un design \u00e9l\u00e9gant \u00e0 une fonctionnalit\u00e9 solide.<\/p>\n","protected":false},"featured_media":102979,"comment_status":"open","ping_status":"closed","template":"","meta":{"_acf_changed":false},"product_brand":[3033],"product_cat":[1297],"product_tag":[],"class_list":{"0":"post-102989","1":"product","2":"type-product","3":"status-publish","4":"has-post-thumbnail","6":"product_brand-peppermint-products","7":"product_cat-accessoires-dinterieur","8":"product_shipping_class-colis-jusqua-2-kg","9":"pa_designer-roman-luyken","10":"pa_farbe-bleu-ocean","11":"pa_farbe-rouge-corail","13":"first","14":"onbackorder","15":"taxable","16":"shipping-taxable","17":"purchasable","18":"product-type-variable"},"acf":[],"_links":{"self":[{"href":"https:\/\/one-horizon.ch\/fr\/wp-json\/wp\/v2\/product\/102989","targetHints":{"allow":["GET"]}}],"collection":[{"href":"https:\/\/one-horizon.ch\/fr\/wp-json\/wp\/v2\/product"}],"about":[{"href":"https:\/\/one-horizon.ch\/fr\/wp-json\/wp\/v2\/types\/product"}],"replies":[{"embeddable":true,"href":"https:\/\/one-horizon.ch\/fr\/wp-json\/wp\/v2\/comments?post=102989"}],"wp:featuredmedia":[{"embeddable":true,"href":"https:\/\/one-horizon.ch\/fr\/wp-json\/wp\/v2\/media\/102979"}],"wp:attachment":[{"href":"https:\/\/one-horizon.ch\/fr\/wp-json\/wp\/v2\/media?parent=102989"}],"wp:term":[{"taxonomy":"product_brand","embeddable":true,"href":"https:\/\/one-horizon.ch\/fr\/wp-json\/wp\/v2\/product_brand?post=102989"},{"taxonomy":"product_cat","embeddable":true,"href":"https:\/\/one-horizon.ch\/fr\/wp-json\/wp\/v2\/product_cat?post=102989"},{"taxonomy":"product_tag","embeddable":true,"href":"https:\/\/one-horizon.ch\/fr\/wp-json\/wp\/v2\/product_tag?post=102989"}],"curies":[{"name":"wp","href":"https:\/\/api.w.org\/{rel}","templated":true}]}}