{"id":103031,"date":"2024-08-24T14:13:57","date_gmt":"2024-08-24T12:13:57","guid":{"rendered":"https:\/\/one-horizon.ch\/product\/porte-manteau-en-corde-peppermint\/"},"modified":"2026-04-02T00:06:05","modified_gmt":"2026-04-01T22:06:05","slug":"porte-manteau-en-corde-peppermint","status":"publish","type":"product","link":"https:\/\/one-horizon.ch\/fr\/product\/porte-manteau-en-corde-peppermint\/","title":{"rendered":"Vestiaire en corde"},"content":{"rendered":"<p>Ce <strong>portemanteau en corde <\/strong>&#8211; con\u00e7u par Roman Luyken pour Peppermint Products &#8211; est une v\u00e9ritable merveille d&#8217;espace.<\/p>\n<p>&nbsp;<\/p>\n<p>Rang\u00e9 dans une petite bo\u00eete, il se transforme une fois d\u00e9ball\u00e9 en un portemanteau de 2 m\u00e8tres de long qui peut \u00eatre fix\u00e9 au mur ou directement sous le plafond.<\/p>\n<p>Des crochets en acier sont encastr\u00e9s dans le c\u00e2ble. Ils peuvent \u00eatre d\u00e9plac\u00e9s de mani\u00e8re flexible vers le haut ou vers le bas et peuvent supporter jusqu&#8217;\u00e0 20 kg de charge. Ces crochets permettent de suspendre des cintres, des vestes, des \u00e9charpes, des casquettes&#8230; <\/p>\n<p>La nouvelle version du portemanteau a un capuchon en aluminium \u00e0 l&#8217;extr\u00e9mit\u00e9 du c\u00e2ble.<\/p>\n<p>Les cintres Loop Hanger assortis sont \u00e9galement disponibles dans de nombreuses couleurs.<\/p>\n<div id=\"gtx-trans\" style=\"position: absolute; left: 549px; top: 48px;\">\n<div class=\"gtx-trans-icon\"><\/div>\n<\/div>\n","protected":false},"excerpt":{"rendered":"<p>Le portemanteau Loop Rope de Roman Luyken pour Peppermint Products est un portemanteau flexible de 2 m\u00e8tres de long avec des crochets r\u00e9glables en acier et un \u00e9l\u00e9gant capuchon en aluminium.<\/p>\n","protected":false},"featured_media":102876,"comment_status":"open","ping_status":"closed","template":"","meta":{"_acf_changed":false},"product_brand":[3033],"product_cat":[1297],"product_tag":[],"class_list":{"0":"post-103031","1":"product","2":"type-product","3":"status-publish","4":"has-post-thumbnail","6":"product_brand-peppermint-products","7":"product_cat-accessoires-dinterieur","8":"product_shipping_class-colis-jusqua-10-kg","9":"pa_designer-roman-luyken","10":"pa_farbe-blanc","11":"pa_farbe-bleu","12":"pa_farbe-jaune","13":"pa_farbe-noir","14":"pa_farbe-rouge","15":"pa_farbe-sable","16":"pa_farbe-vert","18":"first","19":"onbackorder","20":"taxable","21":"shipping-taxable","22":"purchasable","23":"product-type-variable"},"acf":[],"_links":{"self":[{"href":"https:\/\/one-horizon.ch\/fr\/wp-json\/wp\/v2\/product\/103031","targetHints":{"allow":["GET"]}}],"collection":[{"href":"https:\/\/one-horizon.ch\/fr\/wp-json\/wp\/v2\/product"}],"about":[{"href":"https:\/\/one-horizon.ch\/fr\/wp-json\/wp\/v2\/types\/product"}],"replies":[{"embeddable":true,"href":"https:\/\/one-horizon.ch\/fr\/wp-json\/wp\/v2\/comments?post=103031"}],"wp:featuredmedia":[{"embeddable":true,"href":"https:\/\/one-horizon.ch\/fr\/wp-json\/wp\/v2\/media\/102876"}],"wp:attachment":[{"href":"https:\/\/one-horizon.ch\/fr\/wp-json\/wp\/v2\/media?parent=103031"}],"wp:term":[{"taxonomy":"product_brand","embeddable":true,"href":"https:\/\/one-horizon.ch\/fr\/wp-json\/wp\/v2\/product_brand?post=103031"},{"taxonomy":"product_cat","embeddable":true,"href":"https:\/\/one-horizon.ch\/fr\/wp-json\/wp\/v2\/product_cat?post=103031"},{"taxonomy":"product_tag","embeddable":true,"href":"https:\/\/one-horizon.ch\/fr\/wp-json\/wp\/v2\/product_tag?post=103031"}],"curies":[{"name":"wp","href":"https:\/\/api.w.org\/{rel}","templated":true}]}}