{"id":103129,"date":"2024-08-24T17:36:52","date_gmt":"2024-08-24T15:36:52","guid":{"rendered":"https:\/\/one-horizon.ch\/product\/zigzag-vestiaire-mural\/"},"modified":"2026-03-30T00:18:50","modified_gmt":"2026-03-29T22:18:50","slug":"zigzag-vestiaire-mural","status":"publish","type":"product","link":"https:\/\/one-horizon.ch\/fr\/product\/zigzag-vestiaire-mural\/","title":{"rendered":"ZIGZAG Porte-manteau mural"},"content":{"rendered":"<p>Le petit portemanteau ZigZag de Peppermint Products, con\u00e7u par Roman Luyken, offre une solution compacte et polyvalente pour tout mur. Inspir\u00e9 du dessin anim\u00e9 &#8220;Tom et Jerry&#8221;, il retient sans effort chapeaux, vestes et autres v\u00eatements et se fixe solidement \u00e0 l&#8217;aide de deux vis de 4 mm. Fabriqu\u00e9 en acier plat rev\u00eatu par poudre, il combine une grande fonctionnalit\u00e9 avec un design \u00e9l\u00e9gant. Elle peut \u00e9galement \u00eatre utilis\u00e9e comme \u00e9tag\u00e8re \u00e0 vin cr\u00e9ative ou porte-serviettes pour les journ\u00e9es de d\u00e9tente \u00e0 la plage. Disponible en plusieurs couleurs.    <\/p>\n","protected":false},"excerpt":{"rendered":"<p>Le petit portemanteau ZigZag de Peppermint Products est une solution polyvalente et compacte qui maintient les chapeaux, les vestes et plus encore. \u00c9l\u00e9gant, fonctionnel et inspir\u00e9 de &#8220;Tom et Jerry&#8221;. <\/p>\n","protected":false},"featured_media":103104,"comment_status":"open","ping_status":"closed","template":"","meta":{"_acf_changed":false},"product_brand":[3033],"product_cat":[1297],"product_tag":[],"class_list":{"0":"post-103129","1":"product","2":"type-product","3":"status-publish","4":"has-post-thumbnail","6":"product_brand-peppermint-products","7":"product_cat-accessoires-dinterieur","8":"product_shipping_class-colis-jusqua-2-kg","9":"pa_designer-roman-luyken","10":"pa_farbe-blanc","11":"pa_farbe-bleu","12":"pa_farbe-graphite","14":"first","15":"onbackorder","16":"taxable","17":"shipping-taxable","18":"purchasable","19":"product-type-variable"},"acf":[],"_links":{"self":[{"href":"https:\/\/one-horizon.ch\/fr\/wp-json\/wp\/v2\/product\/103129","targetHints":{"allow":["GET"]}}],"collection":[{"href":"https:\/\/one-horizon.ch\/fr\/wp-json\/wp\/v2\/product"}],"about":[{"href":"https:\/\/one-horizon.ch\/fr\/wp-json\/wp\/v2\/types\/product"}],"replies":[{"embeddable":true,"href":"https:\/\/one-horizon.ch\/fr\/wp-json\/wp\/v2\/comments?post=103129"}],"wp:featuredmedia":[{"embeddable":true,"href":"https:\/\/one-horizon.ch\/fr\/wp-json\/wp\/v2\/media\/103104"}],"wp:attachment":[{"href":"https:\/\/one-horizon.ch\/fr\/wp-json\/wp\/v2\/media?parent=103129"}],"wp:term":[{"taxonomy":"product_brand","embeddable":true,"href":"https:\/\/one-horizon.ch\/fr\/wp-json\/wp\/v2\/product_brand?post=103129"},{"taxonomy":"product_cat","embeddable":true,"href":"https:\/\/one-horizon.ch\/fr\/wp-json\/wp\/v2\/product_cat?post=103129"},{"taxonomy":"product_tag","embeddable":true,"href":"https:\/\/one-horizon.ch\/fr\/wp-json\/wp\/v2\/product_tag?post=103129"}],"curies":[{"name":"wp","href":"https:\/\/api.w.org\/{rel}","templated":true}]}}