{"id":103138,"date":"2024-08-24T18:04:04","date_gmt":"2024-08-24T16:04:04","guid":{"rendered":"https:\/\/one-horizon.ch\/product\/rope-hanger\/"},"modified":"2026-03-30T00:18:53","modified_gmt":"2026-03-29T22:18:53","slug":"rope-hanger-12","status":"publish","type":"product","link":"https:\/\/one-horizon.ch\/fr\/product\/rope-hanger-12\/","title":{"rendered":"Rope Hanger Lot de 12 cintres"},"content":{"rendered":"<p>Le Rope Hanger Set de Peppermint Products propose 12 cintres textiles \u00e9l\u00e9gants en fil d&#8217;acier et en corde de polypropyl\u00e8ne, id\u00e9aux pour une garde-robe \u00e9l\u00e9gante et fonctionnelle. Con\u00e7us par Roman Luyken, ces cintres en corde sont rigides et stables, tout en \u00e9tant antid\u00e9rapants et agr\u00e9ablement silencieux. La corde, r\u00e9sistante \u00e0 la salet\u00e9 et au nettoyage, est \u00e9galement r\u00e9sistante aux UV et \u00e0 la transpiration. Des extensions pour suspendre de mani\u00e8re optimale les jupes et les robes sont disponibles s\u00e9par\u00e9ment.   <\/p>\n<p>Fabriqu\u00e9 en Allemagne dans un atelier pour personnes handicap\u00e9es.<\/p>\n","protected":false},"excerpt":{"rendered":"<p>Le set Rope Hanger de Peppermint Products comprend 12 cintres \u00e9l\u00e9gants et silencieux, fabriqu\u00e9s en fil d&#8217;acier solide et en corde de polypropyl\u00e8ne r\u00e9sistante aux salissures.<\/p>\n","protected":false},"featured_media":103090,"comment_status":"open","ping_status":"closed","template":"","meta":{"_acf_changed":false},"product_brand":[3033],"product_cat":[1297],"product_tag":[],"class_list":{"0":"post-103138","1":"product","2":"type-product","3":"status-publish","4":"has-post-thumbnail","6":"product_brand-peppermint-products","7":"product_cat-accessoires-dinterieur","8":"product_shipping_class-colis-jusqua-2-kg","9":"pa_farbe-blanc","10":"pa_farbe-bleu","11":"pa_farbe-jaune","12":"pa_farbe-noir","13":"pa_farbe-rouge","14":"pa_farbe-sable","15":"pa_farbe-vert-foret","17":"first","18":"onbackorder","19":"taxable","20":"shipping-taxable","21":"purchasable","22":"product-type-variable"},"acf":[],"_links":{"self":[{"href":"https:\/\/one-horizon.ch\/fr\/wp-json\/wp\/v2\/product\/103138","targetHints":{"allow":["GET"]}}],"collection":[{"href":"https:\/\/one-horizon.ch\/fr\/wp-json\/wp\/v2\/product"}],"about":[{"href":"https:\/\/one-horizon.ch\/fr\/wp-json\/wp\/v2\/types\/product"}],"replies":[{"embeddable":true,"href":"https:\/\/one-horizon.ch\/fr\/wp-json\/wp\/v2\/comments?post=103138"}],"wp:featuredmedia":[{"embeddable":true,"href":"https:\/\/one-horizon.ch\/fr\/wp-json\/wp\/v2\/media\/103090"}],"wp:attachment":[{"href":"https:\/\/one-horizon.ch\/fr\/wp-json\/wp\/v2\/media?parent=103138"}],"wp:term":[{"taxonomy":"product_brand","embeddable":true,"href":"https:\/\/one-horizon.ch\/fr\/wp-json\/wp\/v2\/product_brand?post=103138"},{"taxonomy":"product_cat","embeddable":true,"href":"https:\/\/one-horizon.ch\/fr\/wp-json\/wp\/v2\/product_cat?post=103138"},{"taxonomy":"product_tag","embeddable":true,"href":"https:\/\/one-horizon.ch\/fr\/wp-json\/wp\/v2\/product_tag?post=103138"}],"curies":[{"name":"wp","href":"https:\/\/api.w.org\/{rel}","templated":true}]}}