{"id":103253,"date":"2024-08-24T20:16:29","date_gmt":"2024-08-24T18:16:29","guid":{"rendered":"https:\/\/one-horizon.ch\/product\/boite-de-stockage-moebe\/"},"modified":"2026-03-30T00:18:47","modified_gmt":"2026-03-29T22:18:47","slug":"boite-de-stockage-moebe","status":"publish","type":"product","link":"https:\/\/one-horizon.ch\/fr\/product\/boite-de-stockage-moebe\/","title":{"rendered":"Bo\u00eete de rangement"},"content":{"rendered":"<p>La bo\u00eete de rangement offre une solution \u00e9l\u00e9gante et pratique pour chaque pi\u00e8ce, id\u00e9ale pour ranger des magazines, des couvertures ou des jouets. Avec une capacit\u00e9 de 47 litres, cette bo\u00eete spacieuse garde bien cach\u00e9es les choses qui sont souvent utilis\u00e9es, mais qui ne doivent pas \u00eatre visibles. La conception \u00e0 plat, bas\u00e9e sur des composants, permet un montage et un d\u00e9montage faciles. Deux cadres m\u00e9talliques carr\u00e9s maintiennent la bo\u00eete de mani\u00e8re stable et servent \u00e9galement de poign\u00e9es de transport.   <\/p>\n<p>Plusieurs bo\u00eetes peuvent \u00eatre empil\u00e9es, trois au maximum sont recommand\u00e9es. Les couvercles correspondants sont vendus s\u00e9par\u00e9ment. <\/p>\n","protected":false},"excerpt":{"rendered":"<p>Le Storage Box offre un espace de rangement de 47 litres pour les couvertures, les jouets ou les magazines. Emball\u00e9 \u00e0 plat, il est facile \u00e0 monter et \u00e0 empiler. Id\u00e9al pour toutes les chambres.  <\/p>\n","protected":false},"featured_media":103183,"comment_status":"open","ping_status":"closed","template":"","meta":{"_acf_changed":false},"product_brand":[3023],"product_cat":[1302],"product_tag":[],"class_list":{"0":"post-103253","1":"product","2":"type-product","3":"status-publish","4":"has-post-thumbnail","6":"product_brand-moebe","7":"product_cat-rangement","8":"product_shipping_class-colis-jusqua-2-kg","9":"pa_farbe-chene-blanc","10":"pa_farbe-chene-noir","11":"pa_farbe-chene-fume-noir","13":"first","14":"onbackorder","15":"taxable","16":"shipping-taxable","17":"purchasable","18":"product-type-variable"},"acf":[],"_links":{"self":[{"href":"https:\/\/one-horizon.ch\/fr\/wp-json\/wp\/v2\/product\/103253","targetHints":{"allow":["GET"]}}],"collection":[{"href":"https:\/\/one-horizon.ch\/fr\/wp-json\/wp\/v2\/product"}],"about":[{"href":"https:\/\/one-horizon.ch\/fr\/wp-json\/wp\/v2\/types\/product"}],"replies":[{"embeddable":true,"href":"https:\/\/one-horizon.ch\/fr\/wp-json\/wp\/v2\/comments?post=103253"}],"wp:featuredmedia":[{"embeddable":true,"href":"https:\/\/one-horizon.ch\/fr\/wp-json\/wp\/v2\/media\/103183"}],"wp:attachment":[{"href":"https:\/\/one-horizon.ch\/fr\/wp-json\/wp\/v2\/media?parent=103253"}],"wp:term":[{"taxonomy":"product_brand","embeddable":true,"href":"https:\/\/one-horizon.ch\/fr\/wp-json\/wp\/v2\/product_brand?post=103253"},{"taxonomy":"product_cat","embeddable":true,"href":"https:\/\/one-horizon.ch\/fr\/wp-json\/wp\/v2\/product_cat?post=103253"},{"taxonomy":"product_tag","embeddable":true,"href":"https:\/\/one-horizon.ch\/fr\/wp-json\/wp\/v2\/product_tag?post=103253"}],"curies":[{"name":"wp","href":"https:\/\/api.w.org\/{rel}","templated":true}]}}