{"id":103264,"date":"2024-08-24T20:39:09","date_gmt":"2024-08-24T18:39:09","guid":{"rendered":"https:\/\/one-horizon.ch\/product\/boite-de-rangement-a-couvercle\/"},"modified":"2026-03-30T00:18:38","modified_gmt":"2026-03-29T22:18:38","slug":"boite-de-rangement-a-couvercle-moebe","status":"publish","type":"product","link":"https:\/\/one-horizon.ch\/fr\/product\/boite-de-rangement-a-couvercle-moebe\/","title":{"rendered":"Couvercle &#8211; bo\u00eete de rangement"},"content":{"rendered":"<p>Le couvercle en placage de ch\u00eane s&#8217;ins\u00e8re et s&#8217;enl\u00e8ve facilement de la bo\u00eete de rangement de Moebe. Parfait pour empiler plusieurs bo\u00eetes : le couvercle de la bo\u00eete sup\u00e9rieure dissimule le contenu et transforme la bo\u00eete en une table d&#8217;appoint pratique \u00e0 c\u00f4t\u00e9 du canap\u00e9 ou du fauteuil. Id\u00e9al pour ranger des couvertures, des coussins ou des jouets \u00e0 port\u00e9e de main en cas de besoin. Combinez le couvercle avec la bo\u00eete assortie pour une solution de rangement \u00e9l\u00e9gante et fonctionnelle.   <\/p>\n","protected":false},"excerpt":{"rendered":"<p>Le couvercle en placage de ch\u00eane pour la bo\u00eete de rangement assure une couverture \u00e9l\u00e9gante et transforme la bo\u00eete en une table d&#8217;appoint pratique. Facile \u00e0 mettre en place et \u00e0 retirer. <\/p>\n","protected":false},"featured_media":103211,"comment_status":"open","ping_status":"closed","template":"","meta":{"_acf_changed":false},"product_brand":[3023],"product_cat":[1302],"product_tag":[],"class_list":{"0":"post-103264","1":"product","2":"type-product","3":"status-publish","4":"has-post-thumbnail","6":"product_brand-moebe","7":"product_cat-rangement","8":"product_shipping_class-colis-jusqua-2-kg","9":"pa_farbe-chene","10":"pa_farbe-chene-fume","12":"first","13":"outofstock","14":"taxable","15":"shipping-taxable","16":"purchasable","17":"product-type-variable"},"acf":[],"_links":{"self":[{"href":"https:\/\/one-horizon.ch\/fr\/wp-json\/wp\/v2\/product\/103264","targetHints":{"allow":["GET"]}}],"collection":[{"href":"https:\/\/one-horizon.ch\/fr\/wp-json\/wp\/v2\/product"}],"about":[{"href":"https:\/\/one-horizon.ch\/fr\/wp-json\/wp\/v2\/types\/product"}],"replies":[{"embeddable":true,"href":"https:\/\/one-horizon.ch\/fr\/wp-json\/wp\/v2\/comments?post=103264"}],"wp:featuredmedia":[{"embeddable":true,"href":"https:\/\/one-horizon.ch\/fr\/wp-json\/wp\/v2\/media\/103211"}],"wp:attachment":[{"href":"https:\/\/one-horizon.ch\/fr\/wp-json\/wp\/v2\/media?parent=103264"}],"wp:term":[{"taxonomy":"product_brand","embeddable":true,"href":"https:\/\/one-horizon.ch\/fr\/wp-json\/wp\/v2\/product_brand?post=103264"},{"taxonomy":"product_cat","embeddable":true,"href":"https:\/\/one-horizon.ch\/fr\/wp-json\/wp\/v2\/product_cat?post=103264"},{"taxonomy":"product_tag","embeddable":true,"href":"https:\/\/one-horizon.ch\/fr\/wp-json\/wp\/v2\/product_tag?post=103264"}],"curies":[{"name":"wp","href":"https:\/\/api.w.org\/{rel}","templated":true}]}}