{"id":103916,"date":"2024-08-25T13:57:52","date_gmt":"2024-08-25T11:57:52","guid":{"rendered":"https:\/\/one-horizon.ch\/product\/couverture-de-pique-nique\/"},"modified":"2026-04-07T23:19:11","modified_gmt":"2026-04-07T21:19:11","slug":"couverture-de-pique-nique","status":"publish","type":"product","link":"https:\/\/one-horizon.ch\/fr\/product\/couverture-de-pique-nique\/","title":{"rendered":"Couverture de pique-nique"},"content":{"rendered":"<p>La couverture de pique-nique pratique de Dock &amp; Bay offre suffisamment de place pour toute la famille. Fabriqu\u00e9e en polyester\/polyamide (microfibre) 100% recycl\u00e9, elle s\u00e8che rapidement, est tr\u00e8s absorbante et, une fois pli\u00e9e, elle est l\u00e9g\u00e8re et compacte. <\/p>\n<p>Elle repousse le sable et n&#8217;absorbe pas les odeurs d&#8217;humidit\u00e9. \u00c9quip\u00e9e d&#8217;un crochet \u00e9lastique pour la suspendre, la couverture est livr\u00e9e dans un sac en tissu pratique. Elle est parfaite pour les journ\u00e9es \u00e0 la plage ou les sorties en famille.  <\/p>\n","protected":false},"excerpt":{"rendered":"<p>La couverture de pique-nique Dock &amp; Bay, fabriqu\u00e9e \u00e0 partir de microfibres 100% recycl\u00e9es, s\u00e8che rapidement, est absorbante, l\u00e9g\u00e8re, r\u00e9sistante au sable et sans odeur. Id\u00e9al pour les sorties en famille. <\/p>\n","protected":false},"featured_media":103439,"comment_status":"open","ping_status":"closed","template":"","meta":{"_acf_changed":false},"product_brand":[2997],"product_cat":[1364],"product_tag":[3295],"class_list":{"0":"post-103916","1":"product","2":"type-product","3":"status-publish","4":"has-post-thumbnail","6":"product_brand-dock-and-bay","7":"product_cat-jardin-et-exterieur","8":"product_tag-pour-vous","9":"product_shipping_class-colis-jusqua-2-kg","10":"pa_farbe-fraise","11":"pa_farbe-navy-fr","12":"pa_farbe-terracotta-tropics-fr","13":"pa_farbe-unicorn-waves-fr","15":"first","16":"onbackorder","17":"taxable","18":"shipping-taxable","19":"purchasable","20":"product-type-variable"},"acf":[],"_links":{"self":[{"href":"https:\/\/one-horizon.ch\/fr\/wp-json\/wp\/v2\/product\/103916","targetHints":{"allow":["GET"]}}],"collection":[{"href":"https:\/\/one-horizon.ch\/fr\/wp-json\/wp\/v2\/product"}],"about":[{"href":"https:\/\/one-horizon.ch\/fr\/wp-json\/wp\/v2\/types\/product"}],"replies":[{"embeddable":true,"href":"https:\/\/one-horizon.ch\/fr\/wp-json\/wp\/v2\/comments?post=103916"}],"wp:featuredmedia":[{"embeddable":true,"href":"https:\/\/one-horizon.ch\/fr\/wp-json\/wp\/v2\/media\/103439"}],"wp:attachment":[{"href":"https:\/\/one-horizon.ch\/fr\/wp-json\/wp\/v2\/media?parent=103916"}],"wp:term":[{"taxonomy":"product_brand","embeddable":true,"href":"https:\/\/one-horizon.ch\/fr\/wp-json\/wp\/v2\/product_brand?post=103916"},{"taxonomy":"product_cat","embeddable":true,"href":"https:\/\/one-horizon.ch\/fr\/wp-json\/wp\/v2\/product_cat?post=103916"},{"taxonomy":"product_tag","embeddable":true,"href":"https:\/\/one-horizon.ch\/fr\/wp-json\/wp\/v2\/product_tag?post=103916"}],"curies":[{"name":"wp","href":"https:\/\/api.w.org\/{rel}","templated":true}]}}