{"id":103930,"date":"2024-08-25T14:08:44","date_gmt":"2024-08-25T12:08:44","guid":{"rendered":"https:\/\/one-horizon.ch\/product\/peignoir-dock-and-bay\/"},"modified":"2026-04-07T23:18:59","modified_gmt":"2026-04-07T21:18:59","slug":"peignoir-dock-and-bay","status":"publish","type":"product","link":"https:\/\/one-horizon.ch\/fr\/product\/peignoir-dock-and-bay\/","title":{"rendered":"Peignoir de bain"},"content":{"rendered":"<p>Le peignoir Dock &amp; Bay allie confort et fonctionnalit\u00e9. Fabriqu\u00e9 en tissu gaufr\u00e9 super doux, il s\u00e8che 2x plus vite que le coton normal et est super absorbant, id\u00e9al pour se s\u00e9cher apr\u00e8s la douche. Fabriqu\u00e9 \u00e0 partir de mat\u00e9riaux 100% recycl\u00e9s, il est l\u00e9ger et sa taille unique convient \u00e0 toutes les saisons. Parfait pour une s\u00e9ance de canap\u00e9 confortable ou une pause spa. Lavable \u00e0 30\u00b0.    <\/p>\n","protected":false},"excerpt":{"rendered":"<p>Le peignoir Dock &amp; Bay est \u00e0 s\u00e9chage rapide, super doux et absorbant. Fabriqu\u00e9 \u00e0 partir de mat\u00e9riaux 100% recycl\u00e9s, il est l\u00e9ger et disponible en taille unique pour toutes les saisons. <\/p>\n","protected":false},"featured_media":103582,"comment_status":"open","ping_status":"closed","template":"","meta":{"_acf_changed":false},"product_brand":[2997],"product_cat":[3229],"product_tag":[3295],"class_list":{"0":"post-103930","1":"product","2":"type-product","3":"status-publish","4":"has-post-thumbnail","6":"product_brand-dock-and-bay","7":"product_cat-textiles-de-salle-de-bain-et-de-cuisine","8":"product_tag-pour-vous","9":"product_shipping_class-colis-jusqua-2-kg","10":"pa_farbe-diamond-pink-fr","11":"pa_farbe-storm-cloud-fr","13":"first","14":"onbackorder","15":"taxable","16":"shipping-taxable","17":"purchasable","18":"product-type-variable"},"acf":[],"_links":{"self":[{"href":"https:\/\/one-horizon.ch\/fr\/wp-json\/wp\/v2\/product\/103930","targetHints":{"allow":["GET"]}}],"collection":[{"href":"https:\/\/one-horizon.ch\/fr\/wp-json\/wp\/v2\/product"}],"about":[{"href":"https:\/\/one-horizon.ch\/fr\/wp-json\/wp\/v2\/types\/product"}],"replies":[{"embeddable":true,"href":"https:\/\/one-horizon.ch\/fr\/wp-json\/wp\/v2\/comments?post=103930"}],"wp:featuredmedia":[{"embeddable":true,"href":"https:\/\/one-horizon.ch\/fr\/wp-json\/wp\/v2\/media\/103582"}],"wp:attachment":[{"href":"https:\/\/one-horizon.ch\/fr\/wp-json\/wp\/v2\/media?parent=103930"}],"wp:term":[{"taxonomy":"product_brand","embeddable":true,"href":"https:\/\/one-horizon.ch\/fr\/wp-json\/wp\/v2\/product_brand?post=103930"},{"taxonomy":"product_cat","embeddable":true,"href":"https:\/\/one-horizon.ch\/fr\/wp-json\/wp\/v2\/product_cat?post=103930"},{"taxonomy":"product_tag","embeddable":true,"href":"https:\/\/one-horizon.ch\/fr\/wp-json\/wp\/v2\/product_tag?post=103930"}],"curies":[{"name":"wp","href":"https:\/\/api.w.org\/{rel}","templated":true}]}}