{"id":103938,"date":"2024-08-25T14:20:56","date_gmt":"2024-08-25T12:20:56","guid":{"rendered":"https:\/\/one-horizon.ch\/product\/home-towel-xl\/"},"modified":"2026-04-07T23:19:17","modified_gmt":"2026-04-07T21:19:17","slug":"home-towel-xl","status":"publish","type":"product","link":"https:\/\/one-horizon.ch\/fr\/product\/home-towel-xl\/","title":{"rendered":"Home Towel XL"},"content":{"rendered":"<p>Transformez votre salle de bain en un lieu de bien-\u00eatre avec cette serviette de bain Home Towel XL en tissu gaufr\u00e9 unique. Il est particuli\u00e8rement agr\u00e9able au toucher, s\u00e8che rapidement, est tr\u00e8s absorbant et reste compact une fois pli\u00e9. La serviette n&#8217;absorbe pas les odeurs d&#8217;humidit\u00e9 et est fournie avec un crochet pratique pour la suspendre. Fabriqu\u00e9e en polyester\/polyamide (microfibre) 100% recycl\u00e9, elle est livr\u00e9e dans un sac en tissu pratique.   <\/p>\n","protected":false},"excerpt":{"rendered":"<p>Serviette de bain \u00e0 s\u00e9chage rapide en tissu gaufr\u00e9 doux, absorbant, compact et sans odeur. En polyester 100% recycl\u00e9, livr\u00e9 avec crochet et sac en tissu. <\/p>\n","protected":false},"featured_media":103731,"comment_status":"open","ping_status":"closed","template":"","meta":{"_acf_changed":false},"product_brand":[2997],"product_cat":[3229],"product_tag":[3295],"class_list":{"0":"post-103938","1":"product","2":"type-product","3":"status-publish","4":"has-post-thumbnail","6":"product_brand-dock-and-bay","7":"product_cat-textiles-de-salle-de-bain-et-de-cuisine","8":"product_tag-pour-vous","9":"product_shipping_class-colis-jusqua-2-kg","10":"pa_farbe-blanc","11":"pa_farbe-rose","13":"first","14":"onbackorder","15":"taxable","16":"shipping-taxable","17":"purchasable","18":"product-type-variable"},"acf":[],"_links":{"self":[{"href":"https:\/\/one-horizon.ch\/fr\/wp-json\/wp\/v2\/product\/103938","targetHints":{"allow":["GET"]}}],"collection":[{"href":"https:\/\/one-horizon.ch\/fr\/wp-json\/wp\/v2\/product"}],"about":[{"href":"https:\/\/one-horizon.ch\/fr\/wp-json\/wp\/v2\/types\/product"}],"replies":[{"embeddable":true,"href":"https:\/\/one-horizon.ch\/fr\/wp-json\/wp\/v2\/comments?post=103938"}],"wp:featuredmedia":[{"embeddable":true,"href":"https:\/\/one-horizon.ch\/fr\/wp-json\/wp\/v2\/media\/103731"}],"wp:attachment":[{"href":"https:\/\/one-horizon.ch\/fr\/wp-json\/wp\/v2\/media?parent=103938"}],"wp:term":[{"taxonomy":"product_brand","embeddable":true,"href":"https:\/\/one-horizon.ch\/fr\/wp-json\/wp\/v2\/product_brand?post=103938"},{"taxonomy":"product_cat","embeddable":true,"href":"https:\/\/one-horizon.ch\/fr\/wp-json\/wp\/v2\/product_cat?post=103938"},{"taxonomy":"product_tag","embeddable":true,"href":"https:\/\/one-horizon.ch\/fr\/wp-json\/wp\/v2\/product_tag?post=103938"}],"curies":[{"name":"wp","href":"https:\/\/api.w.org\/{rel}","templated":true}]}}