{"id":103954,"date":"2024-08-25T14:35:49","date_gmt":"2024-08-25T12:35:49","guid":{"rendered":"https:\/\/one-horizon.ch\/product\/home-towel-waffle-xl\/"},"modified":"2026-04-07T23:18:57","modified_gmt":"2026-04-07T21:18:57","slug":"home-towel-waffle-xl","status":"publish","type":"product","link":"https:\/\/one-horizon.ch\/fr\/product\/home-towel-waffle-xl\/","title":{"rendered":"Home Towel Waffle XL"},"content":{"rendered":"<p>Transformez votre salle de bain en une oasis de bien-\u00eatre avec cette serviette de bain unique Home Towel Waffle XL en tissu gaufr\u00e9. Il est particuli\u00e8rement agr\u00e9able au toucher, s\u00e8che rapidement, est tr\u00e8s absorbant et compact une fois pli\u00e9. La serviette n&#8217;absorbe pas les odeurs d&#8217;humidit\u00e9 et est \u00e9quip\u00e9e d&#8217;un crochet pratique pour la suspendre. Livr\u00e9 dans un sac en tissu, il est compos\u00e9 \u00e0 100% de mat\u00e9riaux recycl\u00e9s (83% polyester, 16% polyamide) et lavable \u00e0 30\u00b0.   <\/p>\n","protected":false},"excerpt":{"rendered":"<p>Le drap de bain \u00e0 s\u00e9chage rapide en tissu gaufr\u00e9 est absorbant, compact et sans odeur. Fabriqu\u00e9 \u00e0 partir de mat\u00e9riaux 100% recycl\u00e9s, avec crochet et sac en tissu, lavable \u00e0 30\u00b0. <\/p>\n","protected":false},"featured_media":103684,"comment_status":"open","ping_status":"closed","template":"","meta":{"_acf_changed":false},"product_brand":[2997],"product_cat":[3229],"product_tag":[3295],"class_list":{"0":"post-103954","1":"product","2":"type-product","3":"status-publish","4":"has-post-thumbnail","6":"product_brand-dock-and-bay","7":"product_cat-textiles-de-salle-de-bain-et-de-cuisine","8":"product_tag-pour-vous","9":"product_shipping_class-colis-jusqua-2-kg","10":"pa_farbe-defile-bw","11":"pa_farbe-diamond-pink-fr","12":"pa_farbe-navy-fr","13":"pa_farbe-rose","15":"first","16":"onbackorder","17":"taxable","18":"shipping-taxable","19":"purchasable","20":"product-type-variable"},"acf":[],"_links":{"self":[{"href":"https:\/\/one-horizon.ch\/fr\/wp-json\/wp\/v2\/product\/103954","targetHints":{"allow":["GET"]}}],"collection":[{"href":"https:\/\/one-horizon.ch\/fr\/wp-json\/wp\/v2\/product"}],"about":[{"href":"https:\/\/one-horizon.ch\/fr\/wp-json\/wp\/v2\/types\/product"}],"replies":[{"embeddable":true,"href":"https:\/\/one-horizon.ch\/fr\/wp-json\/wp\/v2\/comments?post=103954"}],"wp:featuredmedia":[{"embeddable":true,"href":"https:\/\/one-horizon.ch\/fr\/wp-json\/wp\/v2\/media\/103684"}],"wp:attachment":[{"href":"https:\/\/one-horizon.ch\/fr\/wp-json\/wp\/v2\/media?parent=103954"}],"wp:term":[{"taxonomy":"product_brand","embeddable":true,"href":"https:\/\/one-horizon.ch\/fr\/wp-json\/wp\/v2\/product_brand?post=103954"},{"taxonomy":"product_cat","embeddable":true,"href":"https:\/\/one-horizon.ch\/fr\/wp-json\/wp\/v2\/product_cat?post=103954"},{"taxonomy":"product_tag","embeddable":true,"href":"https:\/\/one-horizon.ch\/fr\/wp-json\/wp\/v2\/product_tag?post=103954"}],"curies":[{"name":"wp","href":"https:\/\/api.w.org\/{rel}","templated":true}]}}