{"id":103970,"date":"2024-08-25T15:02:20","date_gmt":"2024-08-25T13:02:20","guid":{"rendered":"https:\/\/one-horizon.ch\/product\/towel-xxl\/"},"modified":"2026-05-02T14:42:51","modified_gmt":"2026-05-02T12:42:51","slug":"towel-xxl","status":"publish","type":"product","link":"https:\/\/one-horizon.ch\/fr\/product\/towel-xxl\/","title":{"rendered":"Serviette XXL"},"content":{"rendered":"<p>La serviette de bain Dock &amp; Bay Towel XXL, 100% polyester\/polyamide recycl\u00e9 (microfibre), pr\u00e9sente de nombreux avantages par rapport aux serviettes traditionnelles : elle s\u00e8che rapidement, est tr\u00e8s absorbante, l\u00e9g\u00e8re et compacte une fois pli\u00e9e, repousse le sable et n&#8217;absorbe pas les odeurs d&#8217;humidit\u00e9. \u00c9quip\u00e9e d&#8217;un crochet \u00e9lastique pour la suspendre, elle est livr\u00e9e dans un sac en tissu pratique &#8211; id\u00e9al pour les voyages. <\/p>\n","protected":false},"excerpt":{"rendered":"<p>La serviette de bain Dock &amp; Bay en microfibre recycl\u00e9e s\u00e8che rapidement, est absorbante, l\u00e9g\u00e8re, compacte et r\u00e9sistante au sable. Parfait pour les voyages, il est livr\u00e9 avec un crochet et un sac en tissu. <\/p>\n","protected":false},"featured_media":103835,"comment_status":"open","ping_status":"closed","template":"","meta":{"_acf_changed":false},"product_brand":[2997],"product_cat":[3229],"product_tag":[3295],"class_list":{"0":"post-103970","1":"product","2":"type-product","3":"status-publish","4":"has-post-thumbnail","6":"product_brand-dock-and-bay","7":"product_cat-textiles-de-salle-de-bain-et-de-cuisine","8":"product_tag-pour-vous","9":"product_shipping_class-colis-jusqua-2-kg","10":"pa_farbe-navy-fr","11":"pa_farbe-unicorn-waves-fr","13":"first","14":"onbackorder","15":"taxable","16":"shipping-taxable","17":"purchasable","18":"product-type-variable"},"acf":[],"_links":{"self":[{"href":"https:\/\/one-horizon.ch\/fr\/wp-json\/wp\/v2\/product\/103970","targetHints":{"allow":["GET"]}}],"collection":[{"href":"https:\/\/one-horizon.ch\/fr\/wp-json\/wp\/v2\/product"}],"about":[{"href":"https:\/\/one-horizon.ch\/fr\/wp-json\/wp\/v2\/types\/product"}],"replies":[{"embeddable":true,"href":"https:\/\/one-horizon.ch\/fr\/wp-json\/wp\/v2\/comments?post=103970"}],"wp:featuredmedia":[{"embeddable":true,"href":"https:\/\/one-horizon.ch\/fr\/wp-json\/wp\/v2\/media\/103835"}],"wp:attachment":[{"href":"https:\/\/one-horizon.ch\/fr\/wp-json\/wp\/v2\/media?parent=103970"}],"wp:term":[{"taxonomy":"product_brand","embeddable":true,"href":"https:\/\/one-horizon.ch\/fr\/wp-json\/wp\/v2\/product_brand?post=103970"},{"taxonomy":"product_cat","embeddable":true,"href":"https:\/\/one-horizon.ch\/fr\/wp-json\/wp\/v2\/product_cat?post=103970"},{"taxonomy":"product_tag","embeddable":true,"href":"https:\/\/one-horizon.ch\/fr\/wp-json\/wp\/v2\/product_tag?post=103970"}],"curies":[{"name":"wp","href":"https:\/\/api.w.org\/{rel}","templated":true}]}}