{"id":103983,"date":"2024-08-25T15:41:17","date_gmt":"2024-08-25T13:41:17","guid":{"rendered":"https:\/\/one-horizon.ch\/product\/travel-tote-bag\/"},"modified":"2026-04-02T00:06:09","modified_gmt":"2026-04-01T22:06:09","slug":"travel-tote-bag","status":"publish","type":"product","link":"https:\/\/one-horizon.ch\/fr\/product\/travel-tote-bag\/","title":{"rendered":"Sac de voyage"},"content":{"rendered":"<p>Dites adieu aux sacs jetables et bonjour \u00e0 ce sac fourre-tout de voyage pliable et \u00e9cologique. Fabriqu\u00e9 \u00e0 partir de mat\u00e9riaux 100 % recycl\u00e9s, il est extr\u00eamement r\u00e9sistant et peut supporter 100 fois son propre poids &#8211; id\u00e9al pour faire du shopping ou aller \u00e0 la plage. L\u00e9ger et compact, le sac se replie en un format r\u00e9duit. Avec deux poches int\u00e9rieures pour un rangement s\u00fbr et suffisamment d&#8217;espace pour toutes vos courses alimentaires. R\u00e9utilisable et extr\u00eamement spacieux.    <\/p>\n","protected":false},"excerpt":{"rendered":"<p>Sac pliable en mat\u00e9riau 100% recycl\u00e9 &#8211; supporte 100 fois son propre poids, deux poches int\u00e9rieures, se range de mani\u00e8re compacte. Id\u00e9al pour les courses ou la plage. L&#8217;alternative durable au sac jetable.  <\/p>\n","protected":false},"featured_media":103807,"comment_status":"open","ping_status":"closed","template":"","meta":{"_acf_changed":false},"product_brand":[2997],"product_cat":[1298],"product_tag":[],"class_list":{"0":"post-103983","1":"product","2":"type-product","3":"status-publish","4":"has-post-thumbnail","6":"product_brand-dock-and-bay","7":"product_cat-sacs-a-provisions","8":"product_shipping_class-colis-jusqua-2-kg","9":"pa_farbe-navy-fr","10":"pa_farbe-terracotta-tropics-fr","11":"pa_farbe-unicorn-waves-fr","13":"first","14":"onbackorder","15":"taxable","16":"shipping-taxable","17":"purchasable","18":"product-type-variable"},"acf":[],"_links":{"self":[{"href":"https:\/\/one-horizon.ch\/fr\/wp-json\/wp\/v2\/product\/103983","targetHints":{"allow":["GET"]}}],"collection":[{"href":"https:\/\/one-horizon.ch\/fr\/wp-json\/wp\/v2\/product"}],"about":[{"href":"https:\/\/one-horizon.ch\/fr\/wp-json\/wp\/v2\/types\/product"}],"replies":[{"embeddable":true,"href":"https:\/\/one-horizon.ch\/fr\/wp-json\/wp\/v2\/comments?post=103983"}],"wp:featuredmedia":[{"embeddable":true,"href":"https:\/\/one-horizon.ch\/fr\/wp-json\/wp\/v2\/media\/103807"}],"wp:attachment":[{"href":"https:\/\/one-horizon.ch\/fr\/wp-json\/wp\/v2\/media?parent=103983"}],"wp:term":[{"taxonomy":"product_brand","embeddable":true,"href":"https:\/\/one-horizon.ch\/fr\/wp-json\/wp\/v2\/product_brand?post=103983"},{"taxonomy":"product_cat","embeddable":true,"href":"https:\/\/one-horizon.ch\/fr\/wp-json\/wp\/v2\/product_cat?post=103983"},{"taxonomy":"product_tag","embeddable":true,"href":"https:\/\/one-horizon.ch\/fr\/wp-json\/wp\/v2\/product_tag?post=103983"}],"curies":[{"name":"wp","href":"https:\/\/api.w.org\/{rel}","templated":true}]}}