{"id":103994,"date":"2024-08-25T16:45:21","date_gmt":"2024-08-25T14:45:21","guid":{"rendered":"https:\/\/one-horizon.ch\/product\/dock-and-bay-hair-wrap\/"},"modified":"2026-04-07T23:18:56","modified_gmt":"2026-04-07T21:18:56","slug":"dock-and-bay-hair-wrap","status":"publish","type":"product","link":"https:\/\/one-horizon.ch\/fr\/product\/dock-and-bay-hair-wrap\/","title":{"rendered":"Enveloppement des cheveux"},"content":{"rendered":"<p>L\u00e9g\u00e8re et compacte, la serviette Hair Wrap est fabriqu\u00e9e dans un mat\u00e9riau super absorbant qui s\u00e8che rapidement et facilite la routine matinale. Il suffit d&#8217;envelopper ce qui est mouill\u00e9, de tordre l&#8217;enrouleur de cheveux et de le fixer solidement \u00e0 l&#8217;aide de l&#8217;\u00e9lastique. Fabriqu\u00e9 en polyester\/polyamide (microfibre) 100% recycl\u00e9, il est livr\u00e9 dans une bo\u00eete cadeau en carton de haute qualit\u00e9. Parfait pour un s\u00e9chage rapide et facile des cheveux.   <\/p>\n","protected":false},"excerpt":{"rendered":"<p>Enveloppement l\u00e9ger des cheveux en mat\u00e9riau absorbant \u00e0 s\u00e9chage rapide. Il suffit de l&#8217;enrouler, de le tordre et de le fixer avec un \u00e9lastique. En polyester 100% recycl\u00e9, livr\u00e9 dans une bo\u00eete cadeau.  <\/p>\n","protected":false},"featured_media":103901,"comment_status":"open","ping_status":"closed","template":"","meta":{"_acf_changed":false},"product_brand":[2997],"product_cat":[945,3227],"product_tag":[3295],"class_list":{"0":"post-103994","1":"product","2":"type-product","3":"status-publish","4":"has-post-thumbnail","6":"product_brand-dock-and-bay","7":"product_cat-oakywood-fr-2","8":"product_cat-textiles","9":"product_tag-pour-vous","10":"product_shipping_class-colis-jusqua-2-kg","11":"pa_farbe-animal-tiger-fr","12":"pa_farbe-flower-power-palm-paradise-fr","13":"pa_farbe-licorne-dete","14":"pa_farbe-navy-fr","15":"pa_farbe-plancher-de-la-foret-tropicale","16":"pa_farbe-rose-malibu","18":"first","19":"onbackorder","20":"taxable","21":"shipping-taxable","22":"purchasable","23":"product-type-variable"},"acf":[],"_links":{"self":[{"href":"https:\/\/one-horizon.ch\/fr\/wp-json\/wp\/v2\/product\/103994","targetHints":{"allow":["GET"]}}],"collection":[{"href":"https:\/\/one-horizon.ch\/fr\/wp-json\/wp\/v2\/product"}],"about":[{"href":"https:\/\/one-horizon.ch\/fr\/wp-json\/wp\/v2\/types\/product"}],"replies":[{"embeddable":true,"href":"https:\/\/one-horizon.ch\/fr\/wp-json\/wp\/v2\/comments?post=103994"}],"wp:featuredmedia":[{"embeddable":true,"href":"https:\/\/one-horizon.ch\/fr\/wp-json\/wp\/v2\/media\/103901"}],"wp:attachment":[{"href":"https:\/\/one-horizon.ch\/fr\/wp-json\/wp\/v2\/media?parent=103994"}],"wp:term":[{"taxonomy":"product_brand","embeddable":true,"href":"https:\/\/one-horizon.ch\/fr\/wp-json\/wp\/v2\/product_brand?post=103994"},{"taxonomy":"product_cat","embeddable":true,"href":"https:\/\/one-horizon.ch\/fr\/wp-json\/wp\/v2\/product_cat?post=103994"},{"taxonomy":"product_tag","embeddable":true,"href":"https:\/\/one-horizon.ch\/fr\/wp-json\/wp\/v2\/product_tag?post=103994"}],"curies":[{"name":"wp","href":"https:\/\/api.w.org\/{rel}","templated":true}]}}