{"id":104010,"date":"2024-08-25T16:57:54","date_gmt":"2024-08-25T14:57:54","guid":{"rendered":"https:\/\/one-horizon.ch\/product\/cooling-towel-cabana\/"},"modified":"2026-04-07T23:19:13","modified_gmt":"2026-04-07T21:19:13","slug":"cooling-towel-cabana","status":"publish","type":"product","link":"https:\/\/one-horizon.ch\/fr\/product\/cooling-towel-cabana\/","title":{"rendered":"Serviette de refroidissement CABANA"},"content":{"rendered":"<p>La serviette rafra\u00eechissante ultime, dot\u00e9e d&#8217;une technologie de refroidissement \u00e0 double couche et d&#8217;un jadestone int\u00e9gr\u00e9, reste fra\u00eeche jusqu&#8217;\u00e0 6 heures. Il suffit de la mouiller, de l&#8217;essorer et de profiter de la fra\u00eecheur durable \u00e0 environ 15\u00b0C. Parfait pour les golfeurs, les coureurs et les personnes qui vont \u00e0 la plage. Fabriqu\u00e9 \u00e0 partir de fil rafra\u00eechissant en polyester 100% recycl\u00e9.   <\/p>\n","protected":false},"excerpt":{"rendered":"<p>La serviette de fitness avec technologie de refroidissement Jadestone reste fra\u00eeche jusqu&#8217;\u00e0 6 heures. Fabriqu\u00e9e en polyester 100% recycl\u00e9, elle est id\u00e9ale pour le sport et la plage. Il suffit de la mouiller et d&#8217;en profiter.  <\/p>\n","protected":false},"featured_media":103547,"comment_status":"open","ping_status":"closed","template":"","meta":{"_acf_changed":false},"product_brand":[2997],"product_cat":[3227],"product_tag":[3295],"class_list":{"0":"post-104010","1":"product","2":"type-product","3":"status-publish","4":"has-post-thumbnail","6":"product_brand-dock-and-bay","7":"product_cat-textiles","8":"product_tag-pour-vous","9":"product_shipping_class-colis-jusqua-2-kg","10":"pa_farbe-bleu","11":"pa_farbe-gris","12":"pa_farbe-navy-fr","13":"pa_farbe-prendre-un-dip","14":"pa_farbe-rose","15":"pa_farbe-rose-malibu","16":"pa_farbe-violet-fr","18":"first","19":"onbackorder","20":"taxable","21":"shipping-taxable","22":"purchasable","23":"product-type-variable"},"acf":[],"_links":{"self":[{"href":"https:\/\/one-horizon.ch\/fr\/wp-json\/wp\/v2\/product\/104010","targetHints":{"allow":["GET"]}}],"collection":[{"href":"https:\/\/one-horizon.ch\/fr\/wp-json\/wp\/v2\/product"}],"about":[{"href":"https:\/\/one-horizon.ch\/fr\/wp-json\/wp\/v2\/types\/product"}],"replies":[{"embeddable":true,"href":"https:\/\/one-horizon.ch\/fr\/wp-json\/wp\/v2\/comments?post=104010"}],"wp:featuredmedia":[{"embeddable":true,"href":"https:\/\/one-horizon.ch\/fr\/wp-json\/wp\/v2\/media\/103547"}],"wp:attachment":[{"href":"https:\/\/one-horizon.ch\/fr\/wp-json\/wp\/v2\/media?parent=104010"}],"wp:term":[{"taxonomy":"product_brand","embeddable":true,"href":"https:\/\/one-horizon.ch\/fr\/wp-json\/wp\/v2\/product_brand?post=104010"},{"taxonomy":"product_cat","embeddable":true,"href":"https:\/\/one-horizon.ch\/fr\/wp-json\/wp\/v2\/product_cat?post=104010"},{"taxonomy":"product_tag","embeddable":true,"href":"https:\/\/one-horizon.ch\/fr\/wp-json\/wp\/v2\/product_tag?post=104010"}],"curies":[{"name":"wp","href":"https:\/\/api.w.org\/{rel}","templated":true}]}}