{"id":104136,"date":"2024-08-25T18:18:34","date_gmt":"2024-08-25T16:18:34","guid":{"rendered":"https:\/\/one-horizon.ch\/product\/paris-1\/"},"modified":"2026-04-02T00:16:50","modified_gmt":"2026-04-01T22:16:50","slug":"porte-monnaie-paris-1","status":"publish","type":"product","link":"https:\/\/one-horizon.ch\/fr\/product\/porte-monnaie-paris-1\/","title":{"rendered":"Paris 1"},"content":{"rendered":"<p>Le porte-monnaie Paris 1 en cuir tann\u00e9 et teint de mani\u00e8re v\u00e9g\u00e9tale, issu d&#8217;une production \u00e9quitable, est plus qu&#8217;un simple porte-monnaie standard. Avec sa taille g\u00e9n\u00e9reuse, sa douceur au toucher et son int\u00e9rieur bien pens\u00e9 qui permet de tout ranger clairement et qui est en outre \u00e9quip\u00e9 d&#8217;une protection RFID, il convaincra tous ceux qui aiment avoir un format un peu plus grand sur eux. <\/p>\n<p>Paris 1 est dot\u00e9 d&#8217;un film bloquant les signaux RFID, ce qui emp\u00eache l&#8217;espionnage ill\u00e9gal des donn\u00e9es des cartes de cr\u00e9dit ou bancaires, et donc la fraude \u00e0 la carte de cr\u00e9dit. Le skimming consiste \u00e0 obtenir ill\u00e9galement des donn\u00e9es de cartes en lisant les donn\u00e9es des bandes magn\u00e9tiques et en les copiant sur de fausses cartes. <\/p>\n<p>Ce porte-monnaie conserve en toute s\u00e9curit\u00e9 tout ce pour quoi vous avez travaill\u00e9 dur !<\/p>\n<p>&nbsp;<\/p>\n<p><strong>Int\u00e9rieur :<\/strong><\/p>\n<ul>\n<li>12 fentes pour cartes de cr\u00e9dit<\/li>\n<li>2 poches de rangement<\/li>\n<li>Compartiment zipp\u00e9 pour la monnaie<\/li>\n<\/ul>\n<p>&nbsp;<\/p>\n<p><strong>Ext\u00e9rieur :<\/strong><\/p>\n<ul>\n<li>Compartiment zipp\u00e9<\/li>\n<\/ul>\n","protected":false},"excerpt":{"rendered":"<p>Grand porte-monnaie en cuir, tannage v\u00e9g\u00e9tal, production \u00e9quitable &#8211; avec protection RFID, 12 emplacements pour cartes, poche pour la monnaie et 2 poches. Doux au toucher, int\u00e9rieur bien organis\u00e9 pour un usage quotidien. <\/p>\n","protected":false},"featured_media":104054,"comment_status":"open","ping_status":"closed","template":"","meta":{"_acf_changed":false},"product_brand":[3019],"product_cat":[1908],"product_tag":[],"class_list":{"0":"post-104136","1":"product","2":"type-product","3":"status-publish","4":"has-post-thumbnail","6":"product_brand-margelisch","7":"product_cat-portefeuille","8":"product_shipping_class-colis-jusqua-2-kg","9":"pa_farbe-ananas-fr","10":"pa_farbe-gris","11":"pa_farbe-noir","12":"pa_farbe-vert-boue","13":"pa_farbe-vin","15":"first","16":"onbackorder","17":"taxable","18":"shipping-taxable","19":"purchasable","20":"product-type-variable"},"acf":[],"_links":{"self":[{"href":"https:\/\/one-horizon.ch\/fr\/wp-json\/wp\/v2\/product\/104136","targetHints":{"allow":["GET"]}}],"collection":[{"href":"https:\/\/one-horizon.ch\/fr\/wp-json\/wp\/v2\/product"}],"about":[{"href":"https:\/\/one-horizon.ch\/fr\/wp-json\/wp\/v2\/types\/product"}],"replies":[{"embeddable":true,"href":"https:\/\/one-horizon.ch\/fr\/wp-json\/wp\/v2\/comments?post=104136"}],"wp:featuredmedia":[{"embeddable":true,"href":"https:\/\/one-horizon.ch\/fr\/wp-json\/wp\/v2\/media\/104054"}],"wp:attachment":[{"href":"https:\/\/one-horizon.ch\/fr\/wp-json\/wp\/v2\/media?parent=104136"}],"wp:term":[{"taxonomy":"product_brand","embeddable":true,"href":"https:\/\/one-horizon.ch\/fr\/wp-json\/wp\/v2\/product_brand?post=104136"},{"taxonomy":"product_cat","embeddable":true,"href":"https:\/\/one-horizon.ch\/fr\/wp-json\/wp\/v2\/product_cat?post=104136"},{"taxonomy":"product_tag","embeddable":true,"href":"https:\/\/one-horizon.ch\/fr\/wp-json\/wp\/v2\/product_tag?post=104136"}],"curies":[{"name":"wp","href":"https:\/\/api.w.org\/{rel}","templated":true}]}}