{"id":104224,"date":"2024-08-25T20:15:25","date_gmt":"2024-08-25T18:15:25","guid":{"rendered":"https:\/\/one-horizon.ch\/product\/lampe-de-table-bobbi\/"},"modified":"2026-03-30T00:18:18","modified_gmt":"2026-03-29T22:18:18","slug":"lampe-de-table-bobbi","status":"publish","type":"product","link":"https:\/\/one-horizon.ch\/fr\/product\/lampe-de-table-bobbi\/","title":{"rendered":"Lampe de table Bobbi"},"content":{"rendered":"<p>La lampe de table Bobbi, la version compacte de la lampe Bob, enchante chaque pi\u00e8ce avec son design lumineux polyvalent et portable. Apr\u00e8s une charge compl\u00e8te via USB-C, Bobbi offre jusqu&#8217;\u00e0 46 heures d&#8217;\u00e9clairage sans fil. Cette \u00e9l\u00e9gante lampe de bureau LED dispose de trois niveaux de luminosit\u00e9, est r\u00e9sistante aux \u00e9claboussures (IP44) et convient aussi bien \u00e0 l&#8217;int\u00e9rieur qu&#8217;\u00e0 l&#8217;ext\u00e9rieur, y compris les salles de bains et les terrasses.  <\/p>\n<p>Pour plus de confort et de s\u00e9curit\u00e9, Bobbi est \u00e9quip\u00e9e d&#8217;un interrupteur et se commande facilement \u00e0 l&#8217;aide d&#8217;un capteur tactile situ\u00e9 sur l&#8217;abat-jour. Avec sa lumi\u00e8re blanche chaude (3000 Kelvin), sa luminosit\u00e9 de 60 lumens et sa dur\u00e9e de vie d&#8217;environ 20 000 heures, Bobbi offre une solution d&#8217;\u00e9clairage fiable et \u00e9l\u00e9gante. Le temps de charge est d&#8217;environ cinq heures.  <\/p>\n<p>Un c\u00e2ble de charge USB-C de 1,5 m\u00e8tre est inclus, mais l&#8217;adaptateur secteur n&#8217;est pas fourni.<\/p>\n<p>&nbsp;<\/p>\n<p>Lampe de table Bobbi de Remember &#8211; la combinaison parfaite de fonctionnalit\u00e9 et d&#8217;esth\u00e9tique pour votre maison.<\/p>\n","protected":false},"excerpt":{"rendered":"<p>Bobbi, la lampe LED compacte, offre jusqu&#8217;\u00e0 46 heures d&#8217;\u00e9clairage sans fil. Variable, r\u00e9sistante aux \u00e9claboussures, elle est parfaite pour une utilisation en int\u00e9rieur\/ext\u00e9rieur. C\u00e2ble de charge USB-C inclus.  <\/p>\n","protected":false},"featured_media":104044,"comment_status":"open","ping_status":"closed","template":"","meta":{"_acf_changed":false},"product_brand":[3039],"product_cat":[1315],"product_tag":[],"class_list":{"0":"post-104224","1":"product","2":"type-product","3":"status-publish","4":"has-post-thumbnail","6":"product_brand-remember","7":"product_cat-eclairage","8":"product_shipping_class-colis-jusqua-2-kg","9":"pa_farbe-bleu","10":"pa_farbe-jaune","11":"pa_farbe-rouge","13":"first","14":"onbackorder","15":"taxable","16":"shipping-taxable","17":"purchasable","18":"product-type-variable"},"acf":[],"_links":{"self":[{"href":"https:\/\/one-horizon.ch\/fr\/wp-json\/wp\/v2\/product\/104224","targetHints":{"allow":["GET"]}}],"collection":[{"href":"https:\/\/one-horizon.ch\/fr\/wp-json\/wp\/v2\/product"}],"about":[{"href":"https:\/\/one-horizon.ch\/fr\/wp-json\/wp\/v2\/types\/product"}],"replies":[{"embeddable":true,"href":"https:\/\/one-horizon.ch\/fr\/wp-json\/wp\/v2\/comments?post=104224"}],"wp:featuredmedia":[{"embeddable":true,"href":"https:\/\/one-horizon.ch\/fr\/wp-json\/wp\/v2\/media\/104044"}],"wp:attachment":[{"href":"https:\/\/one-horizon.ch\/fr\/wp-json\/wp\/v2\/media?parent=104224"}],"wp:term":[{"taxonomy":"product_brand","embeddable":true,"href":"https:\/\/one-horizon.ch\/fr\/wp-json\/wp\/v2\/product_brand?post=104224"},{"taxonomy":"product_cat","embeddable":true,"href":"https:\/\/one-horizon.ch\/fr\/wp-json\/wp\/v2\/product_cat?post=104224"},{"taxonomy":"product_tag","embeddable":true,"href":"https:\/\/one-horizon.ch\/fr\/wp-json\/wp\/v2\/product_tag?post=104224"}],"curies":[{"name":"wp","href":"https:\/\/api.w.org\/{rel}","templated":true}]}}