{"id":104234,"date":"2024-08-25T20:24:01","date_gmt":"2024-08-25T18:24:01","guid":{"rendered":"https:\/\/one-horizon.ch\/product\/lampe-de-table-bob\/"},"modified":"2026-03-30T00:18:10","modified_gmt":"2026-03-29T22:18:10","slug":"lampe-de-table-bob","status":"publish","type":"product","link":"https:\/\/one-horizon.ch\/fr\/product\/lampe-de-table-bob\/","title":{"rendered":"Lampe de table Bob"},"content":{"rendered":"<p>Bob &#8211; la lampe LED mobile qui est un h\u00f4te bienvenu partout et qui aime la libert\u00e9 sans fil. \u00c0 l&#8217;instar de la coiffure, la lampe est une v\u00e9ritable lampe de poche qui offre jusqu&#8217;\u00e0 35 heures d&#8217;\u00e9clairage avec une seule charge de batterie. Elle se recharge facilement avec un c\u00e2ble USB-C.  <\/p>\n<p>Bob est dot\u00e9 d&#8217;un variateur d&#8217;intensit\u00e9 \u00e0 trois niveaux, est prot\u00e9g\u00e9 contre les projections d&#8217;eau et attire \u00e9galement l&#8217;attention \u00e0 l&#8217;ext\u00e9rieur. Cette \u00e9l\u00e9gante lampe de table LED offre une lumi\u00e8re blanche chaude avec une temp\u00e9rature de couleur de 3000 Kelvin, une luminosit\u00e9 de 140 lumens et une dur\u00e9e de vie impressionnante d&#8217;environ 20.000 heures. <\/p>\n<p>Le temps de charge est d&#8217;environ 5 heures. Un c\u00e2ble de chargement USB-C de 1,5 m\u00e8tre est fourni, mais pas d&#8217;adaptateur secteur. <\/p>\n<p>&nbsp;<\/p>\n<p>Lampe de table Bob de Remember &#8211; la combinaison parfaite de mobilit\u00e9, style et fonctionnalit\u00e9 pour tout environnement.<\/p>\n","protected":false},"excerpt":{"rendered":"<p>La lampe LED mobile Bob : sans fil, \u00e0 intensit\u00e9 variable sur 3 niveaux et r\u00e9sistante aux \u00e9claboussures. Jusqu&#8217;\u00e0 35 heures de lumi\u00e8re avec une seule charge. C\u00e2ble de charge USB-C inclus.  <\/p>\n","protected":false},"featured_media":104180,"comment_status":"open","ping_status":"closed","template":"","meta":{"_acf_changed":false},"product_brand":[3039],"product_cat":[1315],"product_tag":[],"class_list":{"0":"post-104234","1":"product","2":"type-product","3":"status-publish","4":"has-post-thumbnail","6":"product_brand-remember","7":"product_cat-eclairage","8":"product_shipping_class-colis-jusqua-2-kg","9":"pa_farbe-menthe","10":"pa_farbe-olive-fr","11":"pa_farbe-rouge","13":"first","14":"onbackorder","15":"taxable","16":"shipping-taxable","17":"purchasable","18":"product-type-variable"},"acf":[],"_links":{"self":[{"href":"https:\/\/one-horizon.ch\/fr\/wp-json\/wp\/v2\/product\/104234","targetHints":{"allow":["GET"]}}],"collection":[{"href":"https:\/\/one-horizon.ch\/fr\/wp-json\/wp\/v2\/product"}],"about":[{"href":"https:\/\/one-horizon.ch\/fr\/wp-json\/wp\/v2\/types\/product"}],"replies":[{"embeddable":true,"href":"https:\/\/one-horizon.ch\/fr\/wp-json\/wp\/v2\/comments?post=104234"}],"wp:featuredmedia":[{"embeddable":true,"href":"https:\/\/one-horizon.ch\/fr\/wp-json\/wp\/v2\/media\/104180"}],"wp:attachment":[{"href":"https:\/\/one-horizon.ch\/fr\/wp-json\/wp\/v2\/media?parent=104234"}],"wp:term":[{"taxonomy":"product_brand","embeddable":true,"href":"https:\/\/one-horizon.ch\/fr\/wp-json\/wp\/v2\/product_brand?post=104234"},{"taxonomy":"product_cat","embeddable":true,"href":"https:\/\/one-horizon.ch\/fr\/wp-json\/wp\/v2\/product_cat?post=104234"},{"taxonomy":"product_tag","embeddable":true,"href":"https:\/\/one-horizon.ch\/fr\/wp-json\/wp\/v2\/product_tag?post=104234"}],"curies":[{"name":"wp","href":"https:\/\/api.w.org\/{rel}","templated":true}]}}