{"id":104244,"date":"2024-08-25T20:52:04","date_gmt":"2024-08-25T18:52:04","guid":{"rendered":"https:\/\/one-horizon.ch\/product\/lampe-de-table-dorian\/"},"modified":"2026-03-30T00:18:05","modified_gmt":"2026-03-29T22:18:05","slug":"lampadaire-rechargeable-dorian","status":"publish","type":"product","link":"https:\/\/one-horizon.ch\/fr\/product\/lampadaire-rechargeable-dorian\/","title":{"rendered":"Lampadaire \u00e0 batterie Dorian"},"content":{"rendered":"<p>Profitez d&#8217;un \u00e9clairage d&#8217;ambiance o\u00f9 que vous soyez gr\u00e2ce \u00e0 notre lampadaire rechargeable innovant Dorian, sans prise de courant ni rallonge. Une fois enti\u00e8rement charg\u00e9e via USB, la puissante batterie offre une impressionnante dur\u00e9e de 6,5 heures d&#8217;\u00e9clairage sans fil avec une luminosit\u00e9 maximale. <\/p>\n<p>Cette lampe \u00e0 faible consommation d&#8217;\u00e9nergie s\u00e9duit par sa fonction de variation tactile et diffuse une lumi\u00e8re douce et non \u00e9blouissante vers le bas \u00e0 partir des points LED int\u00e9gr\u00e9s. Parfaitement adapt\u00e9e comme solution d&#8217;\u00e9clairage \u00e9l\u00e9gante \u00e0 c\u00f4t\u00e9 du canap\u00e9, dans le couloir ou dans toute autre pi\u00e8ce o\u00f9 une touche d&#8217;ambiance est n\u00e9cessaire. <\/p>\n<p>Avec sa couleur de lumi\u00e8re blanche chaude (3000 Kelvin), elle cr\u00e9e une atmosph\u00e8re chaleureuse et accueillante. Sa dur\u00e9e de vie impressionnante d&#8217;environ 50 000 heures vous garantit de profiter de cet \u00e9l\u00e9gant diffuseur de lumi\u00e8re sur le long terme. Apr\u00e8s un temps de charge de seulement 7 \u00e0 8 heures, la lampe est de nouveau enti\u00e8rement pr\u00eate \u00e0 l&#8217;emploi. Un c\u00e2ble de recharge USB est inclus, mais l&#8217;adaptateur secteur est vendu s\u00e9par\u00e9ment.   <\/p>\n<p>Donnez \u00e0 votre int\u00e9rieur une exp\u00e9rience d&#8217;\u00e9clairage raffin\u00e9e et flexible avec ce lampadaire Dorian polyvalent et rechargeable.<\/p>\n","protected":false},"excerpt":{"rendered":"<p>Lampadaire rechargeable : sans fil, \u00e0 intensit\u00e9 variable et sans \u00e9blouissement. Jusqu&#8217;\u00e0 6,5 heures de lumi\u00e8re. Id\u00e9al pour le canap\u00e9 ou le couloir. C\u00e2ble de recharge USB inclus ; adaptateur secteur non inclus.   <\/p>\n","protected":false},"featured_media":104158,"comment_status":"open","ping_status":"closed","template":"","meta":{"_acf_changed":false},"product_brand":[3039],"product_cat":[1315],"product_tag":[],"class_list":{"0":"post-104244","1":"product","2":"type-product","3":"status-publish","4":"has-post-thumbnail","6":"product_brand-remember","7":"product_cat-eclairage","8":"product_shipping_class-colis-jusqua-2-kg","9":"pa_farbe-sable","11":"first","12":"outofstock","13":"taxable","14":"shipping-taxable","15":"purchasable","16":"product-type-simple"},"acf":[],"_links":{"self":[{"href":"https:\/\/one-horizon.ch\/fr\/wp-json\/wp\/v2\/product\/104244","targetHints":{"allow":["GET"]}}],"collection":[{"href":"https:\/\/one-horizon.ch\/fr\/wp-json\/wp\/v2\/product"}],"about":[{"href":"https:\/\/one-horizon.ch\/fr\/wp-json\/wp\/v2\/types\/product"}],"replies":[{"embeddable":true,"href":"https:\/\/one-horizon.ch\/fr\/wp-json\/wp\/v2\/comments?post=104244"}],"wp:featuredmedia":[{"embeddable":true,"href":"https:\/\/one-horizon.ch\/fr\/wp-json\/wp\/v2\/media\/104158"}],"wp:attachment":[{"href":"https:\/\/one-horizon.ch\/fr\/wp-json\/wp\/v2\/media?parent=104244"}],"wp:term":[{"taxonomy":"product_brand","embeddable":true,"href":"https:\/\/one-horizon.ch\/fr\/wp-json\/wp\/v2\/product_brand?post=104244"},{"taxonomy":"product_cat","embeddable":true,"href":"https:\/\/one-horizon.ch\/fr\/wp-json\/wp\/v2\/product_cat?post=104244"},{"taxonomy":"product_tag","embeddable":true,"href":"https:\/\/one-horizon.ch\/fr\/wp-json\/wp\/v2\/product_tag?post=104244"}],"curies":[{"name":"wp","href":"https:\/\/api.w.org\/{rel}","templated":true}]}}