{"id":104435,"date":"2024-08-26T12:09:39","date_gmt":"2024-08-26T10:09:39","guid":{"rendered":"https:\/\/one-horizon.ch\/?post_type=product&#038;p=104435"},"modified":"2026-03-30T00:17:53","modified_gmt":"2026-03-29T22:17:53","slug":"tokyo-2","status":"publish","type":"product","link":"https:\/\/one-horizon.ch\/fr\/product\/tokyo-2\/","title":{"rendered":"Tokyo 2"},"content":{"rendered":"<p>Optimisez votre style et votre confort en d\u00e9placement avec le porte-monnaie Margelisch Tokyo 2, sp\u00e9cialement con\u00e7u pour les hommes qui souhaitent ma\u00eetriser l&#8217;art du transport minimal mais fonctionnel.<\/p>\n<p>Le Tokyo 2 \u00e9tablit de nouvelles normes en mati\u00e8re de design minimaliste, sans pour autant renoncer aux fonctions essentielles. Son design \u00e9l\u00e9gant combine un compartiment pour la monnaie et un compartiment pour les billets intelligemment divis\u00e9, id\u00e9al pour garder vos finances claires et \u00e0 port\u00e9e de main. Sa taille compacte et pratique et son int\u00e9rieur clairement structur\u00e9 s\u00e9duiront les hommes modernes qui accordent de l&#8217;importance \u00e0 l&#8217;ordre et au style.  <\/p>\n<p>Avec sa protection innovante contre le vol d&#8217;identit\u00e9 gr\u00e2ce \u00e0 un film de blocage RFID int\u00e9gr\u00e9, le Tokyo 2 offre une s\u00e9curit\u00e9 contre la lecture non d\u00e9sir\u00e9e des donn\u00e9es de votre carte de cr\u00e9dit par skimming &#8211; un avantage r\u00e9volutionnaire pour l&#8217;int\u00e9grit\u00e9 de vos donn\u00e9es.<\/p>\n<p>Le portefeuille est \u00e9quip\u00e9 de six compartiments pour les cartes de cr\u00e9dit, de deux poches universelles, d&#8217;une poche transparente pour les documents d&#8217;identit\u00e9, d&#8217;une poche compartiment\u00e9e pour les billets et d&#8217;une poche \u00e0 monnaie \u00e0 fermeture s\u00e9curis\u00e9e. Cet agencement bien pens\u00e9 permet \u00e0 chaque chose importante de trouver sa place sans risquer le d\u00e9sordre ou l&#8217;encombrement. <\/p>\n<p>&nbsp;<\/p>\n<p><strong>L&#8217;int\u00e9rieur en d\u00e9tail<\/strong><\/p>\n<ul>\n<li>6 fentes pour cartes de cr\u00e9dit pour vos cartes les plus importantes.<\/li>\n<li>1 compartiment transparent, id\u00e9al pour les cartes d&#8217;identit\u00e9 ou les photos.<\/li>\n<li>2 pochettes pour les re\u00e7us ou les notes.<\/li>\n<li>Un compartiment \u00e0 billets intelligemment compartiment\u00e9 pour diff\u00e9rentes devises ou billets.<\/li>\n<li>Une poche pour pi\u00e8ces de monnaie avec bouton-pression, parfaite pour garder votre monnaie en s\u00e9curit\u00e9.<\/li>\n<\/ul>\n<p>&nbsp;<\/p>\n<p>Con\u00e7u avec une profonde compr\u00e9hension des besoins de l&#8217;homme moderne, le Tokyo 2 allie style, s\u00e9curit\u00e9 et organisation dans un format compact et \u00e9l\u00e9gant. Avec ce portefeuille, vous \u00eates non seulement bien organis\u00e9, mais vous faites \u00e9galement une d\u00e9claration forte en mati\u00e8re de style et d&#8217;efficacit\u00e9. <\/p>\n","protected":false},"excerpt":{"rendered":"<p>Tokyo 2 est d\u00e9j\u00e0 un portefeuille pour homme plus minimaliste, mais il est tout de m\u00eame \u00e9quip\u00e9 d&#8217;un compartiment pour la monnaie et d&#8217;un compartiment s\u00e9par\u00e9 pour les billets. Sa taille pratique et son int\u00e9rieur bien agenc\u00e9 s\u00e9duiront tous ceux qui aiment avoir sur eux un format un peu plus petit. <\/p>\n","protected":false},"featured_media":104465,"comment_status":"open","ping_status":"closed","template":"","meta":{"_acf_changed":false},"product_brand":[3019],"product_cat":[1908],"product_tag":[],"class_list":{"0":"post-104435","1":"product","2":"type-product","3":"status-publish","4":"has-post-thumbnail","6":"product_brand-margelisch","7":"product_cat-portefeuille","8":"product_shipping_class-colis-jusqua-2-kg","9":"pa_farbe-bleu-acier","10":"pa_farbe-marron","11":"pa_farbe-noir","13":"first","14":"onbackorder","15":"taxable","16":"shipping-taxable","17":"purchasable","18":"product-type-variable"},"acf":[],"_links":{"self":[{"href":"https:\/\/one-horizon.ch\/fr\/wp-json\/wp\/v2\/product\/104435","targetHints":{"allow":["GET"]}}],"collection":[{"href":"https:\/\/one-horizon.ch\/fr\/wp-json\/wp\/v2\/product"}],"about":[{"href":"https:\/\/one-horizon.ch\/fr\/wp-json\/wp\/v2\/types\/product"}],"replies":[{"embeddable":true,"href":"https:\/\/one-horizon.ch\/fr\/wp-json\/wp\/v2\/comments?post=104435"}],"wp:featuredmedia":[{"embeddable":true,"href":"https:\/\/one-horizon.ch\/fr\/wp-json\/wp\/v2\/media\/104465"}],"wp:attachment":[{"href":"https:\/\/one-horizon.ch\/fr\/wp-json\/wp\/v2\/media?parent=104435"}],"wp:term":[{"taxonomy":"product_brand","embeddable":true,"href":"https:\/\/one-horizon.ch\/fr\/wp-json\/wp\/v2\/product_brand?post=104435"},{"taxonomy":"product_cat","embeddable":true,"href":"https:\/\/one-horizon.ch\/fr\/wp-json\/wp\/v2\/product_cat?post=104435"},{"taxonomy":"product_tag","embeddable":true,"href":"https:\/\/one-horizon.ch\/fr\/wp-json\/wp\/v2\/product_tag?post=104435"}],"curies":[{"name":"wp","href":"https:\/\/api.w.org\/{rel}","templated":true}]}}