{"id":104533,"date":"2024-08-26T12:44:20","date_gmt":"2024-08-26T10:44:20","guid":{"rendered":"https:\/\/one-horizon.ch\/?post_type=product&#038;p=104533"},"modified":"2026-03-30T00:17:50","modified_gmt":"2026-03-29T22:17:50","slug":"pouf-pouf","status":"publish","type":"product","link":"https:\/\/one-horizon.ch\/fr\/product\/pouf-pouf\/","title":{"rendered":"PoufPouf"},"content":{"rendered":"<p>D\u00e9couvrez l&#8217;univers polyvalent du pouf PoufPouf, un v\u00e9ritable cam\u00e9l\u00e9on de l&#8217;ameublement ! D&#8217;un simple geste, PoufPouf r\u00e9v\u00e8le son \u00e9tonnant double visage : ce qui \u00e9tait le dessus devient la base d&#8217;un design totalement nouveau. \u00c9quip\u00e9 d&#8217;une poign\u00e9e de transport confortable, PoufPouf se d\u00e9place facilement d&#8217;une pi\u00e8ce \u00e0 l&#8217;autre &#8211; un v\u00e9ritable artiste du changement pour toutes les pi\u00e8ces de votre maison, que ce soit le salon, la chambre \u00e0 coucher, la chambre des enfants ou m\u00eame la salle de bain. Les combinaisons de couleurs soigneusement s\u00e9lectionn\u00e9es en font un v\u00e9ritable objet d&#8217;attention, quel que soit l&#8217;endroit o\u00f9 il est plac\u00e9.   <\/p>\n<p>&nbsp;<\/p>\n<p>Fabriqu\u00e9 en polycoton tiss\u00e9 r\u00e9sistant, le pouf PoufPouf est facile \u00e0 entretenir et \u00e0 nettoyer. Le rembourrage de qualit\u00e9 sup\u00e9rieure en granul\u00e9s de polystyr\u00e8ne expans\u00e9 assure un confort maximal. Ce poids plume ne p\u00e8se que 2 kg et mesure H 40 cm x \u00d8 55 cm, ce qui en fait le compl\u00e9ment id\u00e9al de tout int\u00e9rieur.  <\/p>\n<p>&nbsp;<\/p>\n<p>Que vous ayez besoin d&#8217;un si\u00e8ge suppl\u00e9mentaire, d&#8217;une table d&#8217;appoint ou que vous souhaitiez simplement mettre vos pieds en hauteur, le PoufPouf s&#8217;adapte parfaitement \u00e0 vos besoins. Gr\u00e2ce \u00e0 son design innovant, vous avez une infinit\u00e9 de possibilit\u00e9s pour changer votre int\u00e9rieur \u00e0 chaque fois. En un seul geste, vous d\u00e9couvrez le plaisir d&#8217;une couleur fra\u00eeche sur l&#8217;assise, ce qui fait du PoufPouf un \u00e9l\u00e9ment indispensable pour tous ceux qui accordent de l&#8217;importance \u00e0 la flexibilit\u00e9 et au style.  <\/p>\n<p>&nbsp;<\/p>\n<p><strong>Aper\u00e7u des d\u00e9tails du produit<\/strong><br \/>\n&#8211; Pouf tricolore avec poign\u00e9e pratique<br \/>\n&#8211; Mat\u00e9riau de la housse : poly-coton tiss\u00e9 de haute qualit\u00e9, facile \u00e0 essuyer<br \/>\n&#8211; Mat\u00e9riau du rembourrage : granul\u00e9s de polystyr\u00e8ne souples et adaptables<br \/>\n&#8211; Dimensions et poids : hauteur 40 cm, diam\u00e8tre 55 cm, poids 2 kg<\/p>\n<p>&nbsp;<\/p>\n<p>Laissez-vous inspirer par le pouf PoufPouf &#8211; pour une maison aussi dynamique que vous !<\/p>\n","protected":false},"excerpt":{"rendered":"<p>D\u00e9couvrez le PoufPouf de Remember : \u00e9l\u00e9gant, modulable et pratique. Sert de si\u00e8ge, de table d&#8217;appoint ou de tabouret. Il suffit de le retourner pour changer de look, avec poign\u00e9e de transport.  <\/p>\n","protected":false},"featured_media":104539,"comment_status":"open","ping_status":"closed","template":"","meta":{"_acf_changed":false},"product_brand":[3039],"product_cat":[1297],"product_tag":[],"class_list":{"0":"post-104533","1":"product","2":"type-product","3":"status-publish","4":"has-post-thumbnail","6":"product_brand-remember","7":"product_cat-accessoires-dinterieur","8":"product_shipping_class-colis-jusqua-2-kg","9":"pa_farbe-berry-fr","10":"pa_farbe-sable","11":"pa_farbe-sky-fr","13":"first","14":"onbackorder","15":"taxable","16":"shipping-taxable","17":"purchasable","18":"product-type-variable"},"acf":[],"_links":{"self":[{"href":"https:\/\/one-horizon.ch\/fr\/wp-json\/wp\/v2\/product\/104533","targetHints":{"allow":["GET"]}}],"collection":[{"href":"https:\/\/one-horizon.ch\/fr\/wp-json\/wp\/v2\/product"}],"about":[{"href":"https:\/\/one-horizon.ch\/fr\/wp-json\/wp\/v2\/types\/product"}],"replies":[{"embeddable":true,"href":"https:\/\/one-horizon.ch\/fr\/wp-json\/wp\/v2\/comments?post=104533"}],"wp:featuredmedia":[{"embeddable":true,"href":"https:\/\/one-horizon.ch\/fr\/wp-json\/wp\/v2\/media\/104539"}],"wp:attachment":[{"href":"https:\/\/one-horizon.ch\/fr\/wp-json\/wp\/v2\/media?parent=104533"}],"wp:term":[{"taxonomy":"product_brand","embeddable":true,"href":"https:\/\/one-horizon.ch\/fr\/wp-json\/wp\/v2\/product_brand?post=104533"},{"taxonomy":"product_cat","embeddable":true,"href":"https:\/\/one-horizon.ch\/fr\/wp-json\/wp\/v2\/product_cat?post=104533"},{"taxonomy":"product_tag","embeddable":true,"href":"https:\/\/one-horizon.ch\/fr\/wp-json\/wp\/v2\/product_tag?post=104533"}],"curies":[{"name":"wp","href":"https:\/\/api.w.org\/{rel}","templated":true}]}}