{"id":104577,"date":"2024-08-26T12:57:45","date_gmt":"2024-08-26T10:57:45","guid":{"rendered":"https:\/\/one-horizon.ch\/product\/plateau-qui-est-super\/"},"modified":"2026-03-30T00:17:51","modified_gmt":"2026-03-29T22:17:51","slug":"plateau-qui-est-super","status":"publish","type":"product","link":"https:\/\/one-horizon.ch\/fr\/product\/plateau-qui-est-super\/","title":{"rendered":"Plateau &#8220;Tu es g\u00e9nial"},"content":{"rendered":"<p>Le plateau &#8220;Tu es formidable&#8221; en bois de ch\u00eane est un accessoire polyvalent qui apporte fonctionnalit\u00e9 et \u00e9l\u00e9gance \u00e0 la vie quotidienne. Il est id\u00e9al pour le caf\u00e9 du matin, les collations de l&#8217;apr\u00e8s-midi, pour ranger des bijoux ou comme base d\u00e9corative pour des arrangements de bougies. Avec ses dimensions de 25 x 12 x 1,5 cm, il offre suffisamment de place pour pr\u00e9senter de mani\u00e8re attrayante les petits plaisirs de la vie.  <\/p>\n<p>La gravure manuscrite &#8220;Tu es g\u00e9nial&#8221; \u00e0 l&#8217;int\u00e9rieur du plateau est un d\u00e9tail qui fait sourire tout le monde. Le logo caract\u00e9ristique du fabricant est \u00e9galement grav\u00e9 sur la face inf\u00e9rieure, ce qui compl\u00e8te habilement le design. <\/p>\n<p>Ce plateau est \u00e9galement une bonne id\u00e9e de cadeau. Garni de friandises ou d&#8217;un petit vase de fleurs fra\u00eeches, il devient un cadeau chaleureux qui suscite l&#8217;enthousiasme. Sa polyvalence et sa flexibilit\u00e9 d\u00e9corative en font un v\u00e9ritable objet polyvalent dans toute la maison.  <\/p>\n<p>&nbsp;<\/p>\n<p>Pour pr\u00e9server la beaut\u00e9 et la long\u00e9vit\u00e9 du bois de ch\u00eane, il convient de respecter les consignes d&#8217;entretien suivantes :<\/p>\n<p>&#8211; Un traitement initial et un traitement ult\u00e9rieur r\u00e9gulier avec une huile de qualit\u00e9 sont recommand\u00e9s pour entretenir le bois.<br \/>\n&#8211; Le plateau n&#8217;est pas adapt\u00e9 au lave-vaisselle. Pour le nettoyer, il convient de le rincer \u00e0 l&#8217;eau courante ti\u00e8de, puis de l&#8217;essuyer imm\u00e9diatement et soigneusement.<br \/>\n&#8211; Pour \u00e9viter tout dommage d\u00fb \u00e0 la chaleur ou \u00e0 la lumi\u00e8re directe du soleil, le plateau ne doit pas \u00eatre expos\u00e9 \u00e0 ces conditions.<\/p>\n<p>&nbsp;<\/p>\n<p>Mat\u00e9riau : bois de ch\u00eane<\/p>\n<p>Dimensions : 25 cm x 12 cm x 1,5 cm<\/p>\n<p>&nbsp;<\/p>\n<p>Ce plateau est un produit \u00e9l\u00e9gant et pratique qui peut compl\u00e9ter n&#8217;importe quelle maison ou constituer un cadeau bien pens\u00e9. D\u00e9couvrez ce produit et d&#8217;autres produits attrayants de la cat\u00e9gorie des produits en bois pour un quotidien organis\u00e9 et plein de style. <\/p>\n","protected":false},"excerpt":{"rendered":"<p><strong>Tu es g\u00e9nial &#8211; plateau en ch\u00eane :<\/strong> plateau polyvalent grav\u00e9 &#8220;Tu es g\u00e9nial&#8221;, id\u00e9al pour les snacks, les bijoux ou la d\u00e9coration. Dimensions : 25 x 12 x 1,5 cm. <\/p>\n","protected":false},"featured_media":104399,"comment_status":"open","ping_status":"closed","template":"","meta":{"_acf_changed":false},"product_brand":[3004],"product_cat":[1297],"product_tag":[],"class_list":{"0":"post-104577","1":"product","2":"type-product","3":"status-publish","4":"has-post-thumbnail","6":"product_brand-eulenschnitt","7":"product_cat-accessoires-dinterieur","9":"first","10":"instock","11":"taxable","12":"shipping-taxable","13":"purchasable","14":"product-type-simple"},"acf":[],"_links":{"self":[{"href":"https:\/\/one-horizon.ch\/fr\/wp-json\/wp\/v2\/product\/104577","targetHints":{"allow":["GET"]}}],"collection":[{"href":"https:\/\/one-horizon.ch\/fr\/wp-json\/wp\/v2\/product"}],"about":[{"href":"https:\/\/one-horizon.ch\/fr\/wp-json\/wp\/v2\/types\/product"}],"replies":[{"embeddable":true,"href":"https:\/\/one-horizon.ch\/fr\/wp-json\/wp\/v2\/comments?post=104577"}],"wp:featuredmedia":[{"embeddable":true,"href":"https:\/\/one-horizon.ch\/fr\/wp-json\/wp\/v2\/media\/104399"}],"wp:attachment":[{"href":"https:\/\/one-horizon.ch\/fr\/wp-json\/wp\/v2\/media?parent=104577"}],"wp:term":[{"taxonomy":"product_brand","embeddable":true,"href":"https:\/\/one-horizon.ch\/fr\/wp-json\/wp\/v2\/product_brand?post=104577"},{"taxonomy":"product_cat","embeddable":true,"href":"https:\/\/one-horizon.ch\/fr\/wp-json\/wp\/v2\/product_cat?post=104577"},{"taxonomy":"product_tag","embeddable":true,"href":"https:\/\/one-horizon.ch\/fr\/wp-json\/wp\/v2\/product_tag?post=104577"}],"curies":[{"name":"wp","href":"https:\/\/api.w.org\/{rel}","templated":true}]}}