{"id":104609,"date":"2024-08-26T15:35:53","date_gmt":"2024-08-26T13:35:53","guid":{"rendered":"https:\/\/one-horizon.ch\/product\/hibou-etoile-planche-de-chene\/"},"modified":"2026-03-30T00:17:56","modified_gmt":"2026-03-29T22:17:56","slug":"hibou-etoile-planche-de-chene","status":"publish","type":"product","link":"https:\/\/one-horizon.ch\/fr\/product\/hibou-etoile-planche-de-chene\/","title":{"rendered":"Planche en \u00e9toile en ch\u00eane"},"content":{"rendered":"<p>Le plateau en \u00e9toile en ch\u00eane allie un design sophistiqu\u00e9 \u00e0 une fonctionnalit\u00e9 pratique. Fabriqu\u00e9 en bois de ch\u00eane de qualit\u00e9 sup\u00e9rieure, il constitue non seulement une d\u00e9coration de No\u00ebl attrayante, mais est \u00e9galement id\u00e9al pour dresser et servir les plats avec style. Gr\u00e2ce \u00e0 sa solide \u00e9paisseur de 2 cm, la planche est d&#8217;une \u00e9l\u00e9gance et d&#8217;une robustesse exceptionnelles, ce qui en fait un compagnon parfait pour les occasions sp\u00e9ciales ou un accessoire de style durable dans toute cuisine.  <\/p>\n<p>&nbsp;<\/p>\n<p><strong>Caract\u00e9ristiques<\/strong><br \/>\n&#8211; Fabriqu\u00e9 en bois de ch\u00eane de haute qualit\u00e9, connu pour sa durabilit\u00e9 et sa r\u00e9sistance<br \/>\n&#8211; Forme unique en \u00e9toile qui cr\u00e9e une atmosph\u00e8re festive tout en servant de planche de service fonctionnelle<br \/>\n&#8211; \u00c9paisseur de 2 cm qui donne \u00e0 la planche un aspect noble et de haute qualit\u00e9<\/p>\n<p>&nbsp;<\/p>\n<p>Dimensions : 38 x 38 x 2 cm<\/p>\n<p>&nbsp;<\/p>\n<p>Cette planche en \u00e9toile en bois de ch\u00eane allie une esth\u00e9tique \u00e9l\u00e9gante \u00e0 des possibilit\u00e9s de service pratiques. Elle compl\u00e8te \u00e0 merveille toute table de f\u00eate et apporte une touche de raffinement \u00e0 la vie quotidienne ou \u00e0 toute c\u00e9l\u00e9bration. Qu&#8217;elle fasse partie de la d\u00e9coration de No\u00ebl ou qu&#8217;elle attire l&#8217;attention de mani\u00e8re impressionnante lors du dressage d&#8217;amuse-bouches, de plateaux de fromages, de p\u00e2tisseries ou d&#8217;autres plaisirs culinaires, cette planche est un excellent choix pour les amateurs de qualit\u00e9 et de design.  <\/p>\n","protected":false},"excerpt":{"rendered":"<p><strong>Planche en \u00e9toile en bois de ch\u00eane :<\/strong> \u00e9l\u00e9gante planche en forme d&#8217;\u00e9toile, id\u00e9ale comme d\u00e9coration de No\u00ebl ou pour servir. Dimensions : 38 x 38 x 2 cm, en bois de ch\u00eane de haute qualit\u00e9. <\/p>\n","protected":false},"featured_media":104421,"comment_status":"open","ping_status":"closed","template":"","meta":{"_acf_changed":false},"product_brand":[3004],"product_cat":[1297],"product_tag":[],"class_list":{"0":"post-104609","1":"product","2":"type-product","3":"status-publish","4":"has-post-thumbnail","6":"product_brand-eulenschnitt","7":"product_cat-accessoires-dinterieur","8":"product_shipping_class-colis-jusqua-2-kg","10":"first","11":"instock","12":"taxable","13":"shipping-taxable","14":"purchasable","15":"product-type-simple"},"acf":[],"_links":{"self":[{"href":"https:\/\/one-horizon.ch\/fr\/wp-json\/wp\/v2\/product\/104609","targetHints":{"allow":["GET"]}}],"collection":[{"href":"https:\/\/one-horizon.ch\/fr\/wp-json\/wp\/v2\/product"}],"about":[{"href":"https:\/\/one-horizon.ch\/fr\/wp-json\/wp\/v2\/types\/product"}],"replies":[{"embeddable":true,"href":"https:\/\/one-horizon.ch\/fr\/wp-json\/wp\/v2\/comments?post=104609"}],"wp:featuredmedia":[{"embeddable":true,"href":"https:\/\/one-horizon.ch\/fr\/wp-json\/wp\/v2\/media\/104421"}],"wp:attachment":[{"href":"https:\/\/one-horizon.ch\/fr\/wp-json\/wp\/v2\/media?parent=104609"}],"wp:term":[{"taxonomy":"product_brand","embeddable":true,"href":"https:\/\/one-horizon.ch\/fr\/wp-json\/wp\/v2\/product_brand?post=104609"},{"taxonomy":"product_cat","embeddable":true,"href":"https:\/\/one-horizon.ch\/fr\/wp-json\/wp\/v2\/product_cat?post=104609"},{"taxonomy":"product_tag","embeddable":true,"href":"https:\/\/one-horizon.ch\/fr\/wp-json\/wp\/v2\/product_tag?post=104609"}],"curies":[{"name":"wp","href":"https:\/\/api.w.org\/{rel}","templated":true}]}}