{"id":104613,"date":"2024-08-26T16:00:24","date_gmt":"2024-08-26T14:00:24","guid":{"rendered":"https:\/\/one-horizon.ch\/product\/orbitkey-gift-set-key-organiser\/"},"modified":"2026-04-07T23:19:15","modified_gmt":"2026-04-07T21:19:15","slug":"orbitkey-gift-set-key-organiser","status":"publish","type":"product","link":"https:\/\/one-horizon.ch\/fr\/product\/orbitkey-gift-set-key-organiser\/","title":{"rendered":"Coffret cadeau &#8211; Organisateur de cl\u00e9s en cuir"},"content":{"rendered":"<p><strong>\u00c9dition limit\u00e9e : Gift Set Leder Key Organiser<\/strong><\/p>\n<p>&nbsp;<\/p>\n<p><strong>Organisateur de cl\u00e9s en cuir + anneau V2 Set cadeau<\/strong><\/p>\n<p><strong>L&#8217;exclusivit\u00e9 rencontre l&#8217;\u00e9l\u00e9gance :<\/strong> ce set tri\u00e9 sur le volet associe un organiseur de cl\u00e9s en cuir de haute qualit\u00e9 \u00e0 un anneau V2 assorti et robuste. Sp\u00e9cialement con\u00e7u pour les personnes soucieuses de leur style, ce duo assure une organisation efficace et silencieuse de vos cl\u00e9s et accessoires. <\/p>\n<p>&nbsp;<\/p>\n<p><strong>Caract\u00e9ristiques particuli\u00e8res<\/strong><\/p>\n<ul>\n<li><strong>Mat\u00e9riaux de haute qualit\u00e9 :<\/strong> Fabriqu\u00e9es \u00e0 partir du meilleur cuir de vache, ces pi\u00e8ces garantissent non seulement un aspect attrayant, mais aussi une durabilit\u00e9 impressionnante.<\/li>\n<li><strong>Quincaillerie exclusive :<\/strong> les garnitures rev\u00eatues de PVD ajoutent une touche suppl\u00e9mentaire de sophistication et de luxe \u00e0 cet ensemble.<\/li>\n<li><strong>Combinaison ultime :<\/strong> avec l&#8217;anneau V2, vous pouvez facilement porter des cl\u00e9s suppl\u00e9mentaires, des pendentifs ou m\u00eame des cl\u00e9s de voiture.<\/li>\n<li><strong>Pr\u00e9sentation par excellence :<\/strong> emball\u00e9 dans une bo\u00eete cadeau recyclable mais exquise, le coffret t\u00e9moigne d&#8217;une appr\u00e9ciation int\u00e9rieure et ext\u00e9rieure.<\/li>\n<\/ul>\n<p>&nbsp;<\/p>\n<p><strong>Les avantages en un coup d&#8217;\u0153il<\/strong><\/p>\n<ul>\n<li><strong>L&#8217;ordre dans le style :<\/strong> r\u00e9duit les bruits de cliquetis et maintient les cl\u00e9s ensemble, pour un look ordonn\u00e9 et \u00e9l\u00e9gant.<\/li>\n<li><strong>Durabilit\u00e9 :<\/strong> la s\u00e9lection de mat\u00e9riaux de pointe promet une longue dur\u00e9e de vie \u00e0 cet ensemble exquis.<\/li>\n<li><strong>Exclusivit\u00e9 :<\/strong> \u00e9dition limit\u00e9e avec des variantes de couleurs sp\u00e9ciales, id\u00e9ale pour les collectionneurs et les amateurs d&#8217;accessoires uniques.<\/li>\n<li><strong>Le cadeau id\u00e9al :<\/strong> que ce soit pour un \u00eatre cher ou comme accessoire \u00e9l\u00e9gant pour vous-m\u00eame, cet ensemble offre \u00e0 la fois fonctionnalit\u00e9 et style.<\/li>\n<\/ul>\n<p>&nbsp;<\/p>\n<p>Appr\u00e9ciez l&#8217;\u00e9l\u00e9gance et la fonctionnalit\u00e9 de cet organiseur de cl\u00e9s en cuir en \u00e9dition limit\u00e9e Gift Set, sp\u00e9cialement con\u00e7u pour ceux qui recherchent l&#8217;exceptionnel.<\/p>\n","protected":false},"excerpt":{"rendered":"<p><strong>Set cadeau Organiseur de cl\u00e9s en cuir + anneau V2 (\u00e9dition limit\u00e9e) :<\/strong> Set \u00e9l\u00e9gant en cuir pour des cl\u00e9s et des accessoires bien organis\u00e9s. Fonctionnel, durable, id\u00e9al comme cadeau. <\/p>\n","protected":false},"featured_media":104335,"comment_status":"open","ping_status":"closed","template":"","meta":{"_acf_changed":false},"product_brand":[3032],"product_cat":[945],"product_tag":[3292,3295],"class_list":{"0":"post-104613","1":"product","2":"type-product","3":"status-publish","4":"has-post-thumbnail","6":"product_brand-orbitkey","7":"product_cat-oakywood-fr-2","8":"product_tag-pour-lui","9":"product_tag-pour-vous","10":"pa_farbe-cognac-tan-fr","11":"pa_farbe-cotton-candy-fr","13":"first","14":"instock","15":"taxable","16":"shipping-taxable","17":"purchasable","18":"product-type-variable"},"acf":[],"_links":{"self":[{"href":"https:\/\/one-horizon.ch\/fr\/wp-json\/wp\/v2\/product\/104613","targetHints":{"allow":["GET"]}}],"collection":[{"href":"https:\/\/one-horizon.ch\/fr\/wp-json\/wp\/v2\/product"}],"about":[{"href":"https:\/\/one-horizon.ch\/fr\/wp-json\/wp\/v2\/types\/product"}],"replies":[{"embeddable":true,"href":"https:\/\/one-horizon.ch\/fr\/wp-json\/wp\/v2\/comments?post=104613"}],"wp:featuredmedia":[{"embeddable":true,"href":"https:\/\/one-horizon.ch\/fr\/wp-json\/wp\/v2\/media\/104335"}],"wp:attachment":[{"href":"https:\/\/one-horizon.ch\/fr\/wp-json\/wp\/v2\/media?parent=104613"}],"wp:term":[{"taxonomy":"product_brand","embeddable":true,"href":"https:\/\/one-horizon.ch\/fr\/wp-json\/wp\/v2\/product_brand?post=104613"},{"taxonomy":"product_cat","embeddable":true,"href":"https:\/\/one-horizon.ch\/fr\/wp-json\/wp\/v2\/product_cat?post=104613"},{"taxonomy":"product_tag","embeddable":true,"href":"https:\/\/one-horizon.ch\/fr\/wp-json\/wp\/v2\/product_tag?post=104613"}],"curies":[{"name":"wp","href":"https:\/\/api.w.org\/{rel}","templated":true}]}}