{"id":104628,"date":"2024-08-26T18:28:28","date_gmt":"2024-08-26T16:28:28","guid":{"rendered":"https:\/\/one-horizon.ch\/product\/orbitkey-gift-set-active-key-organiser\/"},"modified":"2026-04-20T23:56:16","modified_gmt":"2026-04-20T21:56:16","slug":"orbitkey-gift-set-active-key-organiser","status":"publish","type":"product","link":"https:\/\/one-horizon.ch\/fr\/product\/orbitkey-gift-set-active-key-organiser\/","title":{"rendered":"Set cadeau &#8211; Organiseur de cl\u00e9s actif"},"content":{"rendered":"<div class=\"flex max-w-full flex-col flex-grow\">\n<div class=\"min-h-[20px] text-message flex w-full flex-col items-end gap-2 break-words [.text-message+&amp;]:mt-5 overflow-x-auto whitespace-normal\" dir=\"auto\" data-message-author-role=\"assistant\" data-message-id=\"79f68e73-a7e5-464f-b519-4d3d607a9732\">\n<div class=\"flex w-full flex-col gap-1 empty:hidden first:pt-[3px]\">\n<div class=\"markdown prose w-full break-words dark:prose-invert light\">\n<p><strong>Gift Set Active Key Organiser + Multitool V2 (\u00e9dition limit\u00e9e)<\/strong><\/p>\n<p>Coffret cadeau pratique comprenant un organiseur de cl\u00e9s Active et un outil multifonctionnel polyvalent. L&#8217;organiseur de cl\u00e9s Active maintient les cl\u00e9s en place, r\u00e9duit le cliquetis et se glisse parfaitement dans votre poche. L&#8217;outil multi-usages offre des fonctions utiles au quotidien, comme un d\u00e9capsuleur et un tournevis. Cette \u00e9dition limit\u00e9e allie fonctionnalit\u00e9 et style, id\u00e9al pour ceux qui veulent \u00eatre bien organis\u00e9s lors de leurs d\u00e9placements. Une finition de haute qualit\u00e9 et un design moderne font de cet ensemble le compagnon id\u00e9al.    <\/p>\n<\/div>\n<\/div>\n<\/div>\n<\/div>\n<div id=\"gtx-trans\" style=\"position: absolute; left: -17px; top: 303.798px;\">\n<div class=\"gtx-trans-icon\"><\/div>\n<\/div>\n","protected":false},"excerpt":{"rendered":"<p><strong>Gift Set Active Key Organiser + Multitool V2 (\u00e9dition limit\u00e9e) :<\/strong> Ensemble compact pour la vie quotidienne, comprenant un organiseur de cl\u00e9s et un multitool polyvalent. Fonctionnel, pratique, \u00e9l\u00e9gant. <\/p>\n","protected":false},"featured_media":104360,"comment_status":"open","ping_status":"closed","template":"","meta":{"_acf_changed":false},"product_brand":[3032],"product_cat":[945],"product_tag":[3292],"class_list":{"0":"post-104628","1":"product","2":"type-product","3":"status-publish","4":"has-post-thumbnail","6":"product_brand-orbitkey","7":"product_cat-oakywood-fr-2","8":"product_tag-pour-lui","9":"product_shipping_class-colis-jusqua-2-kg","10":"pa_farbe-noir","12":"first","13":"outofstock","14":"taxable","15":"shipping-taxable","16":"purchasable","17":"product-type-simple"},"acf":[],"_links":{"self":[{"href":"https:\/\/one-horizon.ch\/fr\/wp-json\/wp\/v2\/product\/104628","targetHints":{"allow":["GET"]}}],"collection":[{"href":"https:\/\/one-horizon.ch\/fr\/wp-json\/wp\/v2\/product"}],"about":[{"href":"https:\/\/one-horizon.ch\/fr\/wp-json\/wp\/v2\/types\/product"}],"replies":[{"embeddable":true,"href":"https:\/\/one-horizon.ch\/fr\/wp-json\/wp\/v2\/comments?post=104628"}],"wp:featuredmedia":[{"embeddable":true,"href":"https:\/\/one-horizon.ch\/fr\/wp-json\/wp\/v2\/media\/104360"}],"wp:attachment":[{"href":"https:\/\/one-horizon.ch\/fr\/wp-json\/wp\/v2\/media?parent=104628"}],"wp:term":[{"taxonomy":"product_brand","embeddable":true,"href":"https:\/\/one-horizon.ch\/fr\/wp-json\/wp\/v2\/product_brand?post=104628"},{"taxonomy":"product_cat","embeddable":true,"href":"https:\/\/one-horizon.ch\/fr\/wp-json\/wp\/v2\/product_cat?post=104628"},{"taxonomy":"product_tag","embeddable":true,"href":"https:\/\/one-horizon.ch\/fr\/wp-json\/wp\/v2\/product_tag?post=104628"}],"curies":[{"name":"wp","href":"https:\/\/api.w.org\/{rel}","templated":true}]}}