{"id":104652,"date":"2024-08-27T07:07:48","date_gmt":"2024-08-27T05:07:48","guid":{"rendered":"https:\/\/one-horizon.ch\/?post_type=product&#038;p=104652"},"modified":"2026-03-30T00:17:38","modified_gmt":"2026-03-29T22:17:38","slug":"kadastar-hot-stone-set","status":"publish","type":"product","link":"https:\/\/one-horizon.ch\/fr\/product\/kadastar-hot-stone-set\/","title":{"rendered":"Kit de pierres chaudes"},"content":{"rendered":"<p>Faites l&#8217;exp\u00e9rience d&#8217;une pr\u00e9sentation professionnelle de steaks, telle que vous la connaissez dans les restaurants exquis, gr\u00e2ce \u00e0 notre kit de pierres chaudes, le tout dans le confort de votre maison. Notre kit soigneusement compos\u00e9 vous permet de r\u00f4tir la viande \u00e0 la perfection &#8211; sur une pierre de lave de haute qualit\u00e9, r\u00e9put\u00e9e pour sa distribution et sa r\u00e9tention sup\u00e9rieures de la chaleur. Une goutti\u00e8re \u00e0 jus sp\u00e9cialement int\u00e9gr\u00e9e sur un c\u00f4t\u00e9 de la pierre permet d&#8217;\u00e9vacuer facilement l&#8217;exc\u00e8s de graisse et de jus, ce qui r\u00e9duit les \u00e9claboussures de graisse. Une plaque de protection thermique intelligente situ\u00e9e sous la pierre recueille tous les jus et garantit une pr\u00e9paration propre et ordonn\u00e9e.   <\/p>\n<p>&nbsp;<\/p>\n<p><strong>Contenu de la livraison \/ Sp\u00e9cifications<\/strong><\/p>\n<ul>\n<li>1x Plateau de pr\u00e9sentation en bambou : Comprend un emplacement sp\u00e9cial pour la pierre de lave et les coupelles en c\u00e9ramique. (Midi : 27.5 x 28 x 2 cm \/ Maxi : 38 x 28 x 2 cm) <\/li>\n<li>1x Pierre de lave Premium : optimis\u00e9e pour la transmission et l&#8217;accumulation uniformes de chaleur. Dimensions : 21,5 cm x 17 cm x 2,5 cm. <\/li>\n<li>1x Plaque de protection thermique en acier : pour recueillir tous les jus ; dimensions : 22 cm x 17 cm x 0,5 cm.<\/li>\n<li>3x \u00c9l\u00e9gants bols \u00e0 sauce en c\u00e9ramique : Pour vos sauces et dips pr\u00e9f\u00e9r\u00e9s ; dimensions de chaque coupelle : 7 cm x 7 cm x 3,5 cm.<\/li>\n<li>Hauteur totale de l&#8217;ensemble : 5 cm.<\/li>\n<\/ul>\n<p>&nbsp;<\/p>\n<p><strong>Conseils d&#8217;entretien<\/strong><\/p>\n<ul>\n<li>Pierre de lave : pour le nettoyage, utilisez de l&#8217;eau chaude et un produit vaisselle d\u00e9graissant. Pour les salissures importantes, il est \u00e9galement recommand\u00e9 d&#8217;utiliser un grattoir pour plaque vitroc\u00e9ramique. <\/li>\n<li>Coupelles en c\u00e9ramique : conviennent pour le nettoyage au lave-vaisselle.<\/li>\n<li>Plateau en bambou : nettoyer avec un chiffon humide et un peu d&#8217;eau de vaisselle ; ne pas utiliser de d\u00e9tergents abrasifs, d&#8217;acides ou autres.<\/li>\n<\/ul>\n<p>&nbsp;<\/p>\n<p>Avec ce set, vous apportez un flair culinaire et du professionnalisme dans votre cuisine ou lors de votre prochaine soir\u00e9e barbecue. Les mat\u00e9riaux de haute qualit\u00e9 et la finition soign\u00e9e garantissent une longue dur\u00e9e de vie et d&#8217;innombrables repas inoubliables. <\/p>\n","protected":false},"excerpt":{"rendered":"<p>La pierre de lave est id\u00e9ale pour une r\u00e9partition et une conservation optimales de la chaleur. Gr\u00e2ce \u00e0 la goutti\u00e8re \u00e0 jus sur un c\u00f4t\u00e9, la graisse peut s&#8217;\u00e9couler, ce qui r\u00e9duit les \u00e9claboussures de graisse. La plaque de protection contre la chaleur recueille les jus, ce qui permet de garder tout propre.  <\/p>\n","protected":false},"featured_media":104660,"comment_status":"open","ping_status":"closed","template":"","meta":{"_acf_changed":false},"product_brand":[3010],"product_cat":[1280],"product_tag":[],"class_list":{"0":"post-104652","1":"product","2":"type-product","3":"status-publish","4":"has-post-thumbnail","6":"product_brand-kadastar","7":"product_cat-vaisselle","8":"product_shipping_class-colis-jusqua-2-kg","9":"pa_grosse-maxi-fr","10":"pa_grosse-midi-fr","12":"first","13":"onbackorder","14":"taxable","15":"shipping-taxable","16":"purchasable","17":"product-type-variable"},"acf":[],"_links":{"self":[{"href":"https:\/\/one-horizon.ch\/fr\/wp-json\/wp\/v2\/product\/104652","targetHints":{"allow":["GET"]}}],"collection":[{"href":"https:\/\/one-horizon.ch\/fr\/wp-json\/wp\/v2\/product"}],"about":[{"href":"https:\/\/one-horizon.ch\/fr\/wp-json\/wp\/v2\/types\/product"}],"replies":[{"embeddable":true,"href":"https:\/\/one-horizon.ch\/fr\/wp-json\/wp\/v2\/comments?post=104652"}],"wp:featuredmedia":[{"embeddable":true,"href":"https:\/\/one-horizon.ch\/fr\/wp-json\/wp\/v2\/media\/104660"}],"wp:attachment":[{"href":"https:\/\/one-horizon.ch\/fr\/wp-json\/wp\/v2\/media?parent=104652"}],"wp:term":[{"taxonomy":"product_brand","embeddable":true,"href":"https:\/\/one-horizon.ch\/fr\/wp-json\/wp\/v2\/product_brand?post=104652"},{"taxonomy":"product_cat","embeddable":true,"href":"https:\/\/one-horizon.ch\/fr\/wp-json\/wp\/v2\/product_cat?post=104652"},{"taxonomy":"product_tag","embeddable":true,"href":"https:\/\/one-horizon.ch\/fr\/wp-json\/wp\/v2\/product_tag?post=104652"}],"curies":[{"name":"wp","href":"https:\/\/api.w.org\/{rel}","templated":true}]}}