{"id":104697,"date":"2024-08-27T07:42:51","date_gmt":"2024-08-27T05:42:51","guid":{"rendered":"https:\/\/one-horizon.ch\/?post_type=product&#038;p=104697"},"modified":"2026-03-30T00:17:41","modified_gmt":"2026-03-29T22:17:41","slug":"kadastar-lavastein-zu-hot-stone-set","status":"publish","type":"product","link":"https:\/\/one-horizon.ch\/fr\/product\/kadastar-lavastein-zu-hot-stone-set\/","title":{"rendered":"Pierre de lave pour kit de pierres chaudes"},"content":{"rendered":"<p>Optimisez votre exp\u00e9rience culinaire avec la pierre de lave pour le set Hot-Stone de Kadastar &#8211; votre cl\u00e9 pour une r\u00e9partition uniforme de la chaleur et une conservation durable de la chaleur. Cette pierre de lave de haute qualit\u00e9, sp\u00e9cialement con\u00e7ue avec une rainure \u00e0 jus sur un c\u00f4t\u00e9, emp\u00eache efficacement la graisse et le jus de d\u00e9border sur les bords, garantissant ainsi une cuisson propre et pr\u00e9cise de vos aliments. Elle est le compl\u00e9ment parfait des ensembles de pierres chaudes &#8220;Element Maxi&#8221; et &#8220;Element Midi&#8221; pour cr\u00e9er une exp\u00e9rience culinaire incomparable \u00e0 la maison.  <\/p>\n<p>&nbsp;<\/p>\n<p><strong>Contenu de la livraison \/ Sp\u00e9cifications<\/strong><\/p>\n<ul>\n<li><strong>1x Pierre de lave :<\/strong> dimensions : 21,5 cm x 17 cm x 2,5 cm. Cette pierre est id\u00e9alement adapt\u00e9e pour \u00eatre utilis\u00e9e avec les mod\u00e8les &#8220;Element Maxi&#8221; et &#8220;Element Midi&#8221; du kit de pierres chaudes Kadastar. <\/li>\n<\/ul>\n<p>&nbsp;<\/p>\n<p><strong>Conseils d&#8217;entretien<\/strong><\/p>\n<ul>\n<li><strong>Nettoyage :<\/strong> Pour assurer la long\u00e9vit\u00e9 de votre pierre de lave, nous vous recommandons un nettoyage doux \u00e0 la main avec de l&#8217;eau chaude et un d\u00e9tergent d\u00e9graissant. Si n\u00e9cessaire, utilisez d\u00e9licatement un grattoir pour plaque vitroc\u00e9ramique pour \u00e9liminer les salissures plus importantes. <\/li>\n<li><strong>R\u00e9sistance au lave-vaisselle :<\/strong> veuillez noter que cette pierre de lave n&#8217;est pas adapt\u00e9e au nettoyage au lave-vaisselle.<\/li>\n<li><strong>S\u00e9chage :<\/strong> avant chaque utilisation, la pierre doit \u00eatre compl\u00e8tement s\u00e8che pour garantir des performances optimales.<\/li>\n<\/ul>\n<p>&nbsp;<\/p>\n<p>D\u00e9couvrez l&#8217;art de la cuisson aux pierres chaudes avec le kit pierre de lave \u00e0 pierre chaude et transformez chaque repas en une exp\u00e9rience gastronomique professionnelle.<\/p>\n","protected":false},"excerpt":{"rendered":"<p>La pierre de lave est id\u00e9ale pour une r\u00e9partition et une conservation optimales de la chaleur. Gr\u00e2ce \u00e0 la rainure \u00e0 jus sur un c\u00f4t\u00e9, la graisse et le jus ne peuvent pas d\u00e9border sur le bord. Convient aux ensembles de pierres chaudes &#8220;Element Maxi&#8221; et &#8220;Element Midi&#8221;.  <\/p>\n","protected":false},"featured_media":104702,"comment_status":"open","ping_status":"closed","template":"","meta":{"_acf_changed":false},"product_brand":[3010],"product_cat":[1392],"product_tag":[],"class_list":{"0":"post-104697","1":"product","2":"type-product","3":"status-publish","4":"has-post-thumbnail","6":"product_brand-kadastar","7":"product_cat-cuisine","8":"product_shipping_class-colis-jusqua-2-kg","10":"first","11":"onbackorder","12":"taxable","13":"shipping-taxable","14":"purchasable","15":"product-type-simple"},"acf":[],"_links":{"self":[{"href":"https:\/\/one-horizon.ch\/fr\/wp-json\/wp\/v2\/product\/104697","targetHints":{"allow":["GET"]}}],"collection":[{"href":"https:\/\/one-horizon.ch\/fr\/wp-json\/wp\/v2\/product"}],"about":[{"href":"https:\/\/one-horizon.ch\/fr\/wp-json\/wp\/v2\/types\/product"}],"replies":[{"embeddable":true,"href":"https:\/\/one-horizon.ch\/fr\/wp-json\/wp\/v2\/comments?post=104697"}],"wp:featuredmedia":[{"embeddable":true,"href":"https:\/\/one-horizon.ch\/fr\/wp-json\/wp\/v2\/media\/104702"}],"wp:attachment":[{"href":"https:\/\/one-horizon.ch\/fr\/wp-json\/wp\/v2\/media?parent=104697"}],"wp:term":[{"taxonomy":"product_brand","embeddable":true,"href":"https:\/\/one-horizon.ch\/fr\/wp-json\/wp\/v2\/product_brand?post=104697"},{"taxonomy":"product_cat","embeddable":true,"href":"https:\/\/one-horizon.ch\/fr\/wp-json\/wp\/v2\/product_cat?post=104697"},{"taxonomy":"product_tag","embeddable":true,"href":"https:\/\/one-horizon.ch\/fr\/wp-json\/wp\/v2\/product_tag?post=104697"}],"curies":[{"name":"wp","href":"https:\/\/api.w.org\/{rel}","templated":true}]}}