{"id":104718,"date":"2024-08-27T07:47:49","date_gmt":"2024-08-27T05:47:49","guid":{"rendered":"https:\/\/one-horizon.ch\/?post_type=product&#038;p=104718"},"modified":"2026-03-30T00:17:39","modified_gmt":"2026-03-29T22:17:39","slug":"kadastar-fondue-de-viande-set-claudia","status":"publish","type":"product","link":"https:\/\/one-horizon.ch\/fr\/product\/kadastar-fondue-de-viande-set-claudia\/","title":{"rendered":"Set \u00e0 fondue \u00e0 la viande &#8220;Claudia"},"content":{"rendered":"<p>D\u00e9couvrez l&#8217;exquis service \u00e0 fondue \u00e0 la viande &#8220;Claudia&#8221; : un choix d&#8217;ensemble complet pour un repas inoubliable. Cet ensemble de 28 pi\u00e8ces comprend une casserole en acier inoxydable de 16 cm de diam\u00e8tre et de 0,5 mm d&#8217;\u00e9paisseur, adapt\u00e9e \u00e0 l&#8217;induction et r\u00e9put\u00e9e pour sa robustesse et sa long\u00e9vit\u00e9. La casserole est compl\u00e9t\u00e9e par une protection anti-\u00e9claboussures con\u00e7ue avec pr\u00e9cision, qui vous garantit une exp\u00e9rience propre et s\u00fbre.  <\/p>\n<p>&nbsp;<\/p>\n<p>Le point fort de ce set est l&#8217;\u00e9l\u00e9gant plateau tournant en bois d&#8217;h\u00e9v\u00e9a certifi\u00e9 durable, qui offre des cavit\u00e9s sp\u00e9ciales pour les six coupelles \u00e0 sauce fournies. Le plateau tournant, \u00e9galement en bois d&#8217;h\u00e9v\u00e9a certifi\u00e9 FSC\u00ae, permet un acc\u00e8s facile et r\u00e9gulier aux sauces, parfait pour le partage \u00e0 table. <\/p>\n<p>&nbsp;<\/p>\n<p>Le set est compl\u00e9t\u00e9 par des accessoires pratiques : un r\u00e9chaud en acier inoxydable chrom\u00e9, une p\u00e2te \u00e0 br\u00fbler certifi\u00e9e conforme aux normes de s\u00e9curit\u00e9, six fourchettes \u00e0 fondue \u00e0 la viande de qualit\u00e9 sup\u00e9rieure, six cuill\u00e8res \u00e0 sauce, toutes deux dot\u00e9es de manches en bois d&#8217;h\u00e9v\u00e9a certifi\u00e9 FSC\u00ae, et six coupelles \u00e0 sauce en c\u00e9ramique. Il comprend \u00e9galement six \u00e9l\u00e9gantes assiettes \u00e0 fondue en c\u00e9ramique blanche de 23 cm de diam\u00e8tre, qui sont non seulement agr\u00e9ables \u00e0 l&#8217;\u0153il mais \u00e9galement lavables au lave-vaisselle, \u00e0 l&#8217;exception des \u00e9l\u00e9ments en bois. <\/p>\n<p>&nbsp;<\/p>\n<p><strong>Contenu de la livraison \/ Sp\u00e9cifications<\/strong><\/p>\n<ul>\n<li><strong>1 caquelon \u00e0 fondue :<\/strong> \u00d816 cm, acier inoxydable, 0,5 mm d&#8217;\u00e9paisseur, adapt\u00e9 \u00e0 l&#8217;induction<\/li>\n<li><strong>1 protection contre les \u00e9claboussures :<\/strong> acier inoxydable<\/li>\n<li><strong>1 r\u00e9chaud :<\/strong> chrom\u00e9<\/li>\n<li><strong>1 plateau tournant :<\/strong> bois d&#8217;h\u00e9v\u00e9a, certifi\u00e9 FSC\u00ae.<\/li>\n<li><strong>1 p\u00e2te \u00e0 br\u00fbler de s\u00e9curit\u00e9 :<\/strong> acier inoxydable<\/li>\n<li><strong>6 fourchettes \u00e0 fondue \u00e0 la viande :<\/strong> acier inoxydable, avec poign\u00e9es en bois d&#8217;h\u00e9v\u00e9a, certifi\u00e9 FSC\u00ae.<\/li>\n<li><strong>6 cuill\u00e8res \u00e0 sauce :<\/strong> acier inoxydable, avec poign\u00e9es en bois d&#8217;h\u00e9v\u00e9a, certifi\u00e9es FSC\u00ae.<\/li>\n<li><strong>6 coupelles \u00e0 sauce :<\/strong> C\u00e9ramique<\/li>\n<li><strong>6 assiettes \u00e0 fondue \u00e0 la viande :<\/strong> \u00d8 23 cm, c\u00e9ramique, blanc<\/li>\n<\/ul>\n<p>&nbsp;<\/p>\n<p><strong>Notes<\/strong><\/p>\n<p>L&#8217;ensemble se caract\u00e9rise par sa facilit\u00e9 d&#8217;entretien et peut \u00eatre pass\u00e9 au lave-vaisselle, \u00e0 l&#8217;exception des \u00e9l\u00e9ments en bois, pour lesquels un lavage doux \u00e0 la main est recommand\u00e9.<\/p>\n<p>Plongez dans l&#8217;univers de l&#8217;exp\u00e9rience gourmande avec le set \u00e0 fondue \u00e0 la viande &#8220;Claudia&#8221; &#8211; votre cl\u00e9 pour un plaisir culinaire incomparable.<\/p>\n","protected":false},"excerpt":{"rendered":"<p>D\u00e9couvrez le set \u00e0 fondue \u00e0 la viande &#8220;Claudia&#8221; de 28 pi\u00e8ces pour des soir\u00e9es conviviales : R\u00e9cipient en acier inoxydable adapt\u00e9 \u00e0 l&#8217;induction, plateau tournant en bois d&#8217;h\u00e9v\u00e9a certifi\u00e9 FSC\u00ae, coupelles \u00e0 sauce, cuill\u00e8res \u00e0 sauce, fourchettes et assiettes en c\u00e9ramique. Un must-have pour les amateurs de fondue. <\/p>\n","protected":false},"featured_media":104721,"comment_status":"open","ping_status":"closed","template":"","meta":{"_acf_changed":false},"product_brand":[3010],"product_cat":[1392],"product_tag":[],"class_list":{"0":"post-104718","1":"product","2":"type-product","3":"status-publish","4":"has-post-thumbnail","6":"product_brand-kadastar","7":"product_cat-cuisine","8":"product_shipping_class-colis-jusqua-2-kg","10":"first","11":"onbackorder","12":"taxable","13":"shipping-taxable","14":"purchasable","15":"product-type-simple"},"acf":[],"_links":{"self":[{"href":"https:\/\/one-horizon.ch\/fr\/wp-json\/wp\/v2\/product\/104718","targetHints":{"allow":["GET"]}}],"collection":[{"href":"https:\/\/one-horizon.ch\/fr\/wp-json\/wp\/v2\/product"}],"about":[{"href":"https:\/\/one-horizon.ch\/fr\/wp-json\/wp\/v2\/types\/product"}],"replies":[{"embeddable":true,"href":"https:\/\/one-horizon.ch\/fr\/wp-json\/wp\/v2\/comments?post=104718"}],"wp:featuredmedia":[{"embeddable":true,"href":"https:\/\/one-horizon.ch\/fr\/wp-json\/wp\/v2\/media\/104721"}],"wp:attachment":[{"href":"https:\/\/one-horizon.ch\/fr\/wp-json\/wp\/v2\/media?parent=104718"}],"wp:term":[{"taxonomy":"product_brand","embeddable":true,"href":"https:\/\/one-horizon.ch\/fr\/wp-json\/wp\/v2\/product_brand?post=104718"},{"taxonomy":"product_cat","embeddable":true,"href":"https:\/\/one-horizon.ch\/fr\/wp-json\/wp\/v2\/product_cat?post=104718"},{"taxonomy":"product_tag","embeddable":true,"href":"https:\/\/one-horizon.ch\/fr\/wp-json\/wp\/v2\/product_tag?post=104718"}],"curies":[{"name":"wp","href":"https:\/\/api.w.org\/{rel}","templated":true}]}}