{"id":104738,"date":"2024-08-27T07:55:33","date_gmt":"2024-08-27T05:55:33","guid":{"rendered":"https:\/\/one-horizon.ch\/?post_type=product&#038;p=104738"},"modified":"2026-03-30T00:17:37","modified_gmt":"2026-03-29T22:17:37","slug":"kadastar-multifonctionnel-fondue-set-royal","status":"publish","type":"product","link":"https:\/\/one-horizon.ch\/fr\/product\/kadastar-multifonctionnel-fondue-set-royal\/","title":{"rendered":"Set \u00e0 fondue multifonctionnel &#8220;Royal"},"content":{"rendered":"<p>Le service \u00e0 fondue multifonctionnel Royal est un excellent choix pour les amateurs de fondue au fromage et \u00e0 la viande. Le set comprend un po\u00ealon en fonte d&#8217;aluminium de haute qualit\u00e9 avec un rev\u00eatement anti-adh\u00e9sif robuste de Whitford, qui permet un nettoyage facile et des r\u00e9sultats de cuisson optimaux. Une protection suppl\u00e9mentaire contre les \u00e9claboussures en acier inoxydable rend le po\u00ealon polyvalent et assure une utilisation propre.  <\/p>\n<p>Le design \u00e9l\u00e9gant de la po\u00eale est compl\u00e9t\u00e9 par un bord poli et une poign\u00e9e en bak\u00e9lite r\u00e9sistante \u00e0 la chaleur avec une protection antid\u00e9rapante qui permet une prise en main s\u00fbre. Le puissant fond \u00e0 induction Full-Flat garantit la compatibilit\u00e9 avec tous les types de cuisini\u00e8res, de l&#8217;induction au gaz. <\/p>\n<p>Des fourchettes sp\u00e9ciales en nylon pour fondue au fromage sont \u00e9galement incluses, ce qui pr\u00e9serve le rev\u00eatement antiadh\u00e9sif et contribue \u00e0 la long\u00e9vit\u00e9 du set. Le set est compl\u00e9t\u00e9 par six fourchettes \u00e0 fondue \u00e0 la viande et six passoires \u00e0 fondue en acier inoxydable de haute qualit\u00e9, un r\u00e9chaud et un br\u00fbleur \u00e0 p\u00e2te (p\u00e2te \u00e0 br\u00fbler non incluse). <\/p>\n<p>&nbsp;<\/p>\n<p><strong>Sp\u00e9cifications<\/strong><\/p>\n<ul>\n<li>1 po\u00eale en fonte d&#8217;aluminium, diam\u00e8tre 22 cm x hauteur 9.5 cm, capacit\u00e9 : 2.5 litres, rev\u00eatement anti-adh\u00e9rent Whitford \u00e0 l&#8217;int\u00e9rieur, rev\u00eatement mat en poudre \u00e0 l&#8217;ext\u00e9rieur<\/li>\n<li>1 protection contre les \u00e9claboussures en acier inoxydable<\/li>\n<li>1 r\u00e9chaud en acier rev\u00eatu de noir<\/li>\n<li>6 fourchettes \u00e0 fondue au fromage en nylon avec poign\u00e9es en acier inoxydable<\/li>\n<li>6 fourchettes \u00e0 fondue \u00e0 la viande en acier inoxydable 18\/0 avec poign\u00e9es en acier inoxydable<\/li>\n<li>6 passoires \u00e0 fondue en acier inoxydable<\/li>\n<li>1 br\u00fbleur \u00e0 p\u00e2te en acier inoxydable<\/li>\n<\/ul>\n<p>&nbsp;<\/p>\n<p><strong>Remarques sur le service \u00e0 fondue Royal<\/strong><br \/>\nPour pr\u00e9server le rev\u00eatement antiadh\u00e9sif, le caquelon ne doit pas \u00eatre nettoy\u00e9 au lave-vaisselle. L&#8217;utilisation des fourchettes en nylon fournies est recommand\u00e9e pour la fondue au fromage afin de prot\u00e9ger le rev\u00eatement. <\/p>\n","protected":false},"excerpt":{"rendered":"<p>Set \u00e0 fondue &#8220;Royal&#8221; polyvalent avec po\u00ealon en fonte d&#8217;aluminium, rev\u00eatement anti-adh\u00e9sif, protection anti-\u00e9claboussures en acier inoxydable et fond \u00e0 induction. Incl. fourchettes et r\u00e9chaud. Ne passe pas au lave-vaisselle. <\/p>\n","protected":false},"featured_media":104742,"comment_status":"open","ping_status":"closed","template":"","meta":{"_acf_changed":false},"product_brand":[3010],"product_cat":[1392],"product_tag":[],"class_list":{"0":"post-104738","1":"product","2":"type-product","3":"status-publish","4":"has-post-thumbnail","6":"product_brand-kadastar","7":"product_cat-cuisine","8":"product_shipping_class-colis-jusqua-2-kg","10":"first","11":"onbackorder","12":"taxable","13":"shipping-taxable","14":"purchasable","15":"product-type-simple"},"acf":[],"_links":{"self":[{"href":"https:\/\/one-horizon.ch\/fr\/wp-json\/wp\/v2\/product\/104738","targetHints":{"allow":["GET"]}}],"collection":[{"href":"https:\/\/one-horizon.ch\/fr\/wp-json\/wp\/v2\/product"}],"about":[{"href":"https:\/\/one-horizon.ch\/fr\/wp-json\/wp\/v2\/types\/product"}],"replies":[{"embeddable":true,"href":"https:\/\/one-horizon.ch\/fr\/wp-json\/wp\/v2\/comments?post=104738"}],"wp:featuredmedia":[{"embeddable":true,"href":"https:\/\/one-horizon.ch\/fr\/wp-json\/wp\/v2\/media\/104742"}],"wp:attachment":[{"href":"https:\/\/one-horizon.ch\/fr\/wp-json\/wp\/v2\/media?parent=104738"}],"wp:term":[{"taxonomy":"product_brand","embeddable":true,"href":"https:\/\/one-horizon.ch\/fr\/wp-json\/wp\/v2\/product_brand?post=104738"},{"taxonomy":"product_cat","embeddable":true,"href":"https:\/\/one-horizon.ch\/fr\/wp-json\/wp\/v2\/product_cat?post=104738"},{"taxonomy":"product_tag","embeddable":true,"href":"https:\/\/one-horizon.ch\/fr\/wp-json\/wp\/v2\/product_tag?post=104738"}],"curies":[{"name":"wp","href":"https:\/\/api.w.org\/{rel}","templated":true}]}}