{"id":104756,"date":"2024-08-27T08:06:18","date_gmt":"2024-08-27T06:06:18","guid":{"rendered":"https:\/\/one-horizon.ch\/?post_type=product&#038;p=104756"},"modified":"2026-03-30T00:16:45","modified_gmt":"2026-03-29T22:16:45","slug":"kit-de-couteaux-kadastar","status":"publish","type":"product","link":"https:\/\/one-horizon.ch\/fr\/product\/kit-de-couteaux-kadastar\/","title":{"rendered":"Ensemble de couteaux"},"content":{"rendered":"<p>D\u00e9couvrez le set de couteaux Kadastar de haute qualit\u00e9, d&#8217;un excellent rapport qualit\u00e9-prix. Parfaitement adapt\u00e9s aux besoins vari\u00e9s d&#8217;une utilisation quotidienne et exigeante en cuisine, ces couteaux r\u00e9volutionneront votre art culinaire gr\u00e2ce \u00e0 la l\u00e9g\u00e8ret\u00e9 de leur mat\u00e9riau et \u00e0 la pr\u00e9cision de leur travail. <\/p>\n<p>La lame de chaque couteau est fabriqu\u00e9e en acier inoxydable durable et dispose d&#8217;un rev\u00eatement antiadh\u00e9sif qui garantit non seulement une coupe propre, mais am\u00e9liore aussi consid\u00e9rablement l&#8217;efficacit\u00e9 de la coupe. Gr\u00e2ce \u00e0 la technologie laser de pointe, ces couteaux offrent un tranchant exceptionnel qui rend la pr\u00e9paration des aliments plus agr\u00e9able. <\/p>\n<p>Une attention particuli\u00e8re a \u00e9t\u00e9 accord\u00e9e aux poign\u00e9es ergonomiques, qui ont \u00e9t\u00e9 con\u00e7ues de mani\u00e8re universelle pour les petites et les grandes mains. Leurs surfaces rugueuses au toucher doux garantissent une manipulation optimale et une prise en main s\u00fbre \u00e0 chaque coupe. <\/p>\n<p>&nbsp;<\/p>\n<p><strong>L&#8217;ensemble comprend<\/strong><\/p>\n<ul>\n<li>Un couteau de chef (20 cm)<\/li>\n<li>Un couteau \u00e0 pain (20 cm)<\/li>\n<li>Un couteau \u00e0 viande (20 cm)<\/li>\n<li>Un couteau \u00e0 usage g\u00e9n\u00e9ral (12,5 cm)<\/li>\n<li>Un couteau \u00e0 \u00e9plucher et \u00e0 l\u00e9gumes (9 cm)<\/li>\n<li>Un \u00e9plucheur en c\u00e9ramique<\/li>\n<\/ul>\n<p>&nbsp;<\/p>\n<p>Tous les composants sont pr\u00e9sent\u00e9s dans un design \u00e9l\u00e9gant, enti\u00e8rement noir, et sont livr\u00e9s dans un emballage cadeau exquis &#8211; id\u00e9al pour une pr\u00e9sentation de bon go\u00fbt ou comme cadeau de qualit\u00e9.<\/p>\n<p>Avec ce set de couteaux Kadastar, vous atteignez de nouveaux horizons dans l&#8217;art culinaire, soutenus par un design, une technologie et une fonctionnalit\u00e9 qui ne laissent rien \u00e0 d\u00e9sirer.<\/p>\n","protected":false},"excerpt":{"rendered":"<p>Ce set de couteaux de haute qualit\u00e9 impressionne par son rapport qualit\u00e9-prix imbattable. Les couteaux sont parfaits pour une utilisation quotidienne et exigeante en cuisine. Gr\u00e2ce \u00e0 leur mat\u00e9riau l\u00e9ger, ils sont faciles \u00e0 manier avec pr\u00e9cision.  <\/p>\n","protected":false},"featured_media":104769,"comment_status":"open","ping_status":"closed","template":"","meta":{"_acf_changed":false},"product_brand":[3010],"product_cat":[1280],"product_tag":[],"class_list":{"0":"post-104756","1":"product","2":"type-product","3":"status-publish","4":"has-post-thumbnail","6":"product_brand-kadastar","7":"product_cat-vaisselle","8":"product_shipping_class-colis-jusqua-2-kg","9":"pa_farbe-blanc","10":"pa_farbe-noir","12":"first","13":"onbackorder","14":"taxable","15":"shipping-taxable","16":"purchasable","17":"product-type-variable"},"acf":[],"_links":{"self":[{"href":"https:\/\/one-horizon.ch\/fr\/wp-json\/wp\/v2\/product\/104756","targetHints":{"allow":["GET"]}}],"collection":[{"href":"https:\/\/one-horizon.ch\/fr\/wp-json\/wp\/v2\/product"}],"about":[{"href":"https:\/\/one-horizon.ch\/fr\/wp-json\/wp\/v2\/types\/product"}],"replies":[{"embeddable":true,"href":"https:\/\/one-horizon.ch\/fr\/wp-json\/wp\/v2\/comments?post=104756"}],"wp:featuredmedia":[{"embeddable":true,"href":"https:\/\/one-horizon.ch\/fr\/wp-json\/wp\/v2\/media\/104769"}],"wp:attachment":[{"href":"https:\/\/one-horizon.ch\/fr\/wp-json\/wp\/v2\/media?parent=104756"}],"wp:term":[{"taxonomy":"product_brand","embeddable":true,"href":"https:\/\/one-horizon.ch\/fr\/wp-json\/wp\/v2\/product_brand?post=104756"},{"taxonomy":"product_cat","embeddable":true,"href":"https:\/\/one-horizon.ch\/fr\/wp-json\/wp\/v2\/product_cat?post=104756"},{"taxonomy":"product_tag","embeddable":true,"href":"https:\/\/one-horizon.ch\/fr\/wp-json\/wp\/v2\/product_tag?post=104756"}],"curies":[{"name":"wp","href":"https:\/\/api.w.org\/{rel}","templated":true}]}}