{"id":104816,"date":"2024-08-27T08:22:10","date_gmt":"2024-08-27T06:22:10","guid":{"rendered":"https:\/\/one-horizon.ch\/?post_type=product&#038;p=104816"},"modified":"2026-04-28T23:17:23","modified_gmt":"2026-04-28T21:17:23","slug":"kadastar-bloc-de-couteaux-magnetiques","status":"publish","type":"product","link":"https:\/\/one-horizon.ch\/fr\/product\/kadastar-bloc-de-couteaux-magnetiques\/","title":{"rendered":"Bloc \u00e0 couteaux magn\u00e9tique"},"content":{"rendered":"<p>Bloc \u00e0 couteaux \u00e9l\u00e9gant et fonctionnel en bois massif &#8211; Disponible en h\u00eatre ou en ch\u00eane<\/p>\n<p>Notre bloc \u00e0 couteaux de haute qualit\u00e9 allie fonctionnalit\u00e9 et design esth\u00e9tique et deviendra un accessoire indispensable dans votre cuisine. Fabriqu\u00e9 en bois massif de h\u00eatre ou de ch\u00eane, qui d\u00e9gage une impression de naturel et de robustesse, cet objet s&#8217;int\u00e8gre parfaitement dans n&#8217;importe quel int\u00e9rieur de cuisine. Gr\u00e2ce \u00e0 l&#8217;aimant puissant int\u00e9gr\u00e9, vous pouvez ranger jusqu&#8217;\u00e0 7 couteaux en toute s\u00e9curit\u00e9, de mani\u00e8re claire et \u00e0 port\u00e9e de main, pour que vous ayez toujours l&#8217;outil ad\u00e9quat \u00e0 port\u00e9e de main.  <\/p>\n<p>&nbsp;<\/p>\n<p><strong>D\u00e9tails du produit<\/strong><\/p>\n<ul>\n<li><strong>Type :<\/strong> Bloc \u00e0 couteaux magn\u00e9tique<\/li>\n<li><strong>Dimensions :<\/strong> 37,5 x 22 x 10 cm<\/li>\n<li>Disponible en deux variantes de bois :\n<ul>\n<li>H\u00eatre certifi\u00e9 FSC\u00ae, origine : Europe<\/li>\n<li>Ch\u00eane certifi\u00e9 FSC\u00ae, origine : Pologne<\/li>\n<\/ul>\n<\/li>\n<li><strong>\u00c9paisseur du bois :<\/strong> 3 cm<\/li>\n<li><strong>Traitement de surface :<\/strong> huil\u00e9 pour usage alimentaire (version en h\u00eatre uniquement)<\/li>\n<li><strong>Conseil d&#8217;entretien :<\/strong> Nettoyez \u00e0 la main dans de l&#8217;eau de vaisselle ti\u00e8de avec un chiffon doux ou une \u00e9ponge. Pour prolonger sa dur\u00e9e de vie, le bloc doit \u00eatre huil\u00e9 p\u00e9riodiquement. Veuillez noter que ce bloc \u00e0 couteaux ne peut pas \u00eatre nettoy\u00e9 au lave-vaisselle.  <\/li>\n<\/ul>\n<p>&nbsp;<\/p>\n<p><strong>Contenu de l&#8217;emballage<\/strong><\/p>\n<ul>\n<li>1x Bloc \u00e0 couteaux magn\u00e9tique en h\u00eatre ou en ch\u00eane<\/li>\n<\/ul>\n<p>&nbsp;<\/p>\n<p>Gr\u00e2ce \u00e0 la certification FSC\u00ae des deux essences, vous pouvez \u00eatre s\u00fbr que votre bloc \u00e0 couteaux provient de for\u00eats g\u00e9r\u00e9es de mani\u00e8re durable. Cet accessoire de cuisine ne constitue pas seulement une solution de rangement pratique, il contribue \u00e9galement \u00e0 la protection de l&#8217;environnement. <\/p>\n<p>Optez pour la qualit\u00e9 et le design avec notre bloc \u00e0 couteaux magn\u00e9tique, qui garantit la s\u00e9curit\u00e9, l&#8217;ordre et la pr\u00e9sentation \u00e9l\u00e9gante de vos couteaux. Un must pour toute cuisine, qui souligne en m\u00eame temps votre conscience de la durabilit\u00e9. <\/p>\n","protected":false},"excerpt":{"rendered":"<p>Bloc \u00e0 couteaux solide en bois de h\u00eatre. Gr\u00e2ce \u00e0 son aimant puissant, il permet de garder jusqu&#8217;\u00e0 7 couteaux \u00e0 port\u00e9e de main, en toute s\u00e9curit\u00e9 et de mani\u00e8re claire. De plus, il attire l&#8217;attention dans chaque cuisine.  <\/p>\n","protected":false},"featured_media":104826,"comment_status":"open","ping_status":"closed","template":"","meta":{"_acf_changed":false},"product_brand":[3010],"product_cat":[1392],"product_tag":[],"class_list":{"0":"post-104816","1":"product","2":"type-product","3":"status-publish","4":"has-post-thumbnail","6":"product_brand-kadastar","7":"product_cat-cuisine","8":"product_shipping_class-colis-jusqua-2-kg","9":"pa_holz-bois-de-chene","10":"pa_holz-bois-de-hetre","12":"first","13":"onbackorder","14":"taxable","15":"shipping-taxable","16":"purchasable","17":"product-type-variable"},"acf":[],"_links":{"self":[{"href":"https:\/\/one-horizon.ch\/fr\/wp-json\/wp\/v2\/product\/104816","targetHints":{"allow":["GET"]}}],"collection":[{"href":"https:\/\/one-horizon.ch\/fr\/wp-json\/wp\/v2\/product"}],"about":[{"href":"https:\/\/one-horizon.ch\/fr\/wp-json\/wp\/v2\/types\/product"}],"replies":[{"embeddable":true,"href":"https:\/\/one-horizon.ch\/fr\/wp-json\/wp\/v2\/comments?post=104816"}],"wp:featuredmedia":[{"embeddable":true,"href":"https:\/\/one-horizon.ch\/fr\/wp-json\/wp\/v2\/media\/104826"}],"wp:attachment":[{"href":"https:\/\/one-horizon.ch\/fr\/wp-json\/wp\/v2\/media?parent=104816"}],"wp:term":[{"taxonomy":"product_brand","embeddable":true,"href":"https:\/\/one-horizon.ch\/fr\/wp-json\/wp\/v2\/product_brand?post=104816"},{"taxonomy":"product_cat","embeddable":true,"href":"https:\/\/one-horizon.ch\/fr\/wp-json\/wp\/v2\/product_cat?post=104816"},{"taxonomy":"product_tag","embeddable":true,"href":"https:\/\/one-horizon.ch\/fr\/wp-json\/wp\/v2\/product_tag?post=104816"}],"curies":[{"name":"wp","href":"https:\/\/api.w.org\/{rel}","templated":true}]}}