{"id":104851,"date":"2024-08-27T08:32:38","date_gmt":"2024-08-27T06:32:38","guid":{"rendered":"https:\/\/one-horizon.ch\/?post_type=product&#038;p=104851"},"modified":"2026-03-30T00:16:48","modified_gmt":"2026-03-29T22:16:48","slug":"kadastar-kaesefondue-set-elegance","status":"publish","type":"product","link":"https:\/\/one-horizon.ch\/fr\/product\/kadastar-kaesefondue-set-elegance\/","title":{"rendered":"Set \u00e0 fondue au fromage &#8220;Elegance"},"content":{"rendered":"<p>D\u00e9couvrez l&#8217;exp\u00e9rience ultime de la fondue au fromage avec le service \u00e0 fondue au fromage Elegance de Kadastar, qui allie \u00e9l\u00e9gance et fonctionnalit\u00e9 pratique. Cet ensemble au design exquis, compos\u00e9 d&#8217;un po\u00ealon en fonte d&#8217;aluminium de qualit\u00e9 sup\u00e9rieure et d&#8217;accessoires suppl\u00e9mentaires, r\u00e9pond \u00e0 toutes les exigences pour une soir\u00e9e fondue parfaite. <\/p>\n<p>La po\u00eale en fonte d&#8217;aluminium du set &#8220;Elegance&#8221; se distingue par son rev\u00eatement antiadh\u00e9sif Whitford durable, qui permet une cuisson uniforme et un nettoyage facile. Le bord \u00e9l\u00e9gant et poli, associ\u00e9 au rev\u00eatement en poudre mat \u00e0 l&#8217;ext\u00e9rieur, rend la po\u00eale non seulement fonctionnelle, mais aussi \u00e9l\u00e9gante dans votre cuisine. <\/p>\n<p>La poign\u00e9e ergonomique en bak\u00e9lite avec protection antid\u00e9rapante assure une prise en main s\u00fbre et confortable, tandis que la puissante technologie de fond \u00e0 induction Full Flat rend la po\u00eale compatible avec tous les types de cuisini\u00e8res, y compris les plaques \u00e0 induction, et garantit une r\u00e9partition optimale de la chaleur.<\/p>\n<p>&nbsp;<\/p>\n<p>Le set \u00e0 fondue au fromage Elegance comprend :<\/p>\n<ul>\n<li>1 po\u00eale en fonte d&#8217;aluminium au design \u00e9l\u00e9gant (\u00d8 22 cm x 9,5 cm, volume : 2,5 litres), rev\u00eatue d&#8217;un rev\u00eatement anti-adh\u00e9sif Whitford \u00e0 l&#8217;int\u00e9rieur et d&#8217;un rev\u00eatement en poudre mat \u00e0 l&#8217;ext\u00e9rieur.<\/li>\n<li>1 r\u00e9chaud avec soucoupe, fabriqu\u00e9 en acier de haute qualit\u00e9, rev\u00eatu de noir.<\/li>\n<li>6 fourchettes \u00e0 fondue au fromage de premi\u00e8re qualit\u00e9 en acier inoxydable 18\/0 avec des poign\u00e9es robustes en inox pour une exp\u00e9rience de fondue s\u00fbre et savoureuse.<\/li>\n<li>1 br\u00fbleur \u00e0 p\u00e2te en acier inoxydable (Inox), livr\u00e9 sans p\u00e2te \u00e0 br\u00fbler, pour une source de chaleur continue et fiable.<\/li>\n<\/ul>\n<p>&nbsp;<\/p>\n<p>Veuillez noter que la po\u00eale n&#8217;est pas compatible avec le lave-vaisselle en ce qui concerne l&#8217;entretien du set et qu&#8217;un nettoyage manuel est donc recommand\u00e9 afin de pr\u00e9server la qualit\u00e9 et la durabilit\u00e9.<\/p>\n<p>Avec le set \u00e0 fondue au fromage Elegance, vous \u00eates id\u00e9alement \u00e9quip\u00e9 pour savourer l&#8217;art de la fondue au fromage de mani\u00e8re \u00e9l\u00e9gante &#8211; un vrai plaisir pour tous les sens.<\/p>\n","protected":false},"excerpt":{"rendered":"<p>Po\u00eale en fonte d&#8217;aluminium de haute qualit\u00e9 avec rev\u00eatement antiadh\u00e9sif. La po\u00eale se distingue par son design \u00e9l\u00e9gant et son bord poli. La poign\u00e9e en bak\u00e9lite avec protection antid\u00e9rapante offre une bonne prise en main et ne conduit pas la chaleur. Cette po\u00eale est dot\u00e9e d&#8217;un fond \u00e0 induction performant et convient donc \u00e0 tous les types de cuisini\u00e8res.   <\/p>\n","protected":false},"featured_media":104857,"comment_status":"open","ping_status":"closed","template":"","meta":{"_acf_changed":false},"product_brand":[3010],"product_cat":[1392],"product_tag":[],"class_list":{"0":"post-104851","1":"product","2":"type-product","3":"status-publish","4":"has-post-thumbnail","6":"product_brand-kadastar","7":"product_cat-cuisine","8":"product_shipping_class-colis-jusqua-2-kg","10":"first","11":"outofstock","12":"taxable","13":"shipping-taxable","14":"purchasable","15":"product-type-simple"},"acf":[],"_links":{"self":[{"href":"https:\/\/one-horizon.ch\/fr\/wp-json\/wp\/v2\/product\/104851","targetHints":{"allow":["GET"]}}],"collection":[{"href":"https:\/\/one-horizon.ch\/fr\/wp-json\/wp\/v2\/product"}],"about":[{"href":"https:\/\/one-horizon.ch\/fr\/wp-json\/wp\/v2\/types\/product"}],"replies":[{"embeddable":true,"href":"https:\/\/one-horizon.ch\/fr\/wp-json\/wp\/v2\/comments?post=104851"}],"wp:featuredmedia":[{"embeddable":true,"href":"https:\/\/one-horizon.ch\/fr\/wp-json\/wp\/v2\/media\/104857"}],"wp:attachment":[{"href":"https:\/\/one-horizon.ch\/fr\/wp-json\/wp\/v2\/media?parent=104851"}],"wp:term":[{"taxonomy":"product_brand","embeddable":true,"href":"https:\/\/one-horizon.ch\/fr\/wp-json\/wp\/v2\/product_brand?post=104851"},{"taxonomy":"product_cat","embeddable":true,"href":"https:\/\/one-horizon.ch\/fr\/wp-json\/wp\/v2\/product_cat?post=104851"},{"taxonomy":"product_tag","embeddable":true,"href":"https:\/\/one-horizon.ch\/fr\/wp-json\/wp\/v2\/product_tag?post=104851"}],"curies":[{"name":"wp","href":"https:\/\/api.w.org\/{rel}","templated":true}]}}