{"id":104865,"date":"2024-08-27T08:41:20","date_gmt":"2024-08-27T06:41:20","guid":{"rendered":"https:\/\/one-horizon.ch\/?post_type=product&#038;p=104865"},"modified":"2026-03-30T00:16:44","modified_gmt":"2026-03-29T22:16:44","slug":"kadastar-apero-set-trio","status":"publish","type":"product","link":"https:\/\/one-horizon.ch\/fr\/product\/kadastar-apero-set-trio\/","title":{"rendered":"Set d&#8217;ap\u00e9ritif &#8220;Trio"},"content":{"rendered":"<p>Le set ap\u00e9ritif &#8220;Trio&#8221; se distingue par son design \u00e0 la fois \u00e9l\u00e9gant et sobre, qui en fait un compagnon parfait pour toute d\u00e9coration de table. Id\u00e9al pour la pr\u00e9sentation de petits snacks, de d\u00e9licieuses sauces ou de fruits frais, ce set allie fonctionnalit\u00e9 et esth\u00e9tique pour une exp\u00e9rience gustative attrayante. <\/p>\n<p>&nbsp;<\/p>\n<p><strong>Contenu de la livraison \/ Sp\u00e9cifications<\/strong><\/p>\n<ul>\n<li><strong>Sous-assiette :<\/strong> 1 pi\u00e8ce, au choix parmi trois variantes de bois de qualit\u00e9 &#8211; h\u00eatre, fr\u00eane thermique ou ch\u00eane rustique. Toutes les variantes de bois sont certifi\u00e9es FSC\u00ae, dimensions : 50 x 14 x 2 cm, origine : Pologne. <\/li>\n<li><strong>Coupelles :<\/strong> 3 pi\u00e8ces, fabriqu\u00e9es en c\u00e9ramique blanche mate qui s\u00e9duit par sa sobri\u00e9t\u00e9 et son \u00e9l\u00e9gance, dimensions : \u00d8 10 x 6 cm.<\/li>\n<li><strong>Cuill\u00e8res \u00e0 sauce :<\/strong> 3 pi\u00e8ces, en acier inoxydable, dimensions : 13.6 x 3 cm, parfaitement form\u00e9es pour servir.<\/li>\n<\/ul>\n<p>&nbsp;<\/p>\n<p><strong>Variantes de bois et leurs caract\u00e9ristiques particuli\u00e8res<\/strong><\/p>\n<ul>\n<li><strong>Bois de h\u00eatre :<\/strong> classique et durable, id\u00e9al pour une ambiance intemporelle.<\/li>\n<li><strong>Fr\u00eane thermique :<\/strong> am\u00e9lior\u00e9 par traitement thermique, ce qui donne une couleur plus profonde et une texture plus uniforme, augmente la durabilit\u00e9.<\/li>\n<li><strong>Ch\u00eane rustique :<\/strong> Souligne le grain et la structure naturels du bois gr\u00e2ce \u00e0 un processus de traitement de surface sp\u00e9cial, conf\u00e9rant \u00e0 l&#8217;ensemble un aspect rustique incomparable.<\/li>\n<\/ul>\n<p>&nbsp;<\/p>\n<p><strong>Conseils d&#8217;entretien<\/strong><\/p>\n<ul>\n<li><strong>Bois :<\/strong> \u00e0 nettoyer \u00e0 la main avec de l&#8217;eau de rin\u00e7age ti\u00e8de et un chiffon doux ou une \u00e9ponge. Les produits abrasifs, acides et autres sont \u00e0 \u00e9viter. Le bois peut \u00eatre huil\u00e9 pour conserver sa beaut\u00e9. Ne convient pas au lave-vaisselle.   <\/li>\n<li><strong>Bols et cuill\u00e8res \u00e0 sauce :<\/strong> nettoyage sans effort possible au lave-vaisselle.<\/li>\n<\/ul>\n<p>&nbsp;<\/p>\n<p>Que ce soit pour une soir\u00e9e agr\u00e9able entre amis ou pour une pr\u00e9sentation sophistiqu\u00e9e lors d&#8217;occasions sp\u00e9ciales, le set d&#8217;ap\u00e9ritif &#8220;Trio&#8221; allie fonctionnalit\u00e9 et une touche de luxe. Gr\u00e2ce au choix entre trois variantes de bois, le set s&#8217;adapte parfaitement \u00e0 votre style d&#8217;am\u00e9nagement personnel. Faites de chaque repas un \u00e9v\u00e9nement sp\u00e9cial avec ce set exquis.  <\/p>\n","protected":false},"excerpt":{"rendered":"<p>L&#8217;\u00e9l\u00e9gant set ap\u00e9ritif &#8220;Trio&#8221; comprend 1 soucoupe en bois au choix (h\u00eatre\/fr\u00eane thermique\/ch\u00eane), 3 coupes en c\u00e9ramique &amp; 3 cuill\u00e8res en acier inoxydable. Id\u00e9al pour les snacks &amp; les sauces. <\/p>\n","protected":false},"featured_media":104874,"comment_status":"open","ping_status":"closed","template":"","meta":{"_acf_changed":false},"product_brand":[3010],"product_cat":[1280],"product_tag":[],"class_list":{"0":"post-104865","1":"product","2":"type-product","3":"status-publish","4":"has-post-thumbnail","6":"product_brand-kadastar","7":"product_cat-vaisselle","8":"product_shipping_class-colis-jusqua-2-kg","9":"pa_grosse-grand","10":"pa_grosse-petit","11":"pa_holz-bois-de-hetre","12":"pa_holz-chene-rustique","13":"pa_holz-frene-thermique","15":"first","16":"onbackorder","17":"taxable","18":"shipping-taxable","19":"purchasable","20":"product-type-variable"},"acf":[],"_links":{"self":[{"href":"https:\/\/one-horizon.ch\/fr\/wp-json\/wp\/v2\/product\/104865","targetHints":{"allow":["GET"]}}],"collection":[{"href":"https:\/\/one-horizon.ch\/fr\/wp-json\/wp\/v2\/product"}],"about":[{"href":"https:\/\/one-horizon.ch\/fr\/wp-json\/wp\/v2\/types\/product"}],"replies":[{"embeddable":true,"href":"https:\/\/one-horizon.ch\/fr\/wp-json\/wp\/v2\/comments?post=104865"}],"wp:featuredmedia":[{"embeddable":true,"href":"https:\/\/one-horizon.ch\/fr\/wp-json\/wp\/v2\/media\/104874"}],"wp:attachment":[{"href":"https:\/\/one-horizon.ch\/fr\/wp-json\/wp\/v2\/media?parent=104865"}],"wp:term":[{"taxonomy":"product_brand","embeddable":true,"href":"https:\/\/one-horizon.ch\/fr\/wp-json\/wp\/v2\/product_brand?post=104865"},{"taxonomy":"product_cat","embeddable":true,"href":"https:\/\/one-horizon.ch\/fr\/wp-json\/wp\/v2\/product_cat?post=104865"},{"taxonomy":"product_tag","embeddable":true,"href":"https:\/\/one-horizon.ch\/fr\/wp-json\/wp\/v2\/product_tag?post=104865"}],"curies":[{"name":"wp","href":"https:\/\/api.w.org\/{rel}","templated":true}]}}